{"id":11673,"date":"2025-02-07T10:45:14","date_gmt":"2025-02-07T07:45:14","guid":{"rendered":"https:\/\/idea-wood.com\/?page_id=11673"},"modified":"2025-04-30T12:53:50","modified_gmt":"2025-04-30T09:53:50","slug":"ozel-siparis","status":"publish","type":"page","link":"https:\/\/idea-wood.com\/en\/ozel-siparis\/","title":{"rendered":"Special Order"},"content":{"rendered":"<div data-elementor-type=\"wp-page\" data-elementor-id=\"11673\" class=\"elementor elementor-11673\">\n\t\t\t\t<div class=\"elementor-element elementor-element-d8ee813 e-flex e-con-boxed e-con e-parent\" data-id=\"d8ee813\" data-element_type=\"container\">\n\t\t\t\t\t<div class=\"e-con-inner\">\n\t\t<div class=\"elementor-element elementor-element-8959088 e-con-full e-flex e-con e-child\" data-id=\"8959088\" data-element_type=\"container\">\n\t\t\t\t<div class=\"elementor-element elementor-element-7c312dc elementor-widget__width-initial elementor-widget elementor-widget-text-editor\" data-id=\"7c312dc\" data-element_type=\"widget\" data-widget_type=\"text-editor.default\">\n\t\t\t\t<div class=\"elementor-widget-container\">\n\t\t\t\t\t\t\t\t\t<p>Ya\u015fam alan\u0131n\u0131z i\u00e7in do\u011fru do\u011fal ah\u015fap tasar\u0131m\u0131 se\u00e7mek, alan\u0131n\u0131z\u0131n ruhunu korumak ve do\u011fru konumland\u0131rmay\u0131 yapmak b\u00fcy\u00fck bir \u00f6zen ister. \u0130\u015fte tam da bu y\u00fczden, Idea Wood\u2019un uzman i\u00e7 mimar ekibi sizin i\u00e7in burada.<\/p><p>Portf\u00f6y\u00fcm\u00fczde yer alan el i\u015f\u00e7ili\u011fiyle \u00fcretilmi\u015f do\u011fal ah\u015fap mobilyalardan se\u00e7im yapabilir veya tamamen size \u00f6zel bir tasar\u0131m s\u00fcreci ba\u015flatabilirsiniz. Talebiniz ister bir masa, ister bir kitapl\u0131k, isterse geni\u015f \u00e7apl\u0131 bir k\u0131\u015f bah\u00e7esi ya da \u00e7iftlik evi projesi olsun, do\u011fal malzeme ve ustal\u0131kla ihtiya\u00e7lar\u0131n\u0131za \u00f6zel \u00e7\u00f6z\u00fcmler \u00fcretiyoruz.<\/p><p>Ki\u015fiye \u00f6zel tasar\u0131m hizmetimizle, ba\u015ftan sona projeler y\u00fcr\u00fct\u00fcyor, ya\u015fam alanlar\u0131n\u0131za do\u011fan\u0131n s\u0131cakl\u0131\u011f\u0131n\u0131 ve \u00f6zg\u00fcnl\u00fc\u011f\u00fcn\u00fc ta\u015f\u0131yoruz. Gerekli olan ke\u015fif, \u00f6l\u00e7\u00fcm ve analiz s\u00fcre\u00e7lerini T\u00fcrkiye\u2019nin her yerinde birebir ger\u00e7ekle\u015ftiriyor, talepleriniz do\u011frultusunda size \u00f6zel 3 boyutlu g\u00f6rseller haz\u0131rl\u0131yoruz.<\/p><p>Ortak bir tasar\u0131m vizyonunda bulu\u015ftu\u011fumuzda ise, \u00fcretim ve montaj a\u015famalar\u0131nda, Idea Wood\u2019un deneyimli ustalar\u0131yla hayallerinizi do\u011faya dokunan e\u015fsiz eserlere d\u00f6n\u00fc\u015ft\u00fcr\u00fcyoruz.<\/p><p>Do\u011fal ah\u015fab\u0131n e\u015fsiz dokusunu ya\u015fam alan\u0131n\u0131za ta\u015f\u0131mak i\u00e7in a\u015fa\u011f\u0131daki formu doldurarak bize ula\u015fabilirsiniz!<\/p>\t\t\t\t\t\t\t\t<\/div>\n\t\t\t\t<\/div>\n\t\t\t\t<div class=\"elementor-element elementor-element-d4546cd elementor-align-justify elementor-widget elementor-widget-button\" data-id=\"d4546cd\" data-element_type=\"widget\" data-widget_type=\"button.default\">\n\t\t\t\t<div class=\"elementor-widget-container\">\n\t\t\t\t\t\t\t\t\t<div class=\"elementor-button-wrapper\">\n\t\t\t\t\t<a class=\"elementor-button elementor-button-link elementor-size-sm\" href=\"#teklifal\">\n\t\t\t\t\t\t<span class=\"elementor-button-content-wrapper\">\n\t\t\t\t\t\t\t\t\t<span class=\"elementor-button-text\">Teklif Al<\/span>\n\t\t\t\t\t<\/span>\n\t\t\t\t\t<\/a>\n\t\t\t\t<\/div>\n\t\t\t\t\t\t\t\t<\/div>\n\t\t\t\t<\/div>\n\t\t\t\t<\/div>\n\t\t<div class=\"elementor-element elementor-element-2db7c6f e-con-full e-flex e-con e-child\" data-id=\"2db7c6f\" data-element_type=\"container\">\n\t\t\t\t<div class=\"elementor-element elementor-element-c3f567c elementor-widget elementor-widget-image\" data-id=\"c3f567c\" data-element_type=\"widget\" data-widget_type=\"image.default\">\n\t\t\t\t<div class=\"elementor-widget-container\">\n\t\t\t\t\t\t\t\t\t\t\t\t\t\t\t<img fetchpriority=\"high\" decoding=\"async\" width=\"1024\" height=\"1024\" src=\"https:\/\/idea-wood.com\/wp-content\/uploads\/2025\/04\/ChatGPT-Image-Apr-28-2025-11_09_15-PM.png\" class=\"attachment-large size-large wp-image-13507\" alt=\"\" srcset=\"https:\/\/idea-wood.com\/wp-content\/uploads\/2025\/04\/ChatGPT-Image-Apr-28-2025-11_09_15-PM.png 1024w, https:\/\/idea-wood.com\/wp-content\/uploads\/2025\/04\/ChatGPT-Image-Apr-28-2025-11_09_15-PM-768x768.png 768w, https:\/\/idea-wood.com\/wp-content\/uploads\/2025\/04\/ChatGPT-Image-Apr-28-2025-11_09_15-PM-12x12.png 12w, https:\/\/idea-wood.com\/wp-content\/uploads\/2025\/04\/ChatGPT-Image-Apr-28-2025-11_09_15-PM-800x800.png 800w, https:\/\/idea-wood.com\/wp-content\/uploads\/2025\/04\/ChatGPT-Image-Apr-28-2025-11_09_15-PM-100x100.png 100w\" sizes=\"(max-width: 1024px) 100vw, 1024px\" \/>\t\t\t\t\t\t\t\t\t\t\t\t\t\t\t<\/div>\n\t\t\t\t<\/div>\n\t\t\t\t<div class=\"elementor-element elementor-element-672b2f3 elementor-widget elementor-widget-image\" data-id=\"672b2f3\" data-element_type=\"widget\" data-widget_type=\"image.default\">\n\t\t\t\t<div class=\"elementor-widget-container\">\n\t\t\t\t\t\t\t\t\t\t\t\t\t\t\t<img decoding=\"async\" width=\"1024\" height=\"1536\" src=\"https:\/\/idea-wood.com\/wp-content\/uploads\/2025\/04\/ChatGPT-Image-Apr-28-2025-11_10_25-PM.png\" class=\"attachment-large size-large wp-image-13508\" alt=\"\" srcset=\"https:\/\/idea-wood.com\/wp-content\/uploads\/2025\/04\/ChatGPT-Image-Apr-28-2025-11_10_25-PM.png 1024w, https:\/\/idea-wood.com\/wp-content\/uploads\/2025\/04\/ChatGPT-Image-Apr-28-2025-11_10_25-PM-768x1152.png 768w, https:\/\/idea-wood.com\/wp-content\/uploads\/2025\/04\/ChatGPT-Image-Apr-28-2025-11_10_25-PM-8x12.png 8w, https:\/\/idea-wood.com\/wp-content\/uploads\/2025\/04\/ChatGPT-Image-Apr-28-2025-11_10_25-PM-800x1200.png 800w\" sizes=\"(max-width: 1024px) 100vw, 1024px\" \/>\t\t\t\t\t\t\t\t\t\t\t\t\t\t\t<\/div>\n\t\t\t\t<\/div>\n\t\t\t\t<\/div>\n\t\t\t\t\t<\/div>\n\t\t\t\t<\/div>\n\t\t<div class=\"elementor-element elementor-element-29eb32d e-flex e-con-boxed e-con e-parent\" data-id=\"29eb32d\" data-element_type=\"container\">\n\t\t\t\t\t<div class=\"e-con-inner\">\n\t\t\t\t<div class=\"elementor-element elementor-element-5157b27 elementor-widget elementor-widget-heading\" data-id=\"5157b27\" data-element_type=\"widget\" data-widget_type=\"heading.default\">\n\t\t\t\t<div class=\"elementor-widget-container\">\n\t\t\t\t\t<h3 class=\"elementor-heading-title elementor-size-default\">\u00d6zel Sipari\u015f i\u00e7in Teklif Al\u0131n<\/h3>\t\t\t\t<\/div>\n\t\t\t\t<\/div>\n\t\t\t\t<div class=\"elementor-element elementor-element-fd3872a elementor-widget elementor-widget-text-editor\" data-id=\"fd3872a\" data-element_type=\"widget\" id=\"teklifal\" data-widget_type=\"text-editor.default\">\n\t\t\t\t<div class=\"elementor-widget-container\">\n\t\t\t\t\t\t\t\t\t<p>Mimar\u0131m\u0131za akl\u0131na tak\u0131lan her \u015feyi sorabilir, t\u00fcm sorular\u0131na cevap bulabilirsin.<\/p>\t\t\t\t\t\t\t\t<\/div>\n\t\t\t\t<\/div>\n\t\t\t\t<div class=\"elementor-element elementor-element-3944d2c elementor-widget elementor-widget-shortcode\" data-id=\"3944d2c\" data-element_type=\"widget\" data-widget_type=\"shortcode.default\">\n\t\t\t\t<div class=\"elementor-widget-container\">\n\t\t\t\t\t\t\t<div class=\"elementor-shortcode\"><div class=\"forminator-ui forminator-custom-form forminator-custom-form-13615 forminator-design--default  forminator_ajax\" data-forminator-render=\"0\" data-form=\"forminator-module-13615\" data-uid=\"69e90883566e2\"><br\/><\/div><form\n\t\t\t\tid=\"forminator-module-13615\"\n\t\t\t\tclass=\"forminator-ui forminator-custom-form forminator-custom-form-13615 forminator-design--default  forminator_ajax\"\n\t\t\t\tmethod=\"post\"\n\t\t\t\tdata-forminator-render=\"0\"\n\t\t\t\tdata-form-id=\"13615\"\n\t\t\t\t\n\t\t\t\tdata-design=\"default\"\n\t\t\t\tdata-color-option=\"theme\"\n\t\t\t\t\n\t\t\t\t\n\t\t\t\t\n\t\t\t\tdata-grid=\"open\"\n\t\t\t\t\n\t\t\t\t\n\t\t\t\tstyle=\"display: none;\"\n\t\t\t\t\n\t\t\t\tdata-uid=\"69e90883566e2\" action=\"\"\n\t\t\t><div role=\"alert\" aria-live=\"polite\" class=\"forminator-response-message forminator-error\" aria-hidden=\"true\"><\/div><div class=\"forminator-row\"><div id=\"name-1\" class=\"forminator-field-name forminator-col forminator-col-6  namesurname\"><div class=\"forminator-field\"><input type=\"text\" name=\"name-1\" value=\"\" placeholder=\"Ad Soyad\" id=\"forminator-field-name-1_69e90883566e2\" class=\"forminator-input forminator-name--field\" aria-required=\"true\" \/><\/div><\/div><div id=\"email-1\" class=\"forminator-field-email forminator-col forminator-col-6  mailalan\"><div class=\"forminator-field\"><input type=\"email\" name=\"email-1\" value=\"\" placeholder=\"E-posta Adresi\" id=\"forminator-field-email-1_69e90883566e2\" class=\"forminator-input forminator-email--field\" data-required=\"1\" aria-required=\"true\" \/><\/div><\/div><\/div><div class=\"forminator-row\"><div id=\"phone-1\" class=\"forminator-field-phone forminator-col forminator-col-12  phone\"><div class=\"forminator-field\"><input type=\"text\" name=\"phone-1\" value=\"\" placeholder=\"Telefon\" id=\"forminator-field-phone-1_69e90883566e2\" class=\"forminator-input forminator-field--phone\" data-required=\"1\" aria-required=\"true\" autocomplete=\"off\" \/><\/div><\/div><\/div><div class=\"forminator-row\"><div id=\"textarea-1\" class=\"forminator-field-textarea forminator-col forminator-col-12  messagepanel\"><div class=\"forminator-field\"><textarea name=\"textarea-1\" placeholder=\"Mesaj\u0131n\u0131z\" id=\"forminator-field-textarea-1_69e90883566e2\" class=\"forminator-textarea\" rows=\"6\" style=\"min-height:140px;\" ><\/textarea><\/div><\/div><\/div><input type=\"hidden\" name=\"referer_url\" value=\"\" \/><div class=\"forminator-row forminator-row-last\"><div class=\"forminator-col\"><div class=\"forminator-field\"><button class=\"forminator-button forminator-button-submit gonderbtn\">Mimara Sor<\/button><\/div><\/div><\/div><input type=\"hidden\" id=\"forminator_nonce\" name=\"forminator_nonce\" value=\"98b9f913c2\" \/><input type=\"hidden\" name=\"_wp_http_referer\" value=\"\/en\/wp-json\/wp\/v2\/pages\/11673\" \/><input type=\"hidden\" name=\"form_id\" value=\"13615\"><input type=\"hidden\" name=\"page_id\" value=\"11673\"><input type=\"hidden\" name=\"form_type\" value=\"default\"><input type=\"hidden\" name=\"current_url\" value=\"https:\/\/idea-wood.com\/en\/ozel-siparis\/\"><input type=\"hidden\" name=\"render_id\" value=\"0\"><input type=\"hidden\" name=\"action\" value=\"forminator_submit_form_custom-forms\"><input type=\"hidden\" name=\"trp-form-language\" value=\"en\"\/><\/form><\/div>\n\t\t\t\t\t\t<\/div>\n\t\t\t\t<\/div>\n\t\t\t\t\t<\/div>\n\t\t\t\t<\/div>\n\t\t\t\t<\/div>","protected":false},"excerpt":{"rendered":"<p>Ya\u015fam alan\u0131n\u0131z i\u00e7in do\u011fru do\u011fal ah\u015fap tasar\u0131m\u0131 se\u00e7mek, alan\u0131n\u0131z\u0131n ruhunu korumak ve do\u011fru konumland\u0131rmay\u0131 yapmak b\u00fcy\u00fck bir \u00f6zen ister. \u0130\u015fte tam da bu y\u00fczden, Idea Wood\u2019un uzman i\u00e7 mimar ekibi sizin i\u00e7in burada. Portf\u00f6y\u00fcm\u00fczde yer alan el i\u015f\u00e7ili\u011fiyle \u00fcretilmi\u015f do\u011fal ah\u015fap mobilyalardan se\u00e7im yapabilir veya tamamen size \u00f6zel bir tasar\u0131m s\u00fcreci ba\u015flatabilirsiniz. Talebiniz ister bir [&hellip;]<\/p>","protected":false},"author":1,"featured_media":0,"parent":0,"menu_order":0,"comment_status":"closed","ping_status":"closed","template":"","meta":{"_joinchat":[],"footnotes":""},"class_list":["post-11673","page","type-page","status-publish","hentry"],"_links":{"self":[{"href":"https:\/\/idea-wood.com\/en\/wp-json\/wp\/v2\/pages\/11673","targetHints":{"allow":["GET"]}}],"collection":[{"href":"https:\/\/idea-wood.com\/en\/wp-json\/wp\/v2\/pages"}],"about":[{"href":"https:\/\/idea-wood.com\/en\/wp-json\/wp\/v2\/types\/page"}],"author":[{"embeddable":true,"href":"https:\/\/idea-wood.com\/en\/wp-json\/wp\/v2\/users\/1"}],"replies":[{"embeddable":true,"href":"https:\/\/idea-wood.com\/en\/wp-json\/wp\/v2\/comments?post=11673"}],"version-history":[{"count":0,"href":"https:\/\/idea-wood.com\/en\/wp-json\/wp\/v2\/pages\/11673\/revisions"}],"wp:attachment":[{"href":"https:\/\/idea-wood.com\/en\/wp-json\/wp\/v2\/media?parent=11673"}],"curies":[{"name":"wp","href":"https:\/\/api.w.org\/{rel}","templated":true}]}}