{"id":13099,"date":"2025-04-22T22:40:51","date_gmt":"2025-04-22T19:40:51","guid":{"rendered":"https:\/\/idea-wood.com\/?page_id=13099"},"modified":"2025-04-25T00:46:10","modified_gmt":"2025-04-24T21:46:10","slug":"mesafeli-satis-sozlesmesi","status":"publish","type":"page","link":"https:\/\/idea-wood.com\/en\/mesafeli-satis-sozlesmesi\/","title":{"rendered":"Mesafeli Sat\u0131\u015f S\u00f6zle\u015fmesi"},"content":{"rendered":"<div data-elementor-type=\"wp-page\" data-elementor-id=\"13099\" class=\"elementor elementor-13099\">\n\t\t\t\t<div class=\"elementor-element elementor-element-d512641 e-flex e-con-boxed e-con e-parent\" data-id=\"d512641\" data-element_type=\"container\">\n\t\t\t\t\t<div class=\"e-con-inner\">\n\t\t\t\t<div class=\"elementor-element elementor-element-bf8e52c elementor-widget elementor-widget-text-editor\" data-id=\"bf8e52c\" data-element_type=\"widget\" data-widget_type=\"text-editor.default\">\n\t\t\t\t<div class=\"elementor-widget-container\">\n\t\t\t\t\t\t\t\t\t<h2 class=\"\" data-start=\"298\" data-end=\"329\"><img decoding=\"async\" class=\"emoji\" role=\"img\" draggable=\"false\" src=\"https:\/\/s.w.org\/images\/core\/emoji\/15.1.0\/svg\/1f4dd.svg\" alt=\"\ud83d\udcdd\" \/> Mesafeli Sat\u0131\u015f S\u00f6zle\u015fmesi<\/h2><p class=\"\" data-start=\"331\" data-end=\"567\"><strong data-start=\"331\" data-end=\"365\">\u0130\u015fbu Mesafeli Sat\u0131\u015f S\u00f6zle\u015fmesi<\/strong>, a\u015fa\u011f\u0131da bilgileri bulunan ALICI ile SATICI aras\u0131nda, elektronik ortamda ger\u00e7ekle\u015ftirilen sat\u0131\u015flar i\u00e7in 6502 say\u0131l\u0131 T\u00fcketicinin Korunmas\u0131 Hakk\u0131nda Kanun ve ilgili Y\u00f6netmelikler uyar\u0131nca d\u00fczenlenmi\u015ftir.<\/p><hr class=\"\" data-start=\"569\" data-end=\"572\" \/><h3 class=\"\" data-start=\"574\" data-end=\"589\">1. TARAFLAR<\/h3><p class=\"\" data-start=\"591\" data-end=\"729\"><strong data-start=\"591\" data-end=\"602\">SATICI:<\/strong><br data-start=\"602\" data-end=\"605\" \/>\u0130dea Wood<br data-start=\"614\" data-end=\"617\" \/>Adres: <span style=\"color: #1f1f1f; font-family: Arial, sans-serif; font-size: 14px;\">Siteler, \u00d6nder, Ere\u011fli Cd. No:23 D:4, 06160 Alt\u0131nda\u011f\/Ankara<\/span><\/p><p class=\"\" data-start=\"591\" data-end=\"729\"><br data-start=\"647\" data-end=\"650\" \/>Telefon: <strong>+ 90 (312) 349 13 94<\/strong><br data-start=\"676\" data-end=\"679\" \/>E-posta: <a class=\"cursor-pointer\" rel=\"noopener\" data-start=\"688\" data-end=\"705\">info@ideawood.com<\/a><br data-start=\"705\" data-end=\"708\" \/>Web: <a class=\"\" href=\"http:\/\/www.ideawood.com\" target=\"_new\" rel=\"noopener\" data-start=\"713\" data-end=\"729\">www.ideawood.com<\/a><\/p><p class=\"\" data-start=\"731\" data-end=\"822\"><strong data-start=\"731\" data-end=\"741\">ALICI:<\/strong><br data-start=\"741\" data-end=\"744\" \/>[Al\u0131c\u0131n\u0131n sipari\u015f s\u0131ras\u0131nda belirtti\u011fi ad, soyad, adres ve ileti\u015fim bilgileri]<\/p><hr class=\"\" data-start=\"824\" data-end=\"827\" \/><h3 class=\"\" data-start=\"829\" data-end=\"840\">2. KONU<\/h3><p class=\"\" data-start=\"842\" data-end=\"1067\">\u0130\u015fbu s\u00f6zle\u015fme, ALICI\u2019n\u0131n <a class=\"\" href=\"http:\/\/www.ideawood.com\" target=\"_new\" rel=\"noopener\" data-start=\"867\" data-end=\"883\">www.ideawood.com<\/a> internet sitesi \u00fczerinden sipari\u015f verdi\u011fi, a\u015fa\u011f\u0131da nitelikleri ve sat\u0131\u015f fiyat\u0131 belirtilen \u00fcr\u00fcn\/hizmetin sat\u0131\u015f\u0131 ve teslimine ili\u015fkin olarak taraflar\u0131n hak ve y\u00fck\u00fcml\u00fcl\u00fcklerini d\u00fczenler.<\/p><hr class=\"\" data-start=\"1069\" data-end=\"1072\" \/><h3 class=\"\" data-start=\"1074\" data-end=\"1095\">3. \u00dcR\u00dcN B\u0130LG\u0130LER\u0130<\/h3><p class=\"\" data-start=\"1097\" data-end=\"1266\">\u00dcr\u00fcn\/Hizmet: [\u00dcr\u00fcn ad\u0131 ve a\u00e7\u0131klamas\u0131]<br data-start=\"1134\" data-end=\"1137\" \/>Adet: [Miktar]<br data-start=\"1151\" data-end=\"1154\" \/>Fiyat: [Birim fiyat]<br data-start=\"1174\" data-end=\"1177\" \/>Ara Toplam: [Toplam tutar]<br data-start=\"1203\" data-end=\"1206\" \/>Kargo \u00dccreti: [Varsa]<br data-start=\"1227\" data-end=\"1230\" \/>Genel Toplam: [Toplam tutar + kargo]<\/p><hr class=\"\" data-start=\"1268\" data-end=\"1271\" \/><h3 class=\"\" data-start=\"1273\" data-end=\"1288\">4. TESL\u0130MAT<\/h3><ul data-start=\"1290\" data-end=\"1670\"><li class=\"\" data-start=\"1290\" data-end=\"1346\"><p class=\"\" data-start=\"1292\" data-end=\"1346\">\u00dcr\u00fcn, ALICI taraf\u0131ndan belirtilen adrese g\u00f6nderilir.<\/p><\/li><li class=\"\" data-start=\"1347\" data-end=\"1463\"><p class=\"\" data-start=\"1349\" data-end=\"1463\">Teslimat s\u00fcresi, sipari\u015f onay\u0131ndan sonra stoklu \u00fcr\u00fcnler i\u00e7in 3-5 i\u015f g\u00fcn\u00fc, \u00f6zel \u00fcretim \u00fcr\u00fcnler i\u00e7in 2-4 haftad\u0131r.<\/p><\/li><li class=\"\" data-start=\"1464\" data-end=\"1561\"><p class=\"\" data-start=\"1466\" data-end=\"1561\">Teslimat, SATICI&#8217;n\u0131n anla\u015fmal\u0131 oldu\u011fu lojistik\/kargo firmalar\u0131 arac\u0131l\u0131\u011f\u0131yla ger\u00e7ekle\u015ftirilir.<\/p><\/li><li class=\"\" data-start=\"1562\" data-end=\"1670\"><p class=\"\" data-start=\"1564\" data-end=\"1670\">ALICI, teslim s\u0131ras\u0131nda \u00fcr\u00fcn\u00fc kontrol ederek hasarl\u0131 veya eksik \u00fcr\u00fcn varsa tutanak tutturmakla y\u00fck\u00fcml\u00fcd\u00fcr.<\/p><\/li><\/ul><hr class=\"\" data-start=\"1672\" data-end=\"1675\" \/><h3 class=\"\" data-start=\"1677\" data-end=\"1695\">5. CAYMA HAKKI<\/h3><ul data-start=\"1697\" data-end=\"2087\"><li class=\"\" data-start=\"1697\" data-end=\"1823\"><p class=\"\" data-start=\"1699\" data-end=\"1823\">ALICI, 14 (on d\u00f6rt) g\u00fcn i\u00e7inde hi\u00e7bir gerek\u00e7e g\u00f6stermeksizin ve cezai \u015fart \u00f6demeksizin s\u00f6zle\u015fmeden cayma hakk\u0131na sahiptir.<\/p><\/li><li class=\"\" data-start=\"1824\" data-end=\"1903\"><p class=\"\" data-start=\"1826\" data-end=\"1903\">Cayma hakk\u0131 s\u00fcresi, \u00fcr\u00fcn\u00fcn ALICI\u2019ya teslim edildi\u011fi g\u00fcnden itibaren ba\u015flar.<\/p><\/li><li class=\"\" data-start=\"1904\" data-end=\"2011\"><p class=\"\" data-start=\"1906\" data-end=\"2011\"><strong data-start=\"1906\" data-end=\"2009\">\u00d6zel \u00f6l\u00e7\u00fcye g\u00f6re \u00fcretilmi\u015f \u00fcr\u00fcnler ve ki\u015fiselle\u015ftirilmi\u015f sipari\u015flerde cayma hakk\u0131 ge\u00e7erli de\u011fildir.<\/strong><\/p><\/li><li class=\"\" data-start=\"2012\" data-end=\"2087\"><p class=\"\" data-start=\"2014\" data-end=\"2087\">Cayma hakk\u0131 i\u00e7in <a class=\"cursor-pointer\" rel=\"noopener\" data-start=\"2031\" data-end=\"2048\">info@ideawood.com<\/a> adresine yaz\u0131l\u0131 bildirim yap\u0131lmal\u0131d\u0131r.<\/p><\/li><\/ul><hr class=\"\" data-start=\"2089\" data-end=\"2092\" \/><h3 class=\"\" data-start=\"2094\" data-end=\"2115\">6. \u0130ADE KO\u015eULLARI<\/h3><ul data-start=\"2117\" data-end=\"2362\"><li class=\"\" data-start=\"2117\" data-end=\"2227\"><p class=\"\" data-start=\"2119\" data-end=\"2227\">Cayma hakk\u0131n\u0131n kullan\u0131lmas\u0131 halinde, \u00fcr\u00fcn kullan\u0131lmam\u0131\u015f, zarar g\u00f6rmemi\u015f ve orijinal ambalaj\u0131nda olmal\u0131d\u0131r.<\/p><\/li><li class=\"\" data-start=\"2228\" data-end=\"2266\"><p class=\"\" data-start=\"2230\" data-end=\"2266\">\u0130ade kargo \u00fccreti ALICI\u2019ya aittir.<\/p><\/li><li class=\"\" data-start=\"2267\" data-end=\"2362\"><p class=\"\" data-start=\"2269\" data-end=\"2362\">SATICI, iade edilen \u00fcr\u00fcn\u00fc teslim ald\u0131ktan sonra en ge\u00e7 14 g\u00fcn i\u00e7inde \u00fcr\u00fcn bedelini iade eder.<\/p><\/li><\/ul><hr class=\"\" data-start=\"2364\" data-end=\"2367\" \/><h3 class=\"\" data-start=\"2369\" data-end=\"2390\">7. GENEL H\u00dcK\u00dcMLER<\/h3><ul data-start=\"2392\" data-end=\"2658\"><li class=\"\" data-start=\"2392\" data-end=\"2468\"><p class=\"\" data-start=\"2394\" data-end=\"2468\">ALICI, i\u015fbu s\u00f6zle\u015fmeyi okuyup kabul etti\u011fini elektronik ortamda onaylar.<\/p><\/li><li class=\"\" data-start=\"2469\" data-end=\"2545\"><p class=\"\" data-start=\"2471\" data-end=\"2545\">Web sitesi \u00fczerinden verilen her sipari\u015f bu s\u00f6zle\u015fme \u015fartlar\u0131na tabidir.<\/p><\/li><li class=\"\" data-start=\"2546\" data-end=\"2658\"><p class=\"\" data-start=\"2548\" data-end=\"2658\">ALICI, \u00fcr\u00fcn\/hizmet ile ilgili \u00f6n bilgileri, \u00f6deme ve teslimat \u015fartlar\u0131n\u0131 okudu\u011funu ve onaylad\u0131\u011f\u0131n\u0131 kabul eder.<\/p><\/li><\/ul><hr class=\"\" data-start=\"2660\" data-end=\"2663\" \/><h3 class=\"\" data-start=\"2665\" data-end=\"2687\">8. YETK\u0130L\u0130 MAHKEME<\/h3><p class=\"\" data-start=\"2689\" data-end=\"2795\">\u0130\u015fbu s\u00f6zle\u015fmeden do\u011fabilecek uyu\u015fmazl\u0131klarda, T\u00fcketici Hakem Heyetleri ve T\u00fcketici Mahkemeleri yetkilidir.<\/p><hr class=\"\" data-start=\"2797\" data-end=\"2800\" \/><h3 class=\"\" data-start=\"2802\" data-end=\"2817\">9. Y\u00dcR\u00dcRL\u00dcK<\/h3><p class=\"\" data-start=\"2819\" data-end=\"2912\">ALICI, bu s\u00f6zle\u015fmeyi elektronik ortamda onaylayarak, belirtilen \u015fartlar\u0131 kabul etmi\u015f say\u0131l\u0131r.<\/p>\t\t\t\t\t\t\t\t<\/div>\n\t\t\t\t<\/div>\n\t\t\t\t\t<\/div>\n\t\t\t\t<\/div>\n\t\t\t\t<\/div>","protected":false},"excerpt":{"rendered":"<p>Mesafeli Sat\u0131\u015f S\u00f6zle\u015fmesi \u0130\u015fbu Mesafeli Sat\u0131\u015f S\u00f6zle\u015fmesi, a\u015fa\u011f\u0131da bilgileri bulunan ALICI ile SATICI aras\u0131nda, elektronik ortamda ger\u00e7ekle\u015ftirilen sat\u0131\u015flar i\u00e7in 6502 say\u0131l\u0131 T\u00fcketicinin Korunmas\u0131 Hakk\u0131nda Kanun ve ilgili Y\u00f6netmelikler uyar\u0131nca d\u00fczenlenmi\u015ftir. 1. TARAFLAR SATICI:\u0130dea WoodAdres: Siteler, \u00d6nder, Ere\u011fli Cd. No:23 D:4, 06160 Alt\u0131nda\u011f\/Ankara Telefon: + 90 (312) 349 13 94E-posta: info@ideawood.comWeb: www.ideawood.com ALICI:[Al\u0131c\u0131n\u0131n sipari\u015f s\u0131ras\u0131nda belirtti\u011fi [&hellip;]<\/p>","protected":false},"author":1,"featured_media":0,"parent":0,"menu_order":0,"comment_status":"closed","ping_status":"closed","template":"","meta":{"_joinchat":[],"footnotes":""},"class_list":["post-13099","page","type-page","status-publish","hentry"],"_links":{"self":[{"href":"https:\/\/idea-wood.com\/en\/wp-json\/wp\/v2\/pages\/13099","targetHints":{"allow":["GET"]}}],"collection":[{"href":"https:\/\/idea-wood.com\/en\/wp-json\/wp\/v2\/pages"}],"about":[{"href":"https:\/\/idea-wood.com\/en\/wp-json\/wp\/v2\/types\/page"}],"author":[{"embeddable":true,"href":"https:\/\/idea-wood.com\/en\/wp-json\/wp\/v2\/users\/1"}],"replies":[{"embeddable":true,"href":"https:\/\/idea-wood.com\/en\/wp-json\/wp\/v2\/comments?post=13099"}],"version-history":[{"count":0,"href":"https:\/\/idea-wood.com\/en\/wp-json\/wp\/v2\/pages\/13099\/revisions"}],"wp:attachment":[{"href":"https:\/\/idea-wood.com\/en\/wp-json\/wp\/v2\/media?parent=13099"}],"curies":[{"name":"wp","href":"https:\/\/api.w.org\/{rel}","templated":true}]}}