{"id":609,"date":"2020-10-13T07:28:49","date_gmt":"2020-10-13T07:28:49","guid":{"rendered":"http:\/\/localhost\/razzi\/?page_id=609"},"modified":"2025-04-25T00:26:52","modified_gmt":"2025-04-24T21:26:52","slug":"sikca-sorulanlar","status":"publish","type":"page","link":"https:\/\/idea-wood.com\/en\/sikca-sorulanlar\/","title":{"rendered":"S\u0131k\u00e7a Sorulanlar"},"content":{"rendered":"<div data-elementor-type=\"wp-page\" data-elementor-id=\"609\" class=\"elementor elementor-609\">\n\t\t\t\t\t\t<section class=\"elementor-section elementor-top-section elementor-element elementor-element-c22eabf elementor-section-boxed elementor-section-height-default elementor-section-height-default\" data-id=\"c22eabf\" data-element_type=\"section\">\n\t\t\t\t\t\t<div class=\"elementor-container elementor-column-gap-extended\">\n\t\t\t\t\t<div class=\"elementor-column elementor-col-16 elementor-top-column elementor-element elementor-element-eb69a9e elementor-hidden-tablet elementor-hidden-phone\" data-id=\"eb69a9e\" data-element_type=\"column\">\n\t\t\t<div class=\"elementor-widget-wrap\">\n\t\t\t\t\t\t\t<\/div>\n\t\t<\/div>\n\t\t\t\t<div class=\"elementor-column elementor-col-66 elementor-top-column elementor-element elementor-element-4c5906c\" data-id=\"4c5906c\" data-element_type=\"column\">\n\t\t\t<div class=\"elementor-widget-wrap elementor-element-populated\">\n\t\t\t\t\t\t<div class=\"elementor-element elementor-element-401bed2 elementor-widget elementor-widget-razzi-faq\" data-id=\"401bed2\" data-element_type=\"widget\" data-settings=\"{&quot;status&quot;:&quot;yes&quot;}\" data-widget_type=\"razzi-faq.default\">\n\t\t\t\t<div class=\"elementor-widget-container\">\n\t\t\t\t\t<div class=\"razzi-faq\"><div class=\"box-content active\"><h2 class=\"faq-title\">1. \u00dcr\u00fcnleriniz ger\u00e7ekten tamamen do\u011fal a\u011fa\u00e7tan m\u0131 yap\u0131l\u0131yor?<span class=\"razzi-svg-icon razzi-svg-default\"><svg aria-hidden=\"true\" role=\"img\" focusable=\"false\" xmlns=\"http:\/\/www.w3.org\/2000\/svg\" width=\"24\" height=\"24\" viewbox=\"0 0 24 24\" fill=\"none\" stroke=\"currentColor\" stroke-width=\"2\" stroke-linecap=\"round\" stroke-linejoin=\"round\"><polyline points=\"6 9 12 15 18 9\"><\/polyline><\/svg><\/span><\/h2> <div class=\"faq-desc\"><p>Evet, t\u00fcm \u00fcr\u00fcnlerimiz %100 do\u011fal masif a\u011fa\u00e7tan \u00fcretilmektedir. Sunta, MDF veya kaplama malzeme kullan\u0131lmaz.<\/p><\/div><\/div><div class=\"box-content\"><h2 class=\"faq-title\">2. Hangi a\u011fa\u00e7 t\u00fcrlerini kullan\u0131yorsunuz?<span class=\"razzi-svg-icon razzi-svg-default\"><svg aria-hidden=\"true\" role=\"img\" focusable=\"false\" xmlns=\"http:\/\/www.w3.org\/2000\/svg\" width=\"24\" height=\"24\" viewbox=\"0 0 24 24\" fill=\"none\" stroke=\"currentColor\" stroke-width=\"2\" stroke-linecap=\"round\" stroke-linejoin=\"round\"><polyline points=\"6 9 12 15 18 9\"><\/polyline><\/svg><\/span><\/h2> <div class=\"faq-desc\"><p>Genellikle me\u015fe, ceviz, \u00e7am ve kestane gibi uzun \u00f6m\u00fcrl\u00fc ve kaliteli a\u011fa\u00e7 t\u00fcrlerini tercih ediyoruz. \u00dcr\u00fcn detaylar\u0131nda hangi a\u011fa\u00e7 kullan\u0131ld\u0131\u011f\u0131 belirtilir.<\/p><\/div><\/div><div class=\"box-content\"><h2 class=\"faq-title\">3. Sipari\u015f verdi\u011fim \u00fcr\u00fcn tam olarak foto\u011fraftaki gibi mi olur?<span class=\"razzi-svg-icon razzi-svg-default\"><svg aria-hidden=\"true\" role=\"img\" focusable=\"false\" xmlns=\"http:\/\/www.w3.org\/2000\/svg\" width=\"24\" height=\"24\" viewbox=\"0 0 24 24\" fill=\"none\" stroke=\"currentColor\" stroke-width=\"2\" stroke-linecap=\"round\" stroke-linejoin=\"round\"><polyline points=\"6 9 12 15 18 9\"><\/polyline><\/svg><\/span><\/h2> <div class=\"faq-desc\"><p>Ah\u015fap do\u011fal bir malzeme oldu\u011fu i\u00e7in damar yap\u0131s\u0131, renk tonu gibi detaylarda k\u00fc\u00e7\u00fck farkl\u0131l\u0131klar olabilir. Ancak \u00f6l\u00e7\u00fcler ve genel tasar\u0131m foto\u011fraflarla birebir ayn\u0131d\u0131r.<\/p><\/div><\/div><div class=\"box-content\"><h2 class=\"faq-title\">4. \u00d6zel \u00f6l\u00e7\u00fc sipari\u015f verebilir miyim?<span class=\"razzi-svg-icon razzi-svg-default\"><svg aria-hidden=\"true\" role=\"img\" focusable=\"false\" xmlns=\"http:\/\/www.w3.org\/2000\/svg\" width=\"24\" height=\"24\" viewbox=\"0 0 24 24\" fill=\"none\" stroke=\"currentColor\" stroke-width=\"2\" stroke-linecap=\"round\" stroke-linejoin=\"round\"><polyline points=\"6 9 12 15 18 9\"><\/polyline><\/svg><\/span><\/h2> <div class=\"faq-desc\"><p>Evet, ki\u015fiye \u00f6zel \u00f6l\u00e7\u00fclerde ve tasar\u0131mlarda mobilya \u00fcretimi yap\u0131yoruz. \u00d6zel sipari\u015fler i\u00e7in bizimle ileti\u015fime ge\u00e7meniz yeterli.<\/p><\/div><\/div><div class=\"box-content\"><h2 class=\"faq-title\">5. Teslimat s\u00fcresi ne kadar?<span class=\"razzi-svg-icon razzi-svg-default\"><svg aria-hidden=\"true\" role=\"img\" focusable=\"false\" xmlns=\"http:\/\/www.w3.org\/2000\/svg\" width=\"24\" height=\"24\" viewbox=\"0 0 24 24\" fill=\"none\" stroke=\"currentColor\" stroke-width=\"2\" stroke-linecap=\"round\" stroke-linejoin=\"round\"><polyline points=\"6 9 12 15 18 9\"><\/polyline><\/svg><\/span><\/h2> <div class=\"faq-desc\"><p>Stokta olan \u00fcr\u00fcnler 3-5 i\u015f g\u00fcn\u00fc i\u00e7inde kargoya verilir. \u00d6zel \u00fcretim sipari\u015flerde bu s\u00fcre 2-4 hafta aras\u0131nda de\u011fi\u015febilir.<\/p><\/div><\/div><div class=\"box-content\"><h2 class=\"faq-title\">6. \u00dcr\u00fcnlerin montaj\u0131 nas\u0131l yap\u0131l\u0131r?<span class=\"razzi-svg-icon razzi-svg-default\"><svg aria-hidden=\"true\" role=\"img\" focusable=\"false\" xmlns=\"http:\/\/www.w3.org\/2000\/svg\" width=\"24\" height=\"24\" viewbox=\"0 0 24 24\" fill=\"none\" stroke=\"currentColor\" stroke-width=\"2\" stroke-linecap=\"round\" stroke-linejoin=\"round\"><polyline points=\"6 9 12 15 18 9\"><\/polyline><\/svg><\/span><\/h2> <div class=\"faq-desc\"><p>Baz\u0131 \u00fcr\u00fcnler demonte g\u00f6nderilir ve kolay montaj k\u0131lavuzu ile birlikte gelir. \u0130sterseniz montaj hizmeti de sunuyoruz.<\/p><\/div><\/div><div class=\"box-content\"><h2 class=\"faq-title\">7. \u00dcr\u00fcnlerin bak\u0131m\u0131 nas\u0131l yap\u0131lmal\u0131?<span class=\"razzi-svg-icon razzi-svg-default\"><svg aria-hidden=\"true\" role=\"img\" focusable=\"false\" xmlns=\"http:\/\/www.w3.org\/2000\/svg\" width=\"24\" height=\"24\" viewbox=\"0 0 24 24\" fill=\"none\" stroke=\"currentColor\" stroke-width=\"2\" stroke-linecap=\"round\" stroke-linejoin=\"round\"><polyline points=\"6 9 12 15 18 9\"><\/polyline><\/svg><\/span><\/h2> <div class=\"faq-desc\"><p>Do\u011fal ah\u015fap \u00fcr\u00fcnlerimizi nemli bezle silerek temizleyebilirsiniz. Kimyasal temizleyicilerden ka\u00e7\u0131n\u0131lmal\u0131, belirli aral\u0131klarla do\u011fal ya\u011flarla bak\u0131m yap\u0131lmal\u0131d\u0131r.<\/p><\/div><\/div><div class=\"box-content\"><h2 class=\"faq-title\">8. \u0130ade ve de\u011fi\u015fim ko\u015fullar\u0131n\u0131z nedir?<span class=\"razzi-svg-icon razzi-svg-default\"><svg aria-hidden=\"true\" role=\"img\" focusable=\"false\" xmlns=\"http:\/\/www.w3.org\/2000\/svg\" width=\"24\" height=\"24\" viewbox=\"0 0 24 24\" fill=\"none\" stroke=\"currentColor\" stroke-width=\"2\" stroke-linecap=\"round\" stroke-linejoin=\"round\"><polyline points=\"6 9 12 15 18 9\"><\/polyline><\/svg><\/span><\/h2> <div class=\"faq-desc\"><p>Kullan\u0131lmam\u0131\u015f ve zarar g\u00f6rmemi\u015f \u00fcr\u00fcnleri 14 g\u00fcn i\u00e7inde iade edebilirsiniz. \u00d6zel \u00fcretim \u00fcr\u00fcnlerde iade yap\u0131lamamaktad\u0131r.<\/p><\/div><\/div><div class=\"box-content\"><h2 class=\"faq-title\">9. Hangi kargo\/lojistik firmalar\u0131yla \u00e7al\u0131\u015f\u0131yorsunuz?<span class=\"razzi-svg-icon razzi-svg-default\"><svg aria-hidden=\"true\" role=\"img\" focusable=\"false\" xmlns=\"http:\/\/www.w3.org\/2000\/svg\" width=\"24\" height=\"24\" viewbox=\"0 0 24 24\" fill=\"none\" stroke=\"currentColor\" stroke-width=\"2\" stroke-linecap=\"round\" stroke-linejoin=\"round\"><polyline points=\"6 9 12 15 18 9\"><\/polyline><\/svg><\/span><\/h2> <div class=\"faq-desc\"><p>Mobilya t\u00fcr\u00fcne ve teslimat adresine g\u00f6re de\u011fi\u015fiklik g\u00f6sterir. Genellikle profesyonel mobilya ta\u015f\u0131ma firmalar\u0131 ile \u00e7al\u0131\u015fmaktay\u0131z.<\/p><\/div><\/div><div class=\"box-content\"><h2 class=\"faq-title\">10. Ma\u011fazan\u0131z var m\u0131, \u00fcr\u00fcnleri yerinde g\u00f6rebilir miyim?<span class=\"razzi-svg-icon razzi-svg-default\"><svg aria-hidden=\"true\" role=\"img\" focusable=\"false\" xmlns=\"http:\/\/www.w3.org\/2000\/svg\" width=\"24\" height=\"24\" viewbox=\"0 0 24 24\" fill=\"none\" stroke=\"currentColor\" stroke-width=\"2\" stroke-linecap=\"round\" stroke-linejoin=\"round\"><polyline points=\"6 9 12 15 18 9\"><\/polyline><\/svg><\/span><\/h2> <div class=\"faq-desc\"><p>Evet, at\u00f6lyemizi ziyaret ederek \u00fcr\u00fcnlerimizi yerinde inceleyebilirsiniz. Randevu almak i\u00e7in ileti\u015fime ge\u00e7meniz yeterli.<\/p><\/div><\/div><\/div>\t\t\t\t<\/div>\n\t\t\t\t<\/div>\n\t\t\t\t\t<\/div>\n\t\t<\/div>\n\t\t\t\t<div class=\"elementor-column elementor-col-16 elementor-top-column elementor-element elementor-element-a422420 elementor-hidden-tablet elementor-hidden-phone\" data-id=\"a422420\" data-element_type=\"column\">\n\t\t\t<div class=\"elementor-widget-wrap\">\n\t\t\t\t\t\t\t<\/div>\n\t\t<\/div>\n\t\t\t\t\t<\/div>\n\t\t<\/section>\n\t\t\t\t<\/div>","protected":false},"excerpt":{"rendered":"<p>1. \u00dcr\u00fcnleriniz ger\u00e7ekten tamamen do\u011fal a\u011fa\u00e7tan m\u0131 yap\u0131l\u0131yor? Evet, t\u00fcm \u00fcr\u00fcnlerimiz %100 do\u011fal masif a\u011fa\u00e7tan \u00fcretilmektedir. Sunta, MDF veya kaplama malzeme kullan\u0131lmaz. 2. Hangi a\u011fa\u00e7 t\u00fcrlerini kullan\u0131yorsunuz? Genellikle me\u015fe, ceviz, \u00e7am ve kestane gibi uzun \u00f6m\u00fcrl\u00fc ve kaliteli a\u011fa\u00e7 t\u00fcrlerini tercih ediyoruz. \u00dcr\u00fcn detaylar\u0131nda hangi a\u011fa\u00e7 kullan\u0131ld\u0131\u011f\u0131 belirtilir. 3. Sipari\u015f verdi\u011fim \u00fcr\u00fcn tam olarak foto\u011fraftaki [&hellip;]<\/p>","protected":false},"author":1,"featured_media":0,"parent":0,"menu_order":0,"comment_status":"closed","ping_status":"closed","template":"","meta":{"_joinchat":[],"footnotes":""},"class_list":["post-609","page","type-page","status-publish","hentry"],"_links":{"self":[{"href":"https:\/\/idea-wood.com\/en\/wp-json\/wp\/v2\/pages\/609","targetHints":{"allow":["GET"]}}],"collection":[{"href":"https:\/\/idea-wood.com\/en\/wp-json\/wp\/v2\/pages"}],"about":[{"href":"https:\/\/idea-wood.com\/en\/wp-json\/wp\/v2\/types\/page"}],"author":[{"embeddable":true,"href":"https:\/\/idea-wood.com\/en\/wp-json\/wp\/v2\/users\/1"}],"replies":[{"embeddable":true,"href":"https:\/\/idea-wood.com\/en\/wp-json\/wp\/v2\/comments?post=609"}],"version-history":[{"count":0,"href":"https:\/\/idea-wood.com\/en\/wp-json\/wp\/v2\/pages\/609\/revisions"}],"wp:attachment":[{"href":"https:\/\/idea-wood.com\/en\/wp-json\/wp\/v2\/media?parent=609"}],"curies":[{"name":"wp","href":"https:\/\/api.w.org\/{rel}","templated":true}]}}