{"id":11388,"date":"2025-02-06T11:08:38","date_gmt":"2025-02-06T08:08:38","guid":{"rendered":"https:\/\/idea-wood.com\/?post_type=product&#038;p=11388"},"modified":"2025-04-25T21:51:22","modified_gmt":"2025-04-25T18:51:22","slug":"kara-tahta","status":"publish","type":"product","link":"https:\/\/idea-wood.com\/en\/product\/kara-tahta\/","title":{"rendered":"Kara Tahta"},"content":{"rendered":"","protected":false},"excerpt":{"rendered":"<p>&#8216;-100% Rustik masif ah\u015fap \u00e7er\u00e7eve<\/p>\n<p>-Ya\u011flanm\u0131\u015f ah\u015fap y\u00fczey<\/p>\n<p>-Farkl\u0131 renk ve a\u011fa\u00e7lardan da imal edilebilir<\/p>","protected":false},"featured_media":0,"comment_status":"open","ping_status":"closed","template":"","meta":{"_joinchat":[]},"product_brand":[],"product_cat":[242,15],"product_tag":[],"class_list":{"0":"post-11388","1":"product","2":"type-product","3":"status-publish","5":"product_cat-ayna-cerceve","6":"product_cat-genel","8":"first","9":"instock","10":"taxable","11":"shipping-taxable","12":"product-type-simple"},"_links":{"self":[{"href":"https:\/\/idea-wood.com\/en\/wp-json\/wp\/v2\/product\/11388","targetHints":{"allow":["GET"]}}],"collection":[{"href":"https:\/\/idea-wood.com\/en\/wp-json\/wp\/v2\/product"}],"about":[{"href":"https:\/\/idea-wood.com\/en\/wp-json\/wp\/v2\/types\/product"}],"replies":[{"embeddable":true,"href":"https:\/\/idea-wood.com\/en\/wp-json\/wp\/v2\/comments?post=11388"}],"version-history":[{"count":0,"href":"https:\/\/idea-wood.com\/en\/wp-json\/wp\/v2\/product\/11388\/revisions"}],"wp:attachment":[{"href":"https:\/\/idea-wood.com\/en\/wp-json\/wp\/v2\/media?parent=11388"}],"wp:term":[{"taxonomy":"product_brand","embeddable":true,"href":"https:\/\/idea-wood.com\/en\/wp-json\/wp\/v2\/product_brand?post=11388"},{"taxonomy":"product_cat","embeddable":true,"href":"https:\/\/idea-wood.com\/en\/wp-json\/wp\/v2\/product_cat?post=11388"},{"taxonomy":"product_tag","embeddable":true,"href":"https:\/\/idea-wood.com\/en\/wp-json\/wp\/v2\/product_tag?post=11388"}],"curies":[{"name":"wp","href":"https:\/\/api.w.org\/{rel}","templated":true}]}}