{"id":11391,"date":"2025-02-06T11:08:38","date_gmt":"2025-02-06T08:08:38","guid":{"rendered":"https:\/\/idea-wood.com\/?post_type=product&#038;p=11391"},"modified":"2025-02-06T11:08:42","modified_gmt":"2025-02-06T08:08:42","slug":"kup-tabure-sehpa","status":"publish","type":"product","link":"https:\/\/idea-wood.com\/en\/product\/kup-tabure-sehpa\/","title":{"rendered":"K\u00fcp Tabure Sehpa"},"content":{"rendered":"","protected":false},"excerpt":{"rendered":"<p>&#8216;-100% Rustik masif ah\u015fap g\u00f6vde<\/p>\n<p>-Ya\u011flanm\u0131\u015f ah\u015fap y\u00fczey<\/p>\n<p>-Farkl\u0131 renk ve a\u011fa\u00e7lardan da imal edilmi\u015ftir.<\/p>\n<p>-\u00d6l\u00e7\u00fcleri : 30x30x45cm<\/p>","protected":false},"featured_media":0,"comment_status":"open","ping_status":"closed","template":"","meta":{"_joinchat":[]},"product_brand":[],"product_cat":[15],"product_tag":[],"class_list":{"0":"post-11391","1":"product","2":"type-product","3":"status-publish","5":"product_cat-genel","7":"first","8":"instock","9":"taxable","10":"shipping-taxable","11":"product-type-simple"},"_links":{"self":[{"href":"https:\/\/idea-wood.com\/en\/wp-json\/wp\/v2\/product\/11391","targetHints":{"allow":["GET"]}}],"collection":[{"href":"https:\/\/idea-wood.com\/en\/wp-json\/wp\/v2\/product"}],"about":[{"href":"https:\/\/idea-wood.com\/en\/wp-json\/wp\/v2\/types\/product"}],"replies":[{"embeddable":true,"href":"https:\/\/idea-wood.com\/en\/wp-json\/wp\/v2\/comments?post=11391"}],"version-history":[{"count":0,"href":"https:\/\/idea-wood.com\/en\/wp-json\/wp\/v2\/product\/11391\/revisions"}],"wp:attachment":[{"href":"https:\/\/idea-wood.com\/en\/wp-json\/wp\/v2\/media?parent=11391"}],"wp:term":[{"taxonomy":"product_brand","embeddable":true,"href":"https:\/\/idea-wood.com\/en\/wp-json\/wp\/v2\/product_brand?post=11391"},{"taxonomy":"product_cat","embeddable":true,"href":"https:\/\/idea-wood.com\/en\/wp-json\/wp\/v2\/product_cat?post=11391"},{"taxonomy":"product_tag","embeddable":true,"href":"https:\/\/idea-wood.com\/en\/wp-json\/wp\/v2\/product_tag?post=11391"}],"curies":[{"name":"wp","href":"https:\/\/api.w.org\/{rel}","templated":true}]}}