{"id":11392,"date":"2025-02-06T11:08:38","date_gmt":"2025-02-06T08:08:38","guid":{"rendered":"https:\/\/idea-wood.com\/?post_type=product&#038;p=11392"},"modified":"2025-04-25T21:52:02","modified_gmt":"2025-04-25T18:52:02","slug":"mantar-sehpa-takimi-3lu","status":"publish","type":"product","link":"https:\/\/idea-wood.com\/en\/product\/mantar-sehpa-takimi-3lu\/","title":{"rendered":"Mantar Sehpa Tak\u0131m\u0131 3&#8217;l\u00fc"},"content":{"rendered":"<p>&#8216;-Kiraz masif ah\u015fap<\/p>\n<p>-Ya\u011flanm\u0131\u015f ah\u015fap y\u00fczey<\/p>\n<p>-Zigon Sehpa 3l\u00fc<\/p>\n<p>\u00d6l\u00e7\u00fcleri:<\/p>\n<p>\u00c7ap 35cm<\/p>\n<p>Uzunluk: 42-47-52cm<\/p>","protected":false},"excerpt":{"rendered":"<p>&#8216;-Kiraz masif ah\u015fap<\/p>\n<p>-Ya\u011flanm\u0131\u015f ah\u015fap y\u00fczey<\/p>\n<p>-Zigon Sehpa 3l\u00fc<\/p>\n<p>\u00d6l\u00e7\u00fcleri:<\/p>\n<p>\u00c7ap 35cm<\/p>\n<p>Uzunluk: 42-47-52cm<\/p>","protected":false},"featured_media":0,"comment_status":"closed","ping_status":"closed","template":"","meta":{"_joinchat":[]},"product_brand":[],"product_cat":[15,218,219],"product_tag":[],"class_list":{"0":"post-11392","1":"product","2":"type-product","3":"status-publish","5":"product_cat-genel","6":"product_cat-sehpa","7":"product_cat-zigon-sehpa","8":"product_shipping_class-kargo-aksesuar","10":"first","11":"instock","12":"sale","13":"taxable","14":"shipping-taxable","15":"purchasable","16":"product-type-simple"},"_links":{"self":[{"href":"https:\/\/idea-wood.com\/en\/wp-json\/wp\/v2\/product\/11392","targetHints":{"allow":["GET"]}}],"collection":[{"href":"https:\/\/idea-wood.com\/en\/wp-json\/wp\/v2\/product"}],"about":[{"href":"https:\/\/idea-wood.com\/en\/wp-json\/wp\/v2\/types\/product"}],"replies":[{"embeddable":true,"href":"https:\/\/idea-wood.com\/en\/wp-json\/wp\/v2\/comments?post=11392"}],"version-history":[{"count":0,"href":"https:\/\/idea-wood.com\/en\/wp-json\/wp\/v2\/product\/11392\/revisions"}],"wp:attachment":[{"href":"https:\/\/idea-wood.com\/en\/wp-json\/wp\/v2\/media?parent=11392"}],"wp:term":[{"taxonomy":"product_brand","embeddable":true,"href":"https:\/\/idea-wood.com\/en\/wp-json\/wp\/v2\/product_brand?post=11392"},{"taxonomy":"product_cat","embeddable":true,"href":"https:\/\/idea-wood.com\/en\/wp-json\/wp\/v2\/product_cat?post=11392"},{"taxonomy":"product_tag","embeddable":true,"href":"https:\/\/idea-wood.com\/en\/wp-json\/wp\/v2\/product_tag?post=11392"}],"curies":[{"name":"wp","href":"https:\/\/api.w.org\/{rel}","templated":true}]}}