{"id":11394,"date":"2025-02-06T11:08:38","date_gmt":"2025-02-06T08:08:38","guid":{"rendered":"https:\/\/idea-wood.com\/?post_type=product&#038;p=11394"},"modified":"2025-04-25T21:52:34","modified_gmt":"2025-04-25T18:52:34","slug":"turnoak-zigon-sehpa","status":"publish","type":"product","link":"https:\/\/idea-wood.com\/en\/product\/turnoak-zigon-sehpa\/","title":{"rendered":"Turnoak Zigon Sehpa"},"content":{"rendered":"","protected":false},"excerpt":{"rendered":"<p><span class=\"fs24 ff1 cf0\">-100% Rustik masif ah\u015fap tabla ve ayak<\/p>\n<p>-Ya\u011flanm\u0131\u015f ah\u015fap y\u00fczey<\/p>\n<p>-Farkl\u0131 renk ve a\u011fa\u00e7lardan da imal edilmi\u015ftir.<\/p>\n<p><\/span><span class=\"ff1 cf0 fs24\">&#8211;<\/span><span class=\"cf1 ff1 fs24\"><i>T\u00fcrk Patent Enstit\u00fcs\u00fc<br \/>\n<\/i><\/span><span class=\"ff1 fs24\"><i>Tasar\u0131m Tescil Numaras\u0131: 201207456<\/i><\/span><\/p>","protected":false},"featured_media":0,"comment_status":"open","ping_status":"closed","template":"","meta":{"_joinchat":[]},"product_brand":[],"product_cat":[15,218],"product_tag":[],"class_list":{"0":"post-11394","1":"product","2":"type-product","3":"status-publish","5":"product_cat-genel","6":"product_cat-sehpa","8":"first","9":"instock","10":"taxable","11":"shipping-taxable","12":"product-type-simple"},"_links":{"self":[{"href":"https:\/\/idea-wood.com\/en\/wp-json\/wp\/v2\/product\/11394","targetHints":{"allow":["GET"]}}],"collection":[{"href":"https:\/\/idea-wood.com\/en\/wp-json\/wp\/v2\/product"}],"about":[{"href":"https:\/\/idea-wood.com\/en\/wp-json\/wp\/v2\/types\/product"}],"replies":[{"embeddable":true,"href":"https:\/\/idea-wood.com\/en\/wp-json\/wp\/v2\/comments?post=11394"}],"version-history":[{"count":0,"href":"https:\/\/idea-wood.com\/en\/wp-json\/wp\/v2\/product\/11394\/revisions"}],"wp:attachment":[{"href":"https:\/\/idea-wood.com\/en\/wp-json\/wp\/v2\/media?parent=11394"}],"wp:term":[{"taxonomy":"product_brand","embeddable":true,"href":"https:\/\/idea-wood.com\/en\/wp-json\/wp\/v2\/product_brand?post=11394"},{"taxonomy":"product_cat","embeddable":true,"href":"https:\/\/idea-wood.com\/en\/wp-json\/wp\/v2\/product_cat?post=11394"},{"taxonomy":"product_tag","embeddable":true,"href":"https:\/\/idea-wood.com\/en\/wp-json\/wp\/v2\/product_tag?post=11394"}],"curies":[{"name":"wp","href":"https:\/\/api.w.org\/{rel}","templated":true}]}}