{"id":11397,"date":"2025-02-06T11:08:38","date_gmt":"2025-02-06T08:08:38","guid":{"rendered":"https:\/\/idea-wood.com\/?post_type=product&#038;p=11397"},"modified":"2025-04-25T21:53:03","modified_gmt":"2025-04-25T18:53:03","slug":"chester-kanepe","status":"publish","type":"product","link":"https:\/\/idea-wood.com\/en\/product\/chester-kanepe\/","title":{"rendered":"Chester Kanepe"},"content":{"rendered":"","protected":false},"excerpt":{"rendered":"<p><span class=\"ff1 fs24\">-Tekli, ikili ve \u00fc\u00e7l\u00fc<br \/>\n<span class=\"cf0\"><br \/>\n<\/span><\/span><span class=\"ff1 cf0 fs24\">-Kay\u0131n masif ah\u015fap iskelet<\/span><\/p>\n<p>-Keten veya istenilen farkl\u0131 kuma\u015f<br \/>\nveya deriden<\/p>\n<p>-\u00d6l\u00e7\u00fcleri: Belirlenecek ebatlara g\u00f6re imal edilir<\/p>","protected":false},"featured_media":13015,"comment_status":"open","ping_status":"closed","template":"","meta":{"_joinchat":[]},"product_brand":[],"product_cat":[15,201],"product_tag":[],"class_list":{"0":"post-11397","1":"product","2":"type-product","3":"status-publish","4":"has-post-thumbnail","6":"product_cat-genel","7":"product_cat-koltuk","9":"first","10":"instock","11":"taxable","12":"shipping-taxable","13":"product-type-simple"},"_links":{"self":[{"href":"https:\/\/idea-wood.com\/en\/wp-json\/wp\/v2\/product\/11397","targetHints":{"allow":["GET"]}}],"collection":[{"href":"https:\/\/idea-wood.com\/en\/wp-json\/wp\/v2\/product"}],"about":[{"href":"https:\/\/idea-wood.com\/en\/wp-json\/wp\/v2\/types\/product"}],"replies":[{"embeddable":true,"href":"https:\/\/idea-wood.com\/en\/wp-json\/wp\/v2\/comments?post=11397"}],"version-history":[{"count":0,"href":"https:\/\/idea-wood.com\/en\/wp-json\/wp\/v2\/product\/11397\/revisions"}],"wp:featuredmedia":[{"embeddable":true,"href":"https:\/\/idea-wood.com\/en\/wp-json\/wp\/v2\/media\/13015"}],"wp:attachment":[{"href":"https:\/\/idea-wood.com\/en\/wp-json\/wp\/v2\/media?parent=11397"}],"wp:term":[{"taxonomy":"product_brand","embeddable":true,"href":"https:\/\/idea-wood.com\/en\/wp-json\/wp\/v2\/product_brand?post=11397"},{"taxonomy":"product_cat","embeddable":true,"href":"https:\/\/idea-wood.com\/en\/wp-json\/wp\/v2\/product_cat?post=11397"},{"taxonomy":"product_tag","embeddable":true,"href":"https:\/\/idea-wood.com\/en\/wp-json\/wp\/v2\/product_tag?post=11397"}],"curies":[{"name":"wp","href":"https:\/\/api.w.org\/{rel}","templated":true}]}}