{"id":11399,"date":"2025-02-06T11:08:38","date_gmt":"2025-02-06T08:08:38","guid":{"rendered":"https:\/\/idea-wood.com\/?post_type=product&#038;p=11399"},"modified":"2025-04-25T21:54:12","modified_gmt":"2025-04-25T18:54:12","slug":"iskandinav-kanepe","status":"publish","type":"product","link":"https:\/\/idea-wood.com\/en\/product\/iskandinav-kanepe\/","title":{"rendered":"\u0130skandinav Kanepe"},"content":{"rendered":"","protected":false},"excerpt":{"rendered":"<div class=\"fs16 ff1\">\n<div>-Rustik me\u015fe masif ah\u015fap ayaklar<\/div>\n<div><\/div>\n<div>-Keten veya istenilen farkl\u0131 kuma\u015f veya deriden<\/div>\n<\/div>\n<div><\/div>\n<div class=\"fs16 ff1\">\n<div>-\u00d6l\u00e7\u00fcleri: istenilen ebata g\u00f6re \u00fcretilebilir<\/div>\n<\/div>","protected":false},"featured_media":13010,"comment_status":"open","ping_status":"closed","template":"","meta":{"_joinchat":[]},"product_brand":[],"product_cat":[15,201],"product_tag":[],"class_list":{"0":"post-11399","1":"product","2":"type-product","3":"status-publish","4":"has-post-thumbnail","6":"product_cat-genel","7":"product_cat-koltuk","9":"first","10":"instock","11":"taxable","12":"shipping-taxable","13":"product-type-simple"},"_links":{"self":[{"href":"https:\/\/idea-wood.com\/en\/wp-json\/wp\/v2\/product\/11399","targetHints":{"allow":["GET"]}}],"collection":[{"href":"https:\/\/idea-wood.com\/en\/wp-json\/wp\/v2\/product"}],"about":[{"href":"https:\/\/idea-wood.com\/en\/wp-json\/wp\/v2\/types\/product"}],"replies":[{"embeddable":true,"href":"https:\/\/idea-wood.com\/en\/wp-json\/wp\/v2\/comments?post=11399"}],"version-history":[{"count":0,"href":"https:\/\/idea-wood.com\/en\/wp-json\/wp\/v2\/product\/11399\/revisions"}],"wp:featuredmedia":[{"embeddable":true,"href":"https:\/\/idea-wood.com\/en\/wp-json\/wp\/v2\/media\/13010"}],"wp:attachment":[{"href":"https:\/\/idea-wood.com\/en\/wp-json\/wp\/v2\/media?parent=11399"}],"wp:term":[{"taxonomy":"product_brand","embeddable":true,"href":"https:\/\/idea-wood.com\/en\/wp-json\/wp\/v2\/product_brand?post=11399"},{"taxonomy":"product_cat","embeddable":true,"href":"https:\/\/idea-wood.com\/en\/wp-json\/wp\/v2\/product_cat?post=11399"},{"taxonomy":"product_tag","embeddable":true,"href":"https:\/\/idea-wood.com\/en\/wp-json\/wp\/v2\/product_tag?post=11399"}],"curies":[{"name":"wp","href":"https:\/\/api.w.org\/{rel}","templated":true}]}}