{"id":11402,"date":"2025-02-06T11:08:38","date_gmt":"2025-02-06T08:08:38","guid":{"rendered":"https:\/\/idea-wood.com\/?post_type=product&#038;p=11402"},"modified":"2025-04-25T21:53:13","modified_gmt":"2025-04-25T18:53:13","slug":"turnoak-koltuk-kanepe","status":"publish","type":"product","link":"https:\/\/idea-wood.com\/en\/product\/turnoak-koltuk-kanepe\/","title":{"rendered":"Turnoak Koltuk Kanepe"},"content":{"rendered":"","protected":false},"excerpt":{"rendered":"<p>TEKL\u0130<\/p>\n<p><span class=\"fs16 cf1 ff1\">-Rustik me\u015fe masif ah\u015fap iskelet<\/span><\/p>\n<p>-Ya\u011flanm\u0131\u015f ah\u015fap y\u00fczey<\/p>\n<p>-Keten veya istenilen farkl\u0131 kuma\u015f<br \/>\nveya deriden<\/p>\n<p><span class=\"fs16 cf1 ff1\">-\u00d6l\u00e7\u00fcleri: 90x90cm<br \/>\n<i><br \/>\nT\u00fcrk Patent Enstit\u00fcs\u00fc<br \/>\nTasar\u0131m Tescil Numaras\u0131: 201207455<\/i><\/span><\/p>\n<p>\u0130K\u0130L\u0130 VE \u00dc\u00c7L\u00dc<\/p>\n<p><span class=\"fs24 ff1 cf0\">-Rustik me\u015fe masif ah\u015fap iskelet<\/span><\/p>\n<p>-Ya\u011flanm\u0131\u015f ah\u015fap y\u00fczey<\/p>\n<p>-Keten veya istenilen farkl\u0131 kuma\u015f<br \/>\nveya deriden<\/p>\n<p>-\u00d6l\u00e7\u00fcleri: 190x90cm , 220x90cm<br \/>\n<span class=\"ff2 fs24 cf0\"><br \/>\n<\/span><span class=\"ff1 cf0 fs24\"><i>T\u00fcrk Patent Enstit\u00fcs\u00fc<br \/>\nTasar\u0131m Tescil Numaras\u0131: 201207455<\/i><\/span><\/p>","protected":false},"featured_media":13003,"comment_status":"open","ping_status":"closed","template":"","meta":{"_joinchat":[]},"product_brand":[],"product_cat":[15,201],"product_tag":[],"class_list":{"0":"post-11402","1":"product","2":"type-product","3":"status-publish","4":"has-post-thumbnail","6":"product_cat-genel","7":"product_cat-koltuk","9":"first","10":"instock","11":"taxable","12":"shipping-taxable","13":"product-type-simple"},"_links":{"self":[{"href":"https:\/\/idea-wood.com\/en\/wp-json\/wp\/v2\/product\/11402","targetHints":{"allow":["GET"]}}],"collection":[{"href":"https:\/\/idea-wood.com\/en\/wp-json\/wp\/v2\/product"}],"about":[{"href":"https:\/\/idea-wood.com\/en\/wp-json\/wp\/v2\/types\/product"}],"replies":[{"embeddable":true,"href":"https:\/\/idea-wood.com\/en\/wp-json\/wp\/v2\/comments?post=11402"}],"version-history":[{"count":0,"href":"https:\/\/idea-wood.com\/en\/wp-json\/wp\/v2\/product\/11402\/revisions"}],"wp:featuredmedia":[{"embeddable":true,"href":"https:\/\/idea-wood.com\/en\/wp-json\/wp\/v2\/media\/13003"}],"wp:attachment":[{"href":"https:\/\/idea-wood.com\/en\/wp-json\/wp\/v2\/media?parent=11402"}],"wp:term":[{"taxonomy":"product_brand","embeddable":true,"href":"https:\/\/idea-wood.com\/en\/wp-json\/wp\/v2\/product_brand?post=11402"},{"taxonomy":"product_cat","embeddable":true,"href":"https:\/\/idea-wood.com\/en\/wp-json\/wp\/v2\/product_cat?post=11402"},{"taxonomy":"product_tag","embeddable":true,"href":"https:\/\/idea-wood.com\/en\/wp-json\/wp\/v2\/product_tag?post=11402"}],"curies":[{"name":"wp","href":"https:\/\/api.w.org\/{rel}","templated":true}]}}