{"id":11404,"date":"2025-02-06T11:08:39","date_gmt":"2025-02-06T08:08:39","guid":{"rendered":"https:\/\/idea-wood.com\/?post_type=product&#038;p=11404"},"modified":"2026-04-21T07:54:30","modified_gmt":"2026-04-21T04:54:30","slug":"naturedge-3-tarafi-ceviz-konsol","status":"publish","type":"product","link":"https:\/\/idea-wood.com\/en\/product\/naturedge-3-tarafi-ceviz-konsol\/","title":{"rendered":"Natura Ceviz Konsol"},"content":{"rendered":"<p><strong>Natura 3 Tarafl\u0131 Ceviz Konsol<\/strong><\/p>\n<p>F\u0131r\u0131nlanm\u0131\u015f Ceviz A\u011fac\u0131n\u0131n verdi\u011fi Prestiji hissedin.<\/p>\n<p>Do\u011fal ah\u015fap \u00fcr\u00fcn\u00fcn s\u0131cakl\u0131\u011f\u0131n\u0131 evinize ta\u015f\u0131mak istiyoruz.<\/p>\n<p><strong><br \/>\n\u00dcr\u00fcn \u00d6l\u00e7\u00fcleri:<\/strong><\/p>\n<p>Boy: 200<\/p>\n<p>Geni\u015flik: 100<\/p>\n<p>Derinlik: 50<br \/>\n<strong><br \/>\nB\u0130LG\u0130LEND\u0130RME:<\/strong>\u00a0Ki\u015fiye \u00f6zel \u00f6l\u00e7\u00fc ve modellerde \u00fcretim i\u00e7in bizimle ileti\u015fime ge\u00e7ebilirsiniz.<\/p>\n<p><strong>\u00dcr\u00fcn Bilgisi:<\/strong><br \/>\nMdf Lake G\u00f6vde<br \/>\n%100 Ceviz a\u011fac\u0131ndan \u00fcst ve alt tablo<br \/>\nKimyasal i\u00e7ermeyen \u00f6zel do\u011fal ya\u011f ile koruma<\/p>\n<p><strong><br \/>\nTeslimat:<\/strong><\/p>\n<p>Ankara i\u00e7i \u00fccretsiz teslimat ve kurulum avantaj\u0131 ile sizlere hizmet veriyoruz.<\/p>\n<p>Sizlere \u00f6zel \u00fcretimimiz ile sadece 4-6 Hafta ile hayalinize kavu\u015fturuyoruz.<\/p>","protected":false},"excerpt":{"rendered":"<p>Natura 3 Tarafl\u0131 Ceviz Konsol F\u0131r\u0131nlanm\u0131\u015f Ceviz A\u011fac\u0131n\u0131n verdi\u011fi Prestiji hissedin. Do\u011fal ah\u015fap \u00fcr\u00fcn\u00fcn s\u0131cakl\u0131\u011f\u0131n\u0131 evinize ta\u015f\u0131mak istiyoruz. \u00dcr\u00fcn \u00d6l\u00e7\u00fcleri: Boy: 200 Geni\u015flik: 100 Derinlik: 50 B\u0130LG\u0130LEND\u0130RME:\u00a0Ki\u015fiye \u00f6zel \u00f6l\u00e7\u00fc ve modellerde \u00fcretim i\u00e7in bizimle ileti\u015fime ge\u00e7ebilirsiniz. \u00dcr\u00fcn Bilgisi: Mdf Lake G\u00f6vde %100 Ceviz a\u011fac\u0131ndan \u00fcst ve alt tablo Kimyasal i\u00e7ermeyen \u00f6zel do\u011fal ya\u011f ile koruma [&hellip;]<\/p>","protected":false},"featured_media":14138,"comment_status":"open","ping_status":"closed","template":"","meta":{"_joinchat":[]},"product_brand":[],"product_cat":[15,202],"product_tag":[],"class_list":{"0":"post-11404","1":"product","2":"type-product","3":"status-publish","4":"has-post-thumbnail","6":"product_cat-genel","7":"product_cat-konsol","9":"first","10":"instock","11":"taxable","12":"shipping-taxable","13":"product-type-simple"},"_links":{"self":[{"href":"https:\/\/idea-wood.com\/en\/wp-json\/wp\/v2\/product\/11404","targetHints":{"allow":["GET"]}}],"collection":[{"href":"https:\/\/idea-wood.com\/en\/wp-json\/wp\/v2\/product"}],"about":[{"href":"https:\/\/idea-wood.com\/en\/wp-json\/wp\/v2\/types\/product"}],"replies":[{"embeddable":true,"href":"https:\/\/idea-wood.com\/en\/wp-json\/wp\/v2\/comments?post=11404"}],"version-history":[{"count":6,"href":"https:\/\/idea-wood.com\/en\/wp-json\/wp\/v2\/product\/11404\/revisions"}],"predecessor-version":[{"id":14135,"href":"https:\/\/idea-wood.com\/en\/wp-json\/wp\/v2\/product\/11404\/revisions\/14135"}],"wp:featuredmedia":[{"embeddable":true,"href":"https:\/\/idea-wood.com\/en\/wp-json\/wp\/v2\/media\/14138"}],"wp:attachment":[{"href":"https:\/\/idea-wood.com\/en\/wp-json\/wp\/v2\/media?parent=11404"}],"wp:term":[{"taxonomy":"product_brand","embeddable":true,"href":"https:\/\/idea-wood.com\/en\/wp-json\/wp\/v2\/product_brand?post=11404"},{"taxonomy":"product_cat","embeddable":true,"href":"https:\/\/idea-wood.com\/en\/wp-json\/wp\/v2\/product_cat?post=11404"},{"taxonomy":"product_tag","embeddable":true,"href":"https:\/\/idea-wood.com\/en\/wp-json\/wp\/v2\/product_tag?post=11404"}],"curies":[{"name":"wp","href":"https:\/\/api.w.org\/{rel}","templated":true}]}}