{"id":11409,"date":"2025-02-06T11:08:39","date_gmt":"2025-02-06T08:08:39","guid":{"rendered":"https:\/\/idea-wood.com\/?post_type=product&#038;p=11409"},"modified":"2025-04-25T21:50:23","modified_gmt":"2025-04-25T18:50:23","slug":"ahsap-cerceveli-granit-cafe-masalari","status":"publish","type":"product","link":"https:\/\/idea-wood.com\/en\/product\/ahsap-cerceveli-granit-cafe-masalari\/","title":{"rendered":"Ah\u015fap \u00c7er\u00e7eveli Granit Cafe Masalar\u0131"},"content":{"rendered":"","protected":false},"excerpt":{"rendered":"<p><span class=\"ff1 cf0 fs24\">-Do\u011fal veya d\u00fcz kenar masif tabla<br \/>\n-Ya\u011flanm\u0131\u015f veya cilal\u0131 ah\u015fap y\u00fczey<br \/>\n-Metal veya ah\u015fap ayak se\u00e7enekleri<br \/>\n-\u0130stenilen ebata g\u00f6re \u00fcretilebilir<br \/>\n<\/span><span class=\"ff1 cf0 fs24\">-\u00dcr\u00fcnlerin g\u00f6r\u00fcn\u00fc\u015f\u00fc her masada farkl\u0131l\u0131k g\u00f6sterir,<br \/>\n-Ancak genel karakterleri ayn\u0131d\u0131r.<br \/>\n<\/span><span class=\"ff0 fs20\"><br \/>\n<\/span><\/p>\n<p><span class=\"ff1 cf0 fs24\"><strong>A\u011fa\u00e7 cinsleri:<\/strong><\/span><\/p>\n<p>Ceviz, Amerikan Ceviz, Me\u015fe, Kestane<br \/>\nD\u0131\u015fbudak, Ladin, Iroko, Teak, Thermo<br \/>\n\u00c7am vb. bir\u00e7ok \u00e7e\u015fit<span class=\"ff0 fs20\"><br \/>\n<\/span><\/p>\n<p>&nbsp;<\/p>\n<p><span class=\"ff1 cf0 fs24\">-Ah\u015fap ayak kendi rengine veya lake cilal\u0131 olabilir<br \/>\n-Metal ayak f\u0131r\u0131n boya veya kromaj yap\u0131labilir<br \/>\n-Ayak \u015feklini ister siz tasarlay\u0131n ister haz\u0131r \u00fcr\u00fcnlerimizden<br \/>\nbelirleyin.<br \/>\n<\/span><\/p>","protected":false},"featured_media":12973,"comment_status":"open","ping_status":"closed","template":"","meta":{"_joinchat":[]},"product_brand":[],"product_cat":[15,223],"product_tag":[],"class_list":{"0":"post-11409","1":"product","2":"type-product","3":"status-publish","4":"has-post-thumbnail","6":"product_cat-genel","7":"product_cat-masa-cafe-restaurant","9":"first","10":"instock","11":"taxable","12":"shipping-taxable","13":"product-type-simple"},"_links":{"self":[{"href":"https:\/\/idea-wood.com\/en\/wp-json\/wp\/v2\/product\/11409","targetHints":{"allow":["GET"]}}],"collection":[{"href":"https:\/\/idea-wood.com\/en\/wp-json\/wp\/v2\/product"}],"about":[{"href":"https:\/\/idea-wood.com\/en\/wp-json\/wp\/v2\/types\/product"}],"replies":[{"embeddable":true,"href":"https:\/\/idea-wood.com\/en\/wp-json\/wp\/v2\/comments?post=11409"}],"version-history":[{"count":0,"href":"https:\/\/idea-wood.com\/en\/wp-json\/wp\/v2\/product\/11409\/revisions"}],"wp:featuredmedia":[{"embeddable":true,"href":"https:\/\/idea-wood.com\/en\/wp-json\/wp\/v2\/media\/12973"}],"wp:attachment":[{"href":"https:\/\/idea-wood.com\/en\/wp-json\/wp\/v2\/media?parent=11409"}],"wp:term":[{"taxonomy":"product_brand","embeddable":true,"href":"https:\/\/idea-wood.com\/en\/wp-json\/wp\/v2\/product_brand?post=11409"},{"taxonomy":"product_cat","embeddable":true,"href":"https:\/\/idea-wood.com\/en\/wp-json\/wp\/v2\/product_cat?post=11409"},{"taxonomy":"product_tag","embeddable":true,"href":"https:\/\/idea-wood.com\/en\/wp-json\/wp\/v2\/product_tag?post=11409"}],"curies":[{"name":"wp","href":"https:\/\/api.w.org\/{rel}","templated":true}]}}