{"id":11420,"date":"2025-02-06T11:08:54","date_gmt":"2025-02-06T08:08:54","guid":{"rendered":"https:\/\/idea-wood.com\/?post_type=product&#038;p=11420"},"modified":"2025-05-11T14:24:05","modified_gmt":"2025-05-11T11:24:05","slug":"disbudak-masa","status":"publish","type":"product","link":"https:\/\/idea-wood.com\/en\/product\/disbudak-masa\/","title":{"rendered":"D\u0131\u015fbudak Do\u011fal Kenarl\u0131 Masa"},"content":{"rendered":"<p>A\u00e7\u0131k renk tonlar\u0131 ve belirgin damar yap\u0131s\u0131yla dikkat \u00e7eken <strong data-start=\"559\" data-end=\"577\">d\u0131\u015fbudak a\u011fac\u0131<\/strong>, ferah ve modern mekanlar i\u00e7in ideal bir malzemedir. Bu do\u011fal kenarl\u0131 masif masa, a\u011fac\u0131n do\u011fal k\u0131vr\u0131mlar\u0131n\u0131 koruyarak \u00fcretilmi\u015ftir ve her biri kendi do\u011fal formuyla e\u015fsiz bir karakter ta\u015f\u0131r.<br data-start=\"767\" data-end=\"770\" \/><strong data-start=\"770\" data-end=\"797\">\u00a0 Sipari\u015fe \u00f6zel \u00f6l\u00e7\u00fclerde<\/strong> \u00fcretilen masa, kullan\u0131c\u0131 ihtiya\u00e7lar\u0131na g\u00f6re \u00f6zelle\u015ftirilebilir. Ayr\u0131ca masa, dekoratif tercihinize uygun olarak <strong data-start=\"910\" data-end=\"955\">farkl\u0131 ah\u015fap veya metal ayak modelleriyle<\/strong> ki\u015fiselle\u015ftirilebilir \u2014 ister minimal ister end\u00fcstriyel bir tarz aray\u0131n, masa mekan\u0131n\u0131za uyum sa\u011flar.<br data-start=\"1057\" data-end=\"1060\" data-is-only-node=\"\" \/>\u00a0 Y\u00fczey korumas\u0131nda kullan\u0131lan <strong data-start=\"1089\" data-end=\"1127\">do\u011fal i\u00e7erikli Rubio Monocoat ya\u011f\u0131<\/strong>, d\u0131\u015fbudak a\u011fac\u0131n\u0131n do\u011fal yap\u0131s\u0131n\u0131 ve rengini \u00f6ne \u00e7\u0131kar\u0131rken, dayan\u0131kl\u0131 ve sa\u011fl\u0131kl\u0131 bir koruma sa\u011flar. Bu \u00e7evre dostu \u00fcr\u00fcn, ah\u015fab\u0131n nefes almas\u0131n\u0131 engellemeden derinlemesine koruma sunar.<br data-start=\"1314\" data-end=\"1317\" \/>\u00a0 D\u0131\u015fbudak a\u011fac\u0131n\u0131n canl\u0131 dokusu, hafifli\u011fi ve modern g\u00f6r\u00fcn\u00fcm\u00fcyle birle\u015fen bu masa; ev, ofis ve ticari alanlar i\u00e7in hem i\u015flevsel hem estetik bir \u00e7\u00f6z\u00fcm sunar.<br data-start=\"1472\" data-end=\"1475\" \/><strong data-start=\"1475\" data-end=\"1488\">\u00a0 Idea-Wood<\/strong> olarak her masay\u0131 el i\u015f\u00e7ili\u011fiyle, tamamen sizin taleplerinize g\u00f6re \u00f6zel olarak tasarl\u0131yor ve \u00fcretiyoruz.<\/p>","protected":false},"excerpt":{"rendered":"<p>Canl\u0131 damar yap\u0131s\u0131 ve a\u00e7\u0131k tonlar\u0131yla \u00f6ne \u00e7\u0131kan d\u0131\u015fbudak masif masa, do\u011fal kenar formuyla s\u0131cak ve modern bir g\u00f6r\u00fcn\u00fcm sunar. Sipari\u015fe \u00f6zel \u00f6l\u00e7\u00fclerde, farkl\u0131 ayak se\u00e7enekleriyle \u00fcretilir ve y\u00fczeyinde do\u011fal i\u00e7erikli Rubio Monocoat kullan\u0131l\u0131r.<\/p>","protected":false},"featured_media":12919,"comment_status":"closed","ping_status":"closed","template":"","meta":{"_joinchat":[]},"product_brand":[],"product_cat":[15,198],"product_tag":[],"class_list":{"0":"post-11420","1":"product","2":"type-product","3":"status-publish","4":"has-post-thumbnail","6":"product_cat-genel","7":"product_cat-masa","9":"first","10":"instock","11":"taxable","12":"shipping-taxable","13":"product-type-simple"},"_links":{"self":[{"href":"https:\/\/idea-wood.com\/en\/wp-json\/wp\/v2\/product\/11420","targetHints":{"allow":["GET"]}}],"collection":[{"href":"https:\/\/idea-wood.com\/en\/wp-json\/wp\/v2\/product"}],"about":[{"href":"https:\/\/idea-wood.com\/en\/wp-json\/wp\/v2\/types\/product"}],"replies":[{"embeddable":true,"href":"https:\/\/idea-wood.com\/en\/wp-json\/wp\/v2\/comments?post=11420"}],"version-history":[{"count":0,"href":"https:\/\/idea-wood.com\/en\/wp-json\/wp\/v2\/product\/11420\/revisions"}],"wp:featuredmedia":[{"embeddable":true,"href":"https:\/\/idea-wood.com\/en\/wp-json\/wp\/v2\/media\/12919"}],"wp:attachment":[{"href":"https:\/\/idea-wood.com\/en\/wp-json\/wp\/v2\/media?parent=11420"}],"wp:term":[{"taxonomy":"product_brand","embeddable":true,"href":"https:\/\/idea-wood.com\/en\/wp-json\/wp\/v2\/product_brand?post=11420"},{"taxonomy":"product_cat","embeddable":true,"href":"https:\/\/idea-wood.com\/en\/wp-json\/wp\/v2\/product_cat?post=11420"},{"taxonomy":"product_tag","embeddable":true,"href":"https:\/\/idea-wood.com\/en\/wp-json\/wp\/v2\/product_tag?post=11420"}],"curies":[{"name":"wp","href":"https:\/\/api.w.org\/{rel}","templated":true}]}}