{"id":11422,"date":"2025-02-06T11:08:54","date_gmt":"2025-02-06T08:08:54","guid":{"rendered":"https:\/\/idea-wood.com\/?post_type=product&#038;p=11422"},"modified":"2025-05-11T14:19:21","modified_gmt":"2025-05-11T11:19:21","slug":"kestane-masa","status":"publish","type":"product","link":"https:\/\/idea-wood.com\/en\/product\/kestane-masa\/","title":{"rendered":"Kestane Do\u011fal Kenarl\u0131 Masa"},"content":{"rendered":"<p>Do\u011fan\u0131n zarafetini g\u00fc\u00e7l\u00fc bir malzeme ile bulu\u015fturan Kestane Do\u011fal Kenarl\u0131 Masif Masa, a\u011fac\u0131n kendi do\u011fal hatlar\u0131n\u0131 koruyarak \u00fcretilmi\u015ftir. Her masa, birebir benzersiz formuyla do\u011fal ve organik bir g\u00f6r\u00fcn\u00fcm sunar.<br data-start=\"622\" data-end=\"625\" \/><strong data-start=\"625\" data-end=\"650\">\u00a0 Sipari\u015fe \u00f6zel \u00f6l\u00e7\u00fcler<\/strong> ve <strong data-start=\"654\" data-end=\"701\">farkl\u0131 ah\u015fap veya metal ayak se\u00e7enekleriyle<\/strong> ki\u015fiselle\u015ftirilebilen bu masa, tarz\u0131n\u0131za ve mek\u00e2n\u0131n\u0131za tam uyum sa\u011flar. Modern, rustik ya da end\u00fcstriyel dekorasyonlara kolayca adapte edilebilir.<br data-start=\"848\" data-end=\"851\" \/>\u00a0 Y\u00fczey korumas\u0131nda, ah\u015fab\u0131n do\u011fal hissini bozmayan ve maksimum dayan\u0131kl\u0131l\u0131k sa\u011flayan <strong data-start=\"935\" data-end=\"968\">do\u011fal i\u00e7erikli Rubio Monocoat<\/strong> ya\u011f\u0131 kullan\u0131lmaktad\u0131r. Bu \u00f6zel ya\u011f sistemi, ah\u015faba derinlemesine n\u00fcfuz ederek hem renk hem de uzun \u00f6m\u00fcrl\u00fc koruma sa\u011flar \u2014 \u00fcstelik tamamen \u00e7evre dostudur.<br data-start=\"1122\" data-end=\"1125\" \/>\u00a0 Dayan\u0131kl\u0131l\u0131\u011f\u0131, \u00f6zg\u00fcn tasar\u0131m\u0131 ve do\u011fall\u0131\u011f\u0131yla \u00f6ne \u00e7\u0131kan bu masa, ev, ofis ve sosyal alanlar i\u00e7in zamans\u0131z bir mobilya par\u00e7as\u0131d\u0131r.<br data-start=\"1254\" data-end=\"1257\" \/><strong data-start=\"1257\" data-end=\"1270\">\u00a0 Idea-Wood<\/strong> olarak, her masay\u0131 el i\u015f\u00e7ili\u011fiyle ve do\u011faya sayg\u0131l\u0131 \u00fcretim anlay\u0131\u015f\u0131yla sizin i\u00e7in \u00f6zel olarak \u00fcretiyoruz.<\/p>","protected":false},"excerpt":{"rendered":"<p>Do\u011fal kenarl\u0131 kestane masif masa, do\u011fadan ilham alan tasar\u0131m\u0131yla ya\u015fam alanlar\u0131n\u0131za s\u0131cakl\u0131k ve karakter katar. Sipari\u015fe \u00f6zel \u00f6l\u00e7\u00fc ve farkl\u0131 ayak se\u00e7enekleriyle \u00fcretilir.<\/p>","protected":false},"featured_media":12912,"comment_status":"closed","ping_status":"closed","template":"","meta":{"_joinchat":[]},"product_brand":[],"product_cat":[15,223,198],"product_tag":[],"class_list":{"0":"post-11422","1":"product","2":"type-product","3":"status-publish","4":"has-post-thumbnail","6":"product_cat-genel","7":"product_cat-masa-cafe-restaurant","8":"product_cat-masa","10":"first","11":"instock","12":"taxable","13":"shipping-taxable","14":"product-type-simple"},"_links":{"self":[{"href":"https:\/\/idea-wood.com\/en\/wp-json\/wp\/v2\/product\/11422","targetHints":{"allow":["GET"]}}],"collection":[{"href":"https:\/\/idea-wood.com\/en\/wp-json\/wp\/v2\/product"}],"about":[{"href":"https:\/\/idea-wood.com\/en\/wp-json\/wp\/v2\/types\/product"}],"replies":[{"embeddable":true,"href":"https:\/\/idea-wood.com\/en\/wp-json\/wp\/v2\/comments?post=11422"}],"version-history":[{"count":0,"href":"https:\/\/idea-wood.com\/en\/wp-json\/wp\/v2\/product\/11422\/revisions"}],"wp:featuredmedia":[{"embeddable":true,"href":"https:\/\/idea-wood.com\/en\/wp-json\/wp\/v2\/media\/12912"}],"wp:attachment":[{"href":"https:\/\/idea-wood.com\/en\/wp-json\/wp\/v2\/media?parent=11422"}],"wp:term":[{"taxonomy":"product_brand","embeddable":true,"href":"https:\/\/idea-wood.com\/en\/wp-json\/wp\/v2\/product_brand?post=11422"},{"taxonomy":"product_cat","embeddable":true,"href":"https:\/\/idea-wood.com\/en\/wp-json\/wp\/v2\/product_cat?post=11422"},{"taxonomy":"product_tag","embeddable":true,"href":"https:\/\/idea-wood.com\/en\/wp-json\/wp\/v2\/product_tag?post=11422"}],"curies":[{"name":"wp","href":"https:\/\/api.w.org\/{rel}","templated":true}]}}