{"id":11426,"date":"2025-02-06T11:08:55","date_gmt":"2025-02-06T08:08:55","guid":{"rendered":"https:\/\/idea-wood.com\/?post_type=product&#038;p=11426"},"modified":"2025-02-06T11:09:01","modified_gmt":"2025-02-06T08:09:01","slug":"frake-masa","status":"publish","type":"product","link":"https:\/\/idea-wood.com\/en\/product\/frake-masa\/","title":{"rendered":"Frake Masa"},"content":{"rendered":"","protected":false},"excerpt":{"rendered":"<p><span class=\"ff1 cf0 fs24\">-Masif frake tabla<br \/>\n-Ya\u011flanm\u0131\u015f ah\u015fap y\u00fczey<br \/>\n-Metal veya ah\u015fap ayak<br \/>\n-\u0130stenilen ebata g\u00f6re \u00fcretilebilir<br \/>\n-\u00dcr\u00fcnlerin g\u00f6r\u00fcn\u00fc\u015f\u00fc her masada farkl\u0131l\u0131k g\u00f6sterir,<br \/>\n-Ancak genel karakterleri ayn\u0131d\u0131r.<br \/>\n<\/span><\/p>","protected":false},"featured_media":0,"comment_status":"closed","ping_status":"closed","template":"","meta":{"_joinchat":[]},"product_brand":[],"product_cat":[15],"product_tag":[],"class_list":{"0":"post-11426","1":"product","2":"type-product","3":"status-publish","5":"product_cat-genel","7":"first","8":"instock","9":"taxable","10":"shipping-taxable","11":"product-type-simple"},"_links":{"self":[{"href":"https:\/\/idea-wood.com\/en\/wp-json\/wp\/v2\/product\/11426","targetHints":{"allow":["GET"]}}],"collection":[{"href":"https:\/\/idea-wood.com\/en\/wp-json\/wp\/v2\/product"}],"about":[{"href":"https:\/\/idea-wood.com\/en\/wp-json\/wp\/v2\/types\/product"}],"replies":[{"embeddable":true,"href":"https:\/\/idea-wood.com\/en\/wp-json\/wp\/v2\/comments?post=11426"}],"version-history":[{"count":0,"href":"https:\/\/idea-wood.com\/en\/wp-json\/wp\/v2\/product\/11426\/revisions"}],"wp:attachment":[{"href":"https:\/\/idea-wood.com\/en\/wp-json\/wp\/v2\/media?parent=11426"}],"wp:term":[{"taxonomy":"product_brand","embeddable":true,"href":"https:\/\/idea-wood.com\/en\/wp-json\/wp\/v2\/product_brand?post=11426"},{"taxonomy":"product_cat","embeddable":true,"href":"https:\/\/idea-wood.com\/en\/wp-json\/wp\/v2\/product_cat?post=11426"},{"taxonomy":"product_tag","embeddable":true,"href":"https:\/\/idea-wood.com\/en\/wp-json\/wp\/v2\/product_tag?post=11426"}],"curies":[{"name":"wp","href":"https:\/\/api.w.org\/{rel}","templated":true}]}}