{"id":11432,"date":"2025-02-06T11:08:55","date_gmt":"2025-02-06T08:08:55","guid":{"rendered":"https:\/\/idea-wood.com\/?post_type=product&#038;p=11432"},"modified":"2025-04-15T13:46:30","modified_gmt":"2025-04-15T10:46:30","slug":"turnoak-masa","status":"publish","type":"product","link":"https:\/\/idea-wood.com\/en\/product\/turnoak-masa\/","title":{"rendered":"Turnoak Masa"},"content":{"rendered":"","protected":false},"excerpt":{"rendered":"<p><span class=\"ff1 cf0 fs24\">-Masif me\u015fe tabla ve ayak<br \/>\n-Ya\u011flanm\u0131\u015f ah\u015fap y\u00fczey<br \/>\n-\u0130stenilen ebata g\u00f6re \u00fcretilebilir<br \/>\n<\/span><span class=\"ff0 fs20\"><span class=\"ff1 cf0 fs24\">-\u00dcr\u00fcnlerin g\u00f6r\u00fcn\u00fc\u015f\u00fc her masada farkl\u0131l\u0131k g\u00f6sterir,<br \/>\n-Ancak genel karakterleri ayn\u0131d\u0131r.<\/span><\/span><\/p>","protected":false},"featured_media":12858,"comment_status":"open","ping_status":"closed","template":"","meta":{"_joinchat":[]},"product_brand":[],"product_cat":[15],"product_tag":[],"class_list":{"0":"post-11432","1":"product","2":"type-product","3":"status-publish","4":"has-post-thumbnail","6":"product_cat-genel","8":"first","9":"instock","10":"taxable","11":"shipping-taxable","12":"product-type-simple"},"_links":{"self":[{"href":"https:\/\/idea-wood.com\/en\/wp-json\/wp\/v2\/product\/11432","targetHints":{"allow":["GET"]}}],"collection":[{"href":"https:\/\/idea-wood.com\/en\/wp-json\/wp\/v2\/product"}],"about":[{"href":"https:\/\/idea-wood.com\/en\/wp-json\/wp\/v2\/types\/product"}],"replies":[{"embeddable":true,"href":"https:\/\/idea-wood.com\/en\/wp-json\/wp\/v2\/comments?post=11432"}],"version-history":[{"count":0,"href":"https:\/\/idea-wood.com\/en\/wp-json\/wp\/v2\/product\/11432\/revisions"}],"wp:featuredmedia":[{"embeddable":true,"href":"https:\/\/idea-wood.com\/en\/wp-json\/wp\/v2\/media\/12858"}],"wp:attachment":[{"href":"https:\/\/idea-wood.com\/en\/wp-json\/wp\/v2\/media?parent=11432"}],"wp:term":[{"taxonomy":"product_brand","embeddable":true,"href":"https:\/\/idea-wood.com\/en\/wp-json\/wp\/v2\/product_brand?post=11432"},{"taxonomy":"product_cat","embeddable":true,"href":"https:\/\/idea-wood.com\/en\/wp-json\/wp\/v2\/product_cat?post=11432"},{"taxonomy":"product_tag","embeddable":true,"href":"https:\/\/idea-wood.com\/en\/wp-json\/wp\/v2\/product_tag?post=11432"}],"curies":[{"name":"wp","href":"https:\/\/api.w.org\/{rel}","templated":true}]}}