{"id":11433,"date":"2025-02-06T11:08:55","date_gmt":"2025-02-06T08:08:55","guid":{"rendered":"https:\/\/idea-wood.com\/?post_type=product&#038;p=11433"},"modified":"2025-05-11T14:44:20","modified_gmt":"2025-05-11T11:44:20","slug":"wenge-masa","status":"publish","type":"product","link":"https:\/\/idea-wood.com\/en\/product\/wenge-masa\/","title":{"rendered":"Wenge D\u00fcz Kenarl\u0131 Masa"},"content":{"rendered":"<p class=\"\" data-start=\"494\" data-end=\"1659\"><strong data-start=\"515\" data-end=\"530\">\u00a0 Wenge a\u011fac\u0131<\/strong>, derin koyu kahverengi tonlar\u0131 ve belirgin damar yap\u0131s\u0131yla olduk\u00e7a dikkat \u00e7ekici bir g\u00f6r\u00fcn\u00fcme sahiptir. Bu do\u011fal kenarl\u0131 masif masa, wenge a\u011fac\u0131n\u0131n e\u015fsiz desenlerini ve g\u00fc\u00e7l\u00fc karakterini en iyi \u015fekilde sergileyerek modern ve \u015f\u0131k bir atmosfer yarat\u0131r.<br data-start=\"781\" data-end=\"784\" \/><strong data-start=\"784\" data-end=\"811\">\u00a0 Sipari\u015fe \u00f6zel \u00f6l\u00e7\u00fclerde<\/strong> \u00fcretilen masa, her mekan\u0131n ihtiyac\u0131na uygun \u015fekilde tamamen ki\u015fiselle\u015ftirilebilir. Farkl\u0131 <strong data-start=\"902\" data-end=\"942\">ah\u015fap veya metal ayak se\u00e7enekleriyle<\/strong> \u00fcretilerek hem end\u00fcstriyel hem de modern tasar\u0131mlar i\u00e7in ideal bir se\u00e7im sunar.<br data-start=\"1022\" data-end=\"1025\" \/>\u00a0 Masan\u0131n y\u00fczeyinde kullan\u0131lan <strong data-start=\"1054\" data-end=\"1072\">Rubio Monocoat<\/strong> do\u011fal ya\u011f sistemi, wenge a\u011fac\u0131n\u0131n koyu tonlar\u0131n\u0131 \u00f6ne \u00e7\u0131kar\u0131rken ayn\u0131 zamanda dayan\u0131kl\u0131l\u0131\u011f\u0131 ve uzun \u00f6m\u00fcrl\u00fcl\u00fc\u011f\u00fc sa\u011flar. Toksik olmayan, \u00e7evre dostu ve tek kat uygulamayla y\u00fcksek koruma sunan Rubio Monocoat, ah\u015fab\u0131n do\u011fal dokusunu bozmadan onu besler.<br data-start=\"1321\" data-end=\"1324\" \/>\u00a0 Wenge a\u011fac\u0131n\u0131n g\u00fc\u00e7l\u00fc yap\u0131s\u0131 ve derin tonlar\u0131, evinizde veya ofisinizde sofistike bir hava yarat\u0131r. Dayan\u0131kl\u0131 yap\u0131s\u0131 sayesinde uzun y\u0131llar boyunca kullan\u0131labilir ve her zaman etkileyici bir g\u00f6r\u00fcn\u00fcm sunar.<br data-start=\"1527\" data-end=\"1530\" \/><strong data-start=\"1530\" data-end=\"1543\">\u00a0 Idea-Wood<\/strong> olarak, her masay\u0131 sizin i\u00e7in \u00f6zel \u00f6l\u00e7\u00fclerde, y\u00fcksek i\u015f\u00e7ilik kalitesiyle ve do\u011faya sayg\u0131l\u0131 malzemelerle \u00fcretiyoruz.<\/p>","protected":false},"excerpt":{"rendered":"<p>Wenge a\u011fac\u0131n\u0131n derin, zengin tonlar\u0131 ve etkileyici dokusu, bu do\u011fal kenarl\u0131 masif masada \u015f\u0131kl\u0131\u011f\u0131 ve zarafeti bir araya getirir. Sipari\u015fe \u00f6zel \u00f6l\u00e7\u00fclerde, farkl\u0131 ayak se\u00e7enekleriyle \u00fcretilir; y\u00fczeyinde do\u011fal i\u00e7erikli Rubio Monocoat kullan\u0131l\u0131r.<\/p>","protected":false},"featured_media":12853,"comment_status":"closed","ping_status":"closed","template":"","meta":{"_joinchat":[]},"product_brand":[],"product_cat":[15,198],"product_tag":[],"class_list":{"0":"post-11433","1":"product","2":"type-product","3":"status-publish","4":"has-post-thumbnail","6":"product_cat-genel","7":"product_cat-masa","9":"first","10":"instock","11":"taxable","12":"shipping-taxable","13":"product-type-simple"},"_links":{"self":[{"href":"https:\/\/idea-wood.com\/en\/wp-json\/wp\/v2\/product\/11433","targetHints":{"allow":["GET"]}}],"collection":[{"href":"https:\/\/idea-wood.com\/en\/wp-json\/wp\/v2\/product"}],"about":[{"href":"https:\/\/idea-wood.com\/en\/wp-json\/wp\/v2\/types\/product"}],"replies":[{"embeddable":true,"href":"https:\/\/idea-wood.com\/en\/wp-json\/wp\/v2\/comments?post=11433"}],"version-history":[{"count":0,"href":"https:\/\/idea-wood.com\/en\/wp-json\/wp\/v2\/product\/11433\/revisions"}],"wp:featuredmedia":[{"embeddable":true,"href":"https:\/\/idea-wood.com\/en\/wp-json\/wp\/v2\/media\/12853"}],"wp:attachment":[{"href":"https:\/\/idea-wood.com\/en\/wp-json\/wp\/v2\/media?parent=11433"}],"wp:term":[{"taxonomy":"product_brand","embeddable":true,"href":"https:\/\/idea-wood.com\/en\/wp-json\/wp\/v2\/product_brand?post=11433"},{"taxonomy":"product_cat","embeddable":true,"href":"https:\/\/idea-wood.com\/en\/wp-json\/wp\/v2\/product_cat?post=11433"},{"taxonomy":"product_tag","embeddable":true,"href":"https:\/\/idea-wood.com\/en\/wp-json\/wp\/v2\/product_tag?post=11433"}],"curies":[{"name":"wp","href":"https:\/\/api.w.org\/{rel}","templated":true}]}}