{"id":11441,"date":"2025-02-06T11:08:55","date_gmt":"2025-02-06T08:08:55","guid":{"rendered":"https:\/\/idea-wood.com\/?post_type=product&#038;p=11441"},"modified":"2025-04-25T22:05:21","modified_gmt":"2025-04-25T19:05:21","slug":"dogal-kenar-yan-sehpa","status":"publish","type":"product","link":"https:\/\/idea-wood.com\/en\/product\/dogal-kenar-yan-sehpa\/","title":{"rendered":"Do\u011fal Kenar Yan Sehpa  (Do\u011fal Yuvarlak K\u00fct\u00fck)"},"content":{"rendered":"","protected":false},"excerpt":{"rendered":"","protected":false},"featured_media":0,"comment_status":"closed","ping_status":"closed","template":"","meta":{"_joinchat":[]},"product_brand":[],"product_cat":[15,218],"product_tag":[],"class_list":{"0":"post-11441","1":"product","2":"type-product","3":"status-publish","5":"product_cat-genel","6":"product_cat-sehpa","8":"first","9":"instock","10":"taxable","11":"shipping-taxable","12":"product-type-simple"},"_links":{"self":[{"href":"https:\/\/idea-wood.com\/en\/wp-json\/wp\/v2\/product\/11441","targetHints":{"allow":["GET"]}}],"collection":[{"href":"https:\/\/idea-wood.com\/en\/wp-json\/wp\/v2\/product"}],"about":[{"href":"https:\/\/idea-wood.com\/en\/wp-json\/wp\/v2\/types\/product"}],"replies":[{"embeddable":true,"href":"https:\/\/idea-wood.com\/en\/wp-json\/wp\/v2\/comments?post=11441"}],"version-history":[{"count":0,"href":"https:\/\/idea-wood.com\/en\/wp-json\/wp\/v2\/product\/11441\/revisions"}],"wp:attachment":[{"href":"https:\/\/idea-wood.com\/en\/wp-json\/wp\/v2\/media?parent=11441"}],"wp:term":[{"taxonomy":"product_brand","embeddable":true,"href":"https:\/\/idea-wood.com\/en\/wp-json\/wp\/v2\/product_brand?post=11441"},{"taxonomy":"product_cat","embeddable":true,"href":"https:\/\/idea-wood.com\/en\/wp-json\/wp\/v2\/product_cat?post=11441"},{"taxonomy":"product_tag","embeddable":true,"href":"https:\/\/idea-wood.com\/en\/wp-json\/wp\/v2\/product_tag?post=11441"}],"curies":[{"name":"wp","href":"https:\/\/api.w.org\/{rel}","templated":true}]}}