{"id":11447,"date":"2025-02-06T11:09:11","date_gmt":"2025-02-06T08:09:11","guid":{"rendered":"https:\/\/idea-wood.com\/?post_type=product&#038;p=11447"},"modified":"2025-04-25T21:42:05","modified_gmt":"2025-04-25T18:42:05","slug":"rustik-tv-unitesi","status":"publish","type":"product","link":"https:\/\/idea-wood.com\/en\/product\/rustik-tv-unitesi\/","title":{"rendered":"Rustik Tv \u00dcnitesi"},"content":{"rendered":"","protected":false},"excerpt":{"rendered":"<p>&#8216;-Rustik me\u015fe masif ah\u015fap g\u00f6vde ve tabla<\/p>\n<p>-Ya\u011flanm\u0131\u015f ah\u015fap y\u00fczey<\/p>\n<p>-\u0130stenilen renk uygulanabilir<\/p>\n<p>-\u00d6l\u00e7\u00fcleri: 210x50cm<\/p>\n<p>-Farkl\u0131 ebatlarda da \u00fcretilebilir<\/p>","protected":false},"featured_media":0,"comment_status":"closed","ping_status":"closed","template":"","meta":{"_joinchat":[]},"product_brand":[],"product_cat":[15,203],"product_tag":[],"class_list":{"0":"post-11447","1":"product","2":"type-product","3":"status-publish","5":"product_cat-genel","6":"product_cat-tv-unitesi","8":"first","9":"instock","10":"taxable","11":"shipping-taxable","12":"product-type-simple"},"_links":{"self":[{"href":"https:\/\/idea-wood.com\/en\/wp-json\/wp\/v2\/product\/11447","targetHints":{"allow":["GET"]}}],"collection":[{"href":"https:\/\/idea-wood.com\/en\/wp-json\/wp\/v2\/product"}],"about":[{"href":"https:\/\/idea-wood.com\/en\/wp-json\/wp\/v2\/types\/product"}],"replies":[{"embeddable":true,"href":"https:\/\/idea-wood.com\/en\/wp-json\/wp\/v2\/comments?post=11447"}],"version-history":[{"count":0,"href":"https:\/\/idea-wood.com\/en\/wp-json\/wp\/v2\/product\/11447\/revisions"}],"wp:attachment":[{"href":"https:\/\/idea-wood.com\/en\/wp-json\/wp\/v2\/media?parent=11447"}],"wp:term":[{"taxonomy":"product_brand","embeddable":true,"href":"https:\/\/idea-wood.com\/en\/wp-json\/wp\/v2\/product_brand?post=11447"},{"taxonomy":"product_cat","embeddable":true,"href":"https:\/\/idea-wood.com\/en\/wp-json\/wp\/v2\/product_cat?post=11447"},{"taxonomy":"product_tag","embeddable":true,"href":"https:\/\/idea-wood.com\/en\/wp-json\/wp\/v2\/product_tag?post=11447"}],"curies":[{"name":"wp","href":"https:\/\/api.w.org\/{rel}","templated":true}]}}