{"id":11451,"date":"2025-02-06T11:09:12","date_gmt":"2025-02-06T08:09:12","guid":{"rendered":"https:\/\/idea-wood.com\/?post_type=product&#038;p=11451"},"modified":"2025-02-06T11:09:15","modified_gmt":"2025-02-06T08:09:15","slug":"hint-cevizi-masa-2","status":"publish","type":"product","link":"https:\/\/idea-wood.com\/en\/product\/hint-cevizi-masa-2\/","title":{"rendered":"Hint Cevizi Masa"},"content":{"rendered":"<h2 class=\"product_title entry-title\">Hint Cevizi Masa<\/h2>\n<div class=\"woocommerce-product-details__short-description\">\n<p>Genel \u00f6l\u00e7\u00fcleri 160\u00d780-90cm ve 220\u00d780-100cm aras\u0131ndad\u0131r<\/p>\n<p>-Yanyana eklemeli ve parke desenli se\u00e7enekleri mevcuttur<\/p>\n<p>-Ya\u011flanm\u0131\u015f ah\u015fap y\u00fczey<\/p>\n<p>-Ah\u015fap veya Metal Ayak farkl\u0131 se\u00e7enekler kullan\u0131labilir,<\/p>\n<p>-\u00dcr\u00fcnlerin g\u00f6r\u00fcn\u00fc\u015f\u00fc her masada farkl\u0131l\u0131k g\u00f6sterir,<\/p>\n<p>-Ancak genel karakterleri ayn\u0131d\u0131r.<\/p>\n<\/div>","protected":false},"excerpt":{"rendered":"<p>&#8216;-Do\u011fal kenar masif ceviz tabla<br \/>\n-Ya\u011flanm\u0131\u015f ah\u015fap y\u00fczey<br \/>\n-Ah\u015fap veya Metal Ayak<br \/>\n-\u0130stenilen ebata g\u00f6re \u00fcretilebilir<br \/>\n<span class=\"ff1 cf0 fs24\">-\u00dcr\u00fcnlerin g\u00f6r\u00fcn\u00fc\u015f\u00fc her masada farkl\u0131l\u0131k g\u00f6sterir,<br \/>\n-Ancak genel karakterleri ayn\u0131d\u0131r.<\/span><\/p>","protected":false},"featured_media":0,"comment_status":"closed","ping_status":"closed","template":"","meta":{"_joinchat":[]},"product_brand":[],"product_cat":[15],"product_tag":[],"class_list":{"0":"post-11451","1":"product","2":"type-product","3":"status-publish","5":"product_cat-genel","7":"first","8":"instock","9":"taxable","10":"shipping-taxable","11":"product-type-simple"},"_links":{"self":[{"href":"https:\/\/idea-wood.com\/en\/wp-json\/wp\/v2\/product\/11451","targetHints":{"allow":["GET"]}}],"collection":[{"href":"https:\/\/idea-wood.com\/en\/wp-json\/wp\/v2\/product"}],"about":[{"href":"https:\/\/idea-wood.com\/en\/wp-json\/wp\/v2\/types\/product"}],"replies":[{"embeddable":true,"href":"https:\/\/idea-wood.com\/en\/wp-json\/wp\/v2\/comments?post=11451"}],"version-history":[{"count":0,"href":"https:\/\/idea-wood.com\/en\/wp-json\/wp\/v2\/product\/11451\/revisions"}],"wp:attachment":[{"href":"https:\/\/idea-wood.com\/en\/wp-json\/wp\/v2\/media?parent=11451"}],"wp:term":[{"taxonomy":"product_brand","embeddable":true,"href":"https:\/\/idea-wood.com\/en\/wp-json\/wp\/v2\/product_brand?post=11451"},{"taxonomy":"product_cat","embeddable":true,"href":"https:\/\/idea-wood.com\/en\/wp-json\/wp\/v2\/product_cat?post=11451"},{"taxonomy":"product_tag","embeddable":true,"href":"https:\/\/idea-wood.com\/en\/wp-json\/wp\/v2\/product_tag?post=11451"}],"curies":[{"name":"wp","href":"https:\/\/api.w.org\/{rel}","templated":true}]}}