{"id":11468,"date":"2025-02-06T11:09:12","date_gmt":"2025-02-06T08:09:12","guid":{"rendered":"https:\/\/idea-wood.com\/?post_type=product&#038;p=11468"},"modified":"2026-04-22T18:04:47","modified_gmt":"2026-04-22T15:04:47","slug":"knot-tv-unitesi","status":"publish","type":"product","link":"https:\/\/idea-wood.com\/en\/product\/knot-tv-unitesi\/","title":{"rendered":"Knot Tv \u00dcnitesi"},"content":{"rendered":"<p><strong>Ladin Knot Tv \u00dcnitesi<\/strong><\/p>\n<p>F\u0131r\u0131nlanm\u0131\u015f 1. S\u0131n\u0131f Ladin A\u011fac\u0131n\u0131n tazeli\u011fine tan\u0131kl\u0131 edin.<\/p>\n<p>Do\u011fal ah\u015fap \u00fcr\u00fcn\u00fcn s\u0131cakl\u0131\u011f\u0131n\u0131 evinize ta\u015f\u0131mak istiyoruz.<\/p>\n<p><strong><br \/>\n\u00dcr\u00fcn \u00d6l\u00e7\u00fcleri:<\/strong><\/p>\n<p>Boy: 170<\/p>\n<p>Derinlik: 60<br \/>\n<strong><br \/>\nB\u0130LG\u0130LEND\u0130RME:<\/strong>\u00a0Ki\u015fiye \u00f6zel \u00f6l\u00e7\u00fc ve modellerde \u00fcretim i\u00e7in bizimle ileti\u015fime ge\u00e7ebilirsiniz.<\/p>\n<p><strong><br \/>\n\u00dcr\u00fcn Bilgisi:<\/strong><br \/>\nF\u0131r\u0131nlanm\u0131\u015f %100 Ladin a\u011fac\u0131ndan g\u00f6vde ve \u00e7ekmeceler.<br \/>\nMetal ayak.<br \/>\nKimyasal i\u00e7ermeyen \u00f6zel do\u011fal ya\u011f ile koruma.<\/p>\n<p><strong><br \/>\nTeslimat:<\/strong><\/p>\n<p>Ankara i\u00e7i \u00fccretsiz teslimat ve kurulum avantaj\u0131 ile sizlere hizmet veriyoruz.<\/p>\n<p>Sizlere \u00f6zel \u00fcretimimiz ile sadece 4-6 Hafta ile hayalinize kavu\u015fturuyoruz.<\/p>","protected":false},"excerpt":{"rendered":"<p>Ladin Knot Tv \u00dcnitesi F\u0131r\u0131nlanm\u0131\u015f 1. S\u0131n\u0131f Ladin A\u011fac\u0131n\u0131n tazeli\u011fine tan\u0131kl\u0131 edin. Do\u011fal ah\u015fap \u00fcr\u00fcn\u00fcn s\u0131cakl\u0131\u011f\u0131n\u0131 evinize ta\u015f\u0131mak istiyoruz. \u00dcr\u00fcn \u00d6l\u00e7\u00fcleri: Boy: 170 Derinlik: 60 B\u0130LG\u0130LEND\u0130RME:\u00a0Ki\u015fiye \u00f6zel \u00f6l\u00e7\u00fc ve modellerde \u00fcretim i\u00e7in bizimle ileti\u015fime ge\u00e7ebilirsiniz. \u00dcr\u00fcn Bilgisi: F\u0131r\u0131nlanm\u0131\u015f %100 Ladin a\u011fac\u0131ndan g\u00f6vde ve \u00e7ekmeceler. Metal ayak. Kimyasal i\u00e7ermeyen \u00f6zel do\u011fal ya\u011f ile koruma. Teslimat: Ankara [&hellip;]<\/p>","protected":false},"featured_media":14164,"comment_status":"closed","ping_status":"closed","template":"","meta":{"_joinchat":[]},"product_brand":[],"product_cat":[15,203],"product_tag":[],"class_list":{"0":"post-11468","1":"product","2":"type-product","3":"status-publish","4":"has-post-thumbnail","6":"product_cat-genel","7":"product_cat-tv-unitesi","9":"first","10":"instock","11":"taxable","12":"shipping-taxable","13":"product-type-simple"},"_links":{"self":[{"href":"https:\/\/idea-wood.com\/en\/wp-json\/wp\/v2\/product\/11468","targetHints":{"allow":["GET"]}}],"collection":[{"href":"https:\/\/idea-wood.com\/en\/wp-json\/wp\/v2\/product"}],"about":[{"href":"https:\/\/idea-wood.com\/en\/wp-json\/wp\/v2\/types\/product"}],"replies":[{"embeddable":true,"href":"https:\/\/idea-wood.com\/en\/wp-json\/wp\/v2\/comments?post=11468"}],"version-history":[{"count":2,"href":"https:\/\/idea-wood.com\/en\/wp-json\/wp\/v2\/product\/11468\/revisions"}],"predecessor-version":[{"id":14163,"href":"https:\/\/idea-wood.com\/en\/wp-json\/wp\/v2\/product\/11468\/revisions\/14163"}],"wp:featuredmedia":[{"embeddable":true,"href":"https:\/\/idea-wood.com\/en\/wp-json\/wp\/v2\/media\/14164"}],"wp:attachment":[{"href":"https:\/\/idea-wood.com\/en\/wp-json\/wp\/v2\/media?parent=11468"}],"wp:term":[{"taxonomy":"product_brand","embeddable":true,"href":"https:\/\/idea-wood.com\/en\/wp-json\/wp\/v2\/product_brand?post=11468"},{"taxonomy":"product_cat","embeddable":true,"href":"https:\/\/idea-wood.com\/en\/wp-json\/wp\/v2\/product_cat?post=11468"},{"taxonomy":"product_tag","embeddable":true,"href":"https:\/\/idea-wood.com\/en\/wp-json\/wp\/v2\/product_tag?post=11468"}],"curies":[{"name":"wp","href":"https:\/\/api.w.org\/{rel}","templated":true}]}}