{"id":11469,"date":"2025-02-06T11:09:12","date_gmt":"2025-02-06T08:09:12","guid":{"rendered":"https:\/\/idea-wood.com\/?post_type=product&#038;p=11469"},"modified":"2026-04-23T10:20:39","modified_gmt":"2026-04-23T07:20:39","slug":"natura-ceviz-tv-unitesi","status":"publish","type":"product","link":"https:\/\/idea-wood.com\/en\/product\/natura-ceviz-tv-unitesi\/","title":{"rendered":"Natura Ceviz Tv \u00dcnitesi"},"content":{"rendered":"<p><strong>Ceviz Natura Tv \u00dcnitesi<\/strong><\/p>\n<p>F\u0131r\u0131nlanm\u0131\u015f Ceviz A\u011fac\u0131n\u0131n \u015f\u0131kl\u0131\u011f\u0131na tan\u0131kl\u0131 edin.<\/p>\n<p>Do\u011fal ah\u015fap \u00fcr\u00fcn\u00fcn s\u0131cakl\u0131\u011f\u0131n\u0131 evinize ta\u015f\u0131mak istiyoruz.<\/p>\n<p><strong><br \/>\n\u00dcr\u00fcn \u00d6l\u00e7\u00fcleri:<\/strong><\/p>\n<p>Boy: 200<\/p>\n<p>Derinlik: 50<br \/>\n<strong><br \/>\nB\u0130LG\u0130LEND\u0130RME:<\/strong>\u00a0Ki\u015fiye \u00f6zel \u00f6l\u00e7\u00fc ve modellerde \u00fcretim i\u00e7in bizimle ileti\u015fime ge\u00e7ebilirsiniz.<\/p>\n<p><strong><br \/>\n\u00dcr\u00fcn Bilgisi:<\/strong><br \/>\nF\u0131r\u0131nlanm\u0131\u015f %100 Ceviz a\u011fac\u0131ndan \u00fcst ve alt tabla beraberinde aya\u011f\u0131.<br \/>\nMdf \u00fczeri Lake i\u015flem<br \/>\nKimyasal i\u00e7ermeyen \u00f6zel do\u011fal ya\u011f ile koruma.<\/p>\n<p><strong><br \/>\nTeslimat:<\/strong><\/p>\n<p>Ankara i\u00e7i \u00fccretsiz teslimat ve kurulum avantaj\u0131 ile sizlere hizmet veriyoruz.<\/p>\n<p>Sizlere \u00f6zel \u00fcretimimiz ile sadece 4-6 Hafta ile hayalinize kavu\u015fturuyoruz.<\/p>","protected":false},"excerpt":{"rendered":"<p>Do\u011fal kenarl\u0131 ceviz masif ah\u015fap.<\/p>\n<p>Mdf \u00fczeri lake g\u00f6vde.<\/p>\n<p>Y\u00fczeyi ya\u011flanm\u0131\u015f ah\u015fap.<\/p>\n<p>\u0130stenilen renk uygulanabilir.<\/p>\n<p>\u00d6l\u00e7\u00fcler: 200&#215;50<\/p>\n<p>Farkl\u0131 ebatlarda \u00fcretebilir.<\/p>\n<p>Haz\u0131rlanmas\u0131 20-25 \u00e7al\u0131\u015fma g\u00fcn\u00fc s\u00fcrebilir.<\/p>\n<p>Farkl\u0131 renk talebiniz i\u00e7in l\u00fctfen bizimle ileti\u015fime ge\u00e7in.<\/p>","protected":false},"featured_media":14176,"comment_status":"closed","ping_status":"closed","template":"","meta":{"_joinchat":[]},"product_brand":[],"product_cat":[15,203],"product_tag":[288,289,248,287,282,279,280,281,286,285,284,283],"class_list":{"0":"post-11469","1":"product","2":"type-product","3":"status-publish","4":"has-post-thumbnail","6":"product_cat-genel","7":"product_cat-tv-unitesi","8":"product_tag-ahsap-tv-unitesi","9":"product_tag-ahsap-unite","10":"product_tag-ceviz","11":"product_tag-ceviz-ahsap-mobilya","12":"product_tag-ceviz-kereste-mobilya","13":"product_tag-ceviz-kutuk-mobilya","14":"product_tag-ceviz-tv-unite","15":"product_tag-ceviz-tv-unitesi","16":"product_tag-lake-ceviz-mobilya","17":"product_tag-mdf-mobilya","18":"product_tag-walnut-tree-furniture","19":"product_tag-walnut-tv-unit","21":"first","22":"instock","23":"taxable","24":"shipping-taxable","25":"product-type-simple"},"_links":{"self":[{"href":"https:\/\/idea-wood.com\/en\/wp-json\/wp\/v2\/product\/11469","targetHints":{"allow":["GET"]}}],"collection":[{"href":"https:\/\/idea-wood.com\/en\/wp-json\/wp\/v2\/product"}],"about":[{"href":"https:\/\/idea-wood.com\/en\/wp-json\/wp\/v2\/types\/product"}],"replies":[{"embeddable":true,"href":"https:\/\/idea-wood.com\/en\/wp-json\/wp\/v2\/comments?post=11469"}],"version-history":[{"count":2,"href":"https:\/\/idea-wood.com\/en\/wp-json\/wp\/v2\/product\/11469\/revisions"}],"predecessor-version":[{"id":14178,"href":"https:\/\/idea-wood.com\/en\/wp-json\/wp\/v2\/product\/11469\/revisions\/14178"}],"wp:featuredmedia":[{"embeddable":true,"href":"https:\/\/idea-wood.com\/en\/wp-json\/wp\/v2\/media\/14176"}],"wp:attachment":[{"href":"https:\/\/idea-wood.com\/en\/wp-json\/wp\/v2\/media?parent=11469"}],"wp:term":[{"taxonomy":"product_brand","embeddable":true,"href":"https:\/\/idea-wood.com\/en\/wp-json\/wp\/v2\/product_brand?post=11469"},{"taxonomy":"product_cat","embeddable":true,"href":"https:\/\/idea-wood.com\/en\/wp-json\/wp\/v2\/product_cat?post=11469"},{"taxonomy":"product_tag","embeddable":true,"href":"https:\/\/idea-wood.com\/en\/wp-json\/wp\/v2\/product_tag?post=11469"}],"curies":[{"name":"wp","href":"https:\/\/api.w.org\/{rel}","templated":true}]}}