{"id":11470,"date":"2025-02-06T11:09:13","date_gmt":"2025-02-06T08:09:13","guid":{"rendered":"https:\/\/idea-wood.com\/?post_type=product&#038;p=11470"},"modified":"2026-04-23T09:43:18","modified_gmt":"2026-04-23T06:43:18","slug":"termo-wood-tv-unitesi","status":"publish","type":"product","link":"https:\/\/idea-wood.com\/en\/product\/termo-wood-tv-unitesi\/","title":{"rendered":"Thermo-Wood Tv \u00dcnitesi"},"content":{"rendered":"<p><strong>Thermo \u00c7am Tv \u00dcnitesi<\/strong><\/p>\n<p>Thermo i\u015flemi g\u00f6rm\u00fc\u015f 1. S\u0131n\u0131f \u00c7am A\u011fac\u0131n\u0131n kusursuzlu\u011funa eri\u015fin.<\/p>\n<p>Do\u011fal ah\u015fap \u00fcr\u00fcn\u00fcn s\u0131cakl\u0131\u011f\u0131n\u0131 evinize ta\u015f\u0131mak istiyoruz.<\/p>\n<p><strong><br \/>\n\u00dcr\u00fcn \u00d6l\u00e7\u00fcleri:<\/strong><\/p>\n<p>Boy: 300<\/p>\n<p>Derinlik: 50<br \/>\n<strong><br \/>\nB\u0130LG\u0130LEND\u0130RME:<\/strong>\u00a0Ki\u015fiye \u00f6zel \u00f6l\u00e7\u00fc ve modellerde \u00fcretim i\u00e7in bizimle ileti\u015fime ge\u00e7ebilirsiniz.<\/p>\n<p><strong><br \/>\n\u00dcr\u00fcn Bilgisi:<\/strong><br \/>\nThermo i\u015flemi g\u00f6rm\u00fc\u015f %100 \u0130thal \u00c7am a\u011fac\u0131ndan g\u00f6vde ve \u00e7ekmeceler.<br \/>\nMdf \u00fczeri Siyah Lake i\u015flemeli g\u00f6vde ve \u00e7ekmeceler.<br \/>\nMetal Kare ayak.<br \/>\nKimyasal i\u00e7ermeyen \u00f6zel do\u011fal ya\u011f ile koruma.<\/p>\n<p><strong><br \/>\nTeslimat:<\/strong><\/p>\n<p>Ankara i\u00e7i \u00fccretsiz teslimat ve kurulum avantaj\u0131 ile sizlere hizmet veriyoruz.<\/p>\n<p>Sizlere \u00f6zel \u00fcretimimiz ile sadece 4-6 Hafta ile hayalinize kavu\u015fturuyoruz.<\/p>","protected":false},"excerpt":{"rendered":"<p>G\u00f6vde \u00e7am masif panel.<\/p>\n<p>Y\u00fczeyi ya\u011flanm\u0131\u015f ah\u015fap.<\/p>\n<p>\u0130stenilen renk uygulanabilir.<\/p>\n<p>\u00d6l\u00e7\u00fcler: 300&#215;50<\/p>\n<p>Mdf \u00fczeri lake g\u00f6vde.<\/p>\n<p>Farkl\u0131 ebatlarda \u00fcretebilir.<\/p>\n<p>Haz\u0131rlanmas\u0131 20-25 \u00e7al\u0131\u015fma g\u00fcn\u00fc s\u00fcrebilir.<\/p>\n<p>Farkl\u0131 renk talebiniz i\u00e7in l\u00fctfen bizimle ileti\u015fime ge\u00e7in.<\/p>","protected":false},"featured_media":14166,"comment_status":"closed","ping_status":"closed","template":"","meta":{"_joinchat":[]},"product_brand":[],"product_cat":[15,203],"product_tag":[],"class_list":{"0":"post-11470","1":"product","2":"type-product","3":"status-publish","4":"has-post-thumbnail","6":"product_cat-genel","7":"product_cat-tv-unitesi","9":"first","10":"instock","11":"taxable","12":"shipping-taxable","13":"product-type-simple"},"_links":{"self":[{"href":"https:\/\/idea-wood.com\/en\/wp-json\/wp\/v2\/product\/11470","targetHints":{"allow":["GET"]}}],"collection":[{"href":"https:\/\/idea-wood.com\/en\/wp-json\/wp\/v2\/product"}],"about":[{"href":"https:\/\/idea-wood.com\/en\/wp-json\/wp\/v2\/types\/product"}],"replies":[{"embeddable":true,"href":"https:\/\/idea-wood.com\/en\/wp-json\/wp\/v2\/comments?post=11470"}],"version-history":[{"count":2,"href":"https:\/\/idea-wood.com\/en\/wp-json\/wp\/v2\/product\/11470\/revisions"}],"predecessor-version":[{"id":14167,"href":"https:\/\/idea-wood.com\/en\/wp-json\/wp\/v2\/product\/11470\/revisions\/14167"}],"wp:featuredmedia":[{"embeddable":true,"href":"https:\/\/idea-wood.com\/en\/wp-json\/wp\/v2\/media\/14166"}],"wp:attachment":[{"href":"https:\/\/idea-wood.com\/en\/wp-json\/wp\/v2\/media?parent=11470"}],"wp:term":[{"taxonomy":"product_brand","embeddable":true,"href":"https:\/\/idea-wood.com\/en\/wp-json\/wp\/v2\/product_brand?post=11470"},{"taxonomy":"product_cat","embeddable":true,"href":"https:\/\/idea-wood.com\/en\/wp-json\/wp\/v2\/product_cat?post=11470"},{"taxonomy":"product_tag","embeddable":true,"href":"https:\/\/idea-wood.com\/en\/wp-json\/wp\/v2\/product_tag?post=11470"}],"curies":[{"name":"wp","href":"https:\/\/api.w.org\/{rel}","templated":true}]}}