{"id":11471,"date":"2025-02-06T11:09:13","date_gmt":"2025-02-06T08:09:13","guid":{"rendered":"https:\/\/idea-wood.com\/?post_type=product&#038;p=11471"},"modified":"2025-04-25T21:37:19","modified_gmt":"2025-04-25T18:37:19","slug":"kesme-tahtasi","status":"publish","type":"product","link":"https:\/\/idea-wood.com\/en\/product\/kesme-tahtasi\/","title":{"rendered":"Kesme Tahtas\u0131"},"content":{"rendered":"<p>Kestane a\u011fac\u0131ndan yap\u0131lm\u0131\u015f. Ah\u015fab\u0131n y\u00fczeyi do\u011fal ah\u015fap ya\u011f\u0131 ile ya\u011flanm\u0131\u015ft\u0131r.<\/p>\n<p>Model 1\u00a0 (ET-0006.9) : 40 x 17 x 2 cm (sap\u0131 9 cm)<\/p>\n<p>Model 2\u00a0 (ET-0006.11) : 39 x 16 x 2 cm (sap\u0131 10 cm)<\/p>\n<p>Model 3\u00a0 (ET-0006.10) : 35 x 14 x 2 cm (sap\u0131 10 cm)<\/p>\n<p>Model 4\u00a0 (ET-0006.10) : 35 x 14 x 2 cm (sap\u0131 10 cm)<\/p>\n<p>Model 5\u00a0 (ET-0006.7) : 45 x 24 x 2 cm (sap\u0131 9 cm)<\/p>\n<p>Model 6\u00a0 (ET-0006.6) : 39 x 19 x 2 cm (sap\u0131 8 cm)<\/p>\n<p>Model 7\u00a0 (ET-0006.13) : 32 x 20 x 2 cm<\/p>\n<p>Model 8 (ET-0006.12) : 36 x 23 x 2 cm<\/p>\n<p>Model 9 (ET-0006.5) : 37 x 17 x 2 cm<\/p>\n<p>Model 10 (ET-0006.2) : 38 x 17 x 2 cm<\/p>\n<p>Model 11\u00a0 (ET-0006.3) : 36 x 16 x 2 cm<\/p>\n<p>Model 12\u00a0 (ET-0008.2) : 43 x 14 x 2 cm (sap\u0131 9 cm)<\/p>","protected":false},"excerpt":{"rendered":"<p>Kestane a\u011fac\u0131ndan yap\u0131lm\u0131\u015f. Ah\u015fab\u0131n y\u00fczeyi do\u011fal ah\u015fap ya\u011f\u0131 ile ya\u011flanm\u0131\u015ft\u0131r.<\/p>\n<p>Model 1\u00a0 (ET-0006.9) : 40 x 17 x 2 cm (sap\u0131 9 cm)<\/p>\n<p>Model 2\u00a0 (ET-0006.11) : 39 x 16 x 2 cm (sap\u0131 10 cm)<\/p>\n<p>Model 3\u00a0 (ET-0006.10) : 35 x 14 x 2 cm (sap\u0131 10 cm)<\/p>\n<p>Model 4\u00a0 (ET-0006.10) : 35 x 14 x 2 cm (sap\u0131 10 cm)<\/p>\n<p>Model 5\u00a0 (ET-0006.7) : 45 x 24 x 2 cm (sap\u0131 9 cm)<\/p>\n<p>Model 6\u00a0 (ET-0006.6) : 39 x 19 x 2 cm (sap\u0131 8 cm)<\/p>\n<p>Model 7\u00a0 (ET-0006.13) : 32 x 20 x 2 cm<\/p>\n<p>Model 8 (ET-0006.12) : 36 x 23 x 2 cm<\/p>\n<p>Model 9 (ET-0006.5) : 37 x 17 x 2 cm<\/p>\n<p>Model 10 (ET-0006.2) : 38 x 17 x 2 cm<\/p>\n<p>Model 11\u00a0 (ET-0006.3) : 36 x 16 x 2 cm<\/p>\n<p>Model 12\u00a0 (ET-0008.2) : 43 x 14 x 2 cm (sap\u0131 9 cm)<\/p>","protected":false},"featured_media":0,"comment_status":"closed","ping_status":"closed","template":"","meta":{"_joinchat":[]},"product_brand":[],"product_cat":[15,221],"product_tag":[],"class_list":{"0":"post-11471","1":"product","2":"type-product","3":"status-publish","5":"product_cat-genel","6":"product_cat-sunum-tahtalari","8":"first","9":"instock","10":"sale","11":"taxable","12":"shipping-taxable","13":"purchasable","14":"product-type-variable","15":"has-default-attributes"},"_links":{"self":[{"href":"https:\/\/idea-wood.com\/en\/wp-json\/wp\/v2\/product\/11471","targetHints":{"allow":["GET"]}}],"collection":[{"href":"https:\/\/idea-wood.com\/en\/wp-json\/wp\/v2\/product"}],"about":[{"href":"https:\/\/idea-wood.com\/en\/wp-json\/wp\/v2\/types\/product"}],"replies":[{"embeddable":true,"href":"https:\/\/idea-wood.com\/en\/wp-json\/wp\/v2\/comments?post=11471"}],"version-history":[{"count":0,"href":"https:\/\/idea-wood.com\/en\/wp-json\/wp\/v2\/product\/11471\/revisions"}],"wp:attachment":[{"href":"https:\/\/idea-wood.com\/en\/wp-json\/wp\/v2\/media?parent=11471"}],"wp:term":[{"taxonomy":"product_brand","embeddable":true,"href":"https:\/\/idea-wood.com\/en\/wp-json\/wp\/v2\/product_brand?post=11471"},{"taxonomy":"product_cat","embeddable":true,"href":"https:\/\/idea-wood.com\/en\/wp-json\/wp\/v2\/product_cat?post=11471"},{"taxonomy":"product_tag","embeddable":true,"href":"https:\/\/idea-wood.com\/en\/wp-json\/wp\/v2\/product_tag?post=11471"}],"curies":[{"name":"wp","href":"https:\/\/api.w.org\/{rel}","templated":true}]}}