{"id":11479,"date":"2025-02-06T11:09:26","date_gmt":"2025-02-06T08:09:26","guid":{"rendered":"https:\/\/idea-wood.com\/?post_type=product&#038;p=11479"},"modified":"2025-04-25T16:50:23","modified_gmt":"2025-04-25T13:50:23","slug":"ahsap-fotograf-cerceve","status":"publish","type":"product","link":"https:\/\/idea-wood.com\/en\/product\/ahsap-fotograf-cerceve\/","title":{"rendered":"Ah\u015fap Foto\u011fraf \u00c7er\u00e7eve"},"content":{"rendered":"<p>XL \/\u00a0 14*20 cm<\/p>\n<p>L \/ 12*17 cm<\/p>\n<p>M \/ 9*14 cm<\/p>\n<p>S \/ 8*12 cm<\/p>","protected":false},"excerpt":{"rendered":"<p>XL \/\u00a0 14*20 cm<\/p>\n<p>L \/ 12*17 cm<\/p>\n<p>M \/ 9*14 cm<\/p>\n<p>S \/ 8*12 cm<\/p>\n<p>&nbsp;<\/p>\n<p>&nbsp;<\/p>","protected":false},"featured_media":0,"comment_status":"closed","ping_status":"closed","template":"","meta":{"_joinchat":[]},"product_brand":[],"product_cat":[15,211],"product_tag":[],"class_list":{"0":"post-11479","1":"product","2":"type-product","3":"status-publish","5":"product_cat-genel","6":"product_cat-aksesuar","8":"first","9":"instock","10":"sale","11":"taxable","12":"shipping-taxable","13":"purchasable","14":"product-type-simple"},"_links":{"self":[{"href":"https:\/\/idea-wood.com\/en\/wp-json\/wp\/v2\/product\/11479","targetHints":{"allow":["GET"]}}],"collection":[{"href":"https:\/\/idea-wood.com\/en\/wp-json\/wp\/v2\/product"}],"about":[{"href":"https:\/\/idea-wood.com\/en\/wp-json\/wp\/v2\/types\/product"}],"replies":[{"embeddable":true,"href":"https:\/\/idea-wood.com\/en\/wp-json\/wp\/v2\/comments?post=11479"}],"version-history":[{"count":0,"href":"https:\/\/idea-wood.com\/en\/wp-json\/wp\/v2\/product\/11479\/revisions"}],"wp:attachment":[{"href":"https:\/\/idea-wood.com\/en\/wp-json\/wp\/v2\/media?parent=11479"}],"wp:term":[{"taxonomy":"product_brand","embeddable":true,"href":"https:\/\/idea-wood.com\/en\/wp-json\/wp\/v2\/product_brand?post=11479"},{"taxonomy":"product_cat","embeddable":true,"href":"https:\/\/idea-wood.com\/en\/wp-json\/wp\/v2\/product_cat?post=11479"},{"taxonomy":"product_tag","embeddable":true,"href":"https:\/\/idea-wood.com\/en\/wp-json\/wp\/v2\/product_tag?post=11479"}],"curies":[{"name":"wp","href":"https:\/\/api.w.org\/{rel}","templated":true}]}}