{"id":11484,"date":"2025-02-06T11:09:26","date_gmt":"2025-02-06T08:09:26","guid":{"rendered":"https:\/\/idea-wood.com\/?post_type=product&#038;p=11484"},"modified":"2025-04-25T21:36:15","modified_gmt":"2025-04-25T18:36:15","slug":"mozaik-yuvarlak-ayna","status":"publish","type":"product","link":"https:\/\/idea-wood.com\/en\/product\/mozaik-yuvarlak-ayna\/","title":{"rendered":"Mozaik Yuvarlak Ayna"},"content":{"rendered":"<p>Ah\u015fap y\u00fczey istenilen renk ah\u015fap ya\u011f\u0131 uygulanabilir.<\/p>\n<p>\u0130stenilen farkl\u0131 ebatta imalat yap\u0131l\u0131r.<\/p>\n<p>Haz\u0131rlanmas\u0131 10-15 \u00e7al\u0131\u015fma g\u00fcn\u00fc s\u00fcrebilir.<\/p>\n<p>Farkl\u0131 renk ve ebat talebiniz i\u00e7in l\u00fctfen bizimle ileti\u015fime ge\u00e7in.<\/p>","protected":false},"excerpt":{"rendered":"<p>Ah\u015fap y\u00fczey istenilen renk ah\u015fap ya\u011f\u0131 uygulanabilir.<\/p>\n<p>\u0130stenilen farkl\u0131 ebatta imalat yap\u0131l\u0131r.<\/p>\n<p>Haz\u0131rlanmas\u0131 10-15 \u00e7al\u0131\u015fma g\u00fcn\u00fc s\u00fcrebilir.<\/p>\n<p>Farkl\u0131 renk ve ebat talebiniz i\u00e7in l\u00fctfen bizimle ileti\u015fime ge\u00e7in.<\/p>","protected":false},"featured_media":0,"comment_status":"closed","ping_status":"closed","template":"","meta":{"_joinchat":[]},"product_brand":[],"product_cat":[242,15],"product_tag":[],"class_list":{"0":"post-11484","1":"product","2":"type-product","3":"status-publish","5":"product_cat-ayna-cerceve","6":"product_cat-genel","8":"first","9":"instock","10":"taxable","11":"shipping-taxable","12":"product-type-simple"},"_links":{"self":[{"href":"https:\/\/idea-wood.com\/en\/wp-json\/wp\/v2\/product\/11484","targetHints":{"allow":["GET"]}}],"collection":[{"href":"https:\/\/idea-wood.com\/en\/wp-json\/wp\/v2\/product"}],"about":[{"href":"https:\/\/idea-wood.com\/en\/wp-json\/wp\/v2\/types\/product"}],"replies":[{"embeddable":true,"href":"https:\/\/idea-wood.com\/en\/wp-json\/wp\/v2\/comments?post=11484"}],"version-history":[{"count":0,"href":"https:\/\/idea-wood.com\/en\/wp-json\/wp\/v2\/product\/11484\/revisions"}],"wp:attachment":[{"href":"https:\/\/idea-wood.com\/en\/wp-json\/wp\/v2\/media?parent=11484"}],"wp:term":[{"taxonomy":"product_brand","embeddable":true,"href":"https:\/\/idea-wood.com\/en\/wp-json\/wp\/v2\/product_brand?post=11484"},{"taxonomy":"product_cat","embeddable":true,"href":"https:\/\/idea-wood.com\/en\/wp-json\/wp\/v2\/product_cat?post=11484"},{"taxonomy":"product_tag","embeddable":true,"href":"https:\/\/idea-wood.com\/en\/wp-json\/wp\/v2\/product_tag?post=11484"}],"curies":[{"name":"wp","href":"https:\/\/api.w.org\/{rel}","templated":true}]}}