{"id":11485,"date":"2025-02-06T11:09:27","date_gmt":"2025-02-06T08:09:27","guid":{"rendered":"https:\/\/idea-wood.com\/?post_type=product&#038;p=11485"},"modified":"2025-04-25T16:46:50","modified_gmt":"2025-04-25T13:46:50","slug":"natural-edge-zigon-sehpa","status":"publish","type":"product","link":"https:\/\/idea-wood.com\/en\/product\/natural-edge-zigon-sehpa\/","title":{"rendered":"Naturedge Zigon Sehpa 3&#8217;l\u00fc"},"content":{"rendered":"<p>Natural Edge (Do\u011fal Kenarl\u0131) Zigon Sehpa Tak\u0131m\u0131 3\u2019l\u00fc<\/p>\n<p>Masif ah\u015fap tabla ve ayak (Kesinlikle mdf, kaplama vb i\u00e7ermemektedir)<\/p>\n<p>-\u00d6l\u00e7\u00fcleri:<br \/>\nB\u00fcy\u00fck 62 x 40 x h:51cm<br \/>\nOrta 49 x 40 x h:48cm<br \/>\nK\u00fc\u00e7\u00fck 36 x 40 x h:44cm<\/p>\n<p>-Ayaklar s\u00f6k\u00fcl\u00fcr tak\u0131labilir \u015fekildedir<\/p>\n<p>-Rubio monocoat ah\u015fap ya\u011f\u0131 ile ya\u011flanm\u0131\u015f ah\u015fap y\u00fczey<\/p>\n<p>&nbsp;<\/p>","protected":false},"excerpt":{"rendered":"<p>Natural edge Zigon Sehpa Tak\u0131m\u0131 3\u2019l\u00fc<\/p>\n<p>Masif ah\u015fap tabla ve ayak (Kesinlikle mdf, kaplama vb i\u00e7ermemektedir)<\/p>\n<p>-\u00d6l\u00e7\u00fcleri:<br \/>\nB\u00fcy\u00fck 62 x 40 x h:51cm<br \/>\nOrta 49 x 40 x h:48cm<br \/>\nK\u00fc\u00e7\u00fck 36 x 40 x h:44cm<\/p>\n<p>-Ayaklar s\u00f6k\u00fcl\u00fcr tak\u0131labilir \u015fekildedir<\/p>\n<p>-Rubio monocoat ah\u015fap ya\u011f\u0131 ile ya\u011flanm\u0131\u015f ah\u015fap y\u00fczey<\/p>\n<p>&nbsp;<\/p>\n<p>&nbsp;<\/p>\n<p>&nbsp;<\/p>\n<p>&nbsp;<\/p>\n<p>&nbsp;<\/p>","protected":false},"featured_media":0,"comment_status":"closed","ping_status":"closed","template":"","meta":{"_joinchat":[]},"product_brand":[],"product_cat":[15,219],"product_tag":[],"class_list":{"0":"post-11485","1":"product","2":"type-product","3":"status-publish","5":"product_cat-genel","6":"product_cat-zigon-sehpa","7":"product_shipping_class-kargo-aksesuar","9":"first","10":"instock","11":"sale","12":"taxable","13":"shipping-taxable","14":"purchasable","15":"product-type-simple"},"_links":{"self":[{"href":"https:\/\/idea-wood.com\/en\/wp-json\/wp\/v2\/product\/11485","targetHints":{"allow":["GET"]}}],"collection":[{"href":"https:\/\/idea-wood.com\/en\/wp-json\/wp\/v2\/product"}],"about":[{"href":"https:\/\/idea-wood.com\/en\/wp-json\/wp\/v2\/types\/product"}],"replies":[{"embeddable":true,"href":"https:\/\/idea-wood.com\/en\/wp-json\/wp\/v2\/comments?post=11485"}],"version-history":[{"count":0,"href":"https:\/\/idea-wood.com\/en\/wp-json\/wp\/v2\/product\/11485\/revisions"}],"wp:attachment":[{"href":"https:\/\/idea-wood.com\/en\/wp-json\/wp\/v2\/media?parent=11485"}],"wp:term":[{"taxonomy":"product_brand","embeddable":true,"href":"https:\/\/idea-wood.com\/en\/wp-json\/wp\/v2\/product_brand?post=11485"},{"taxonomy":"product_cat","embeddable":true,"href":"https:\/\/idea-wood.com\/en\/wp-json\/wp\/v2\/product_cat?post=11485"},{"taxonomy":"product_tag","embeddable":true,"href":"https:\/\/idea-wood.com\/en\/wp-json\/wp\/v2\/product_tag?post=11485"}],"curies":[{"name":"wp","href":"https:\/\/api.w.org\/{rel}","templated":true}]}}