{"id":11487,"date":"2025-02-06T11:09:27","date_gmt":"2025-02-06T08:09:27","guid":{"rendered":"https:\/\/idea-wood.com\/?post_type=product&#038;p=11487"},"modified":"2025-04-25T16:32:16","modified_gmt":"2025-04-25T13:32:16","slug":"zarif-tv-unitesi","status":"publish","type":"product","link":"https:\/\/idea-wood.com\/en\/product\/zarif-tv-unitesi\/","title":{"rendered":"Zarif Tv \u00dcnitesi"},"content":{"rendered":"<p>G\u00f6vde me\u015fe a\u011fac\u0131ndan.<\/p>\n<p>\u0130stenilen renk uygulanabilir.<\/p>\n<p>\u00d6l\u00e7\u00fcler: 220x40x55<\/p>\n<p>Farkl\u0131 ebatlarda \u00fcretebilir.<\/p>\n<p>Haz\u0131rlanmas\u0131 20-25 \u00e7al\u0131\u015fma g\u00fcn\u00fc s\u00fcrebilir.<\/p>\n<p>Farkl\u0131 renk talebiniz i\u00e7in l\u00fctfen bizimle ileti\u015fime ge\u00e7in.<\/p>","protected":false},"excerpt":{"rendered":"<p>G\u00f6vde me\u015fe a\u011fac\u0131ndan.<\/p>\n<p>\u0130stenilen renk uygulanabilir.<\/p>\n<p>\u00d6l\u00e7\u00fcler: 220x40x55<\/p>\n<p>Farkl\u0131 ebatlarda \u00fcretebilir.<\/p>\n<p>Haz\u0131rlanmas\u0131 20-25 \u00e7al\u0131\u015fma g\u00fcn\u00fc s\u00fcrebilir.<\/p>\n<p>Farkl\u0131 renk talebiniz i\u00e7in l\u00fctfen bizimle ileti\u015fime ge\u00e7in.<\/p>","protected":false},"featured_media":0,"comment_status":"closed","ping_status":"closed","template":"","meta":{"_joinchat":[]},"product_brand":[],"product_cat":[15,203],"product_tag":[],"class_list":{"0":"post-11487","1":"product","2":"type-product","3":"status-publish","5":"product_cat-genel","6":"product_cat-tv-unitesi","8":"first","9":"instock","10":"taxable","11":"shipping-taxable","12":"product-type-simple"},"_links":{"self":[{"href":"https:\/\/idea-wood.com\/en\/wp-json\/wp\/v2\/product\/11487","targetHints":{"allow":["GET"]}}],"collection":[{"href":"https:\/\/idea-wood.com\/en\/wp-json\/wp\/v2\/product"}],"about":[{"href":"https:\/\/idea-wood.com\/en\/wp-json\/wp\/v2\/types\/product"}],"replies":[{"embeddable":true,"href":"https:\/\/idea-wood.com\/en\/wp-json\/wp\/v2\/comments?post=11487"}],"version-history":[{"count":0,"href":"https:\/\/idea-wood.com\/en\/wp-json\/wp\/v2\/product\/11487\/revisions"}],"wp:attachment":[{"href":"https:\/\/idea-wood.com\/en\/wp-json\/wp\/v2\/media?parent=11487"}],"wp:term":[{"taxonomy":"product_brand","embeddable":true,"href":"https:\/\/idea-wood.com\/en\/wp-json\/wp\/v2\/product_brand?post=11487"},{"taxonomy":"product_cat","embeddable":true,"href":"https:\/\/idea-wood.com\/en\/wp-json\/wp\/v2\/product_cat?post=11487"},{"taxonomy":"product_tag","embeddable":true,"href":"https:\/\/idea-wood.com\/en\/wp-json\/wp\/v2\/product_tag?post=11487"}],"curies":[{"name":"wp","href":"https:\/\/api.w.org\/{rel}","templated":true}]}}