{"id":11489,"date":"2025-02-06T11:09:27","date_gmt":"2025-02-06T08:09:27","guid":{"rendered":"https:\/\/idea-wood.com\/?post_type=product&#038;p=11489"},"modified":"2026-04-29T07:48:58","modified_gmt":"2026-04-29T04:48:58","slug":"ak-gurgen-orta-sehpa","status":"publish","type":"product","link":"https:\/\/idea-wood.com\/en\/product\/ak-gurgen-orta-sehpa\/","title":{"rendered":"Natura Akg\u00fcrgen Orta Sehpa"},"content":{"rendered":"<p><strong>Natura Akg\u00fcrgen Orta Sehpa Konsol\u00a0 (Do\u011fal Yuvarlak K\u00fct\u00fck)<\/strong><\/p>\n<p>Akg\u00fcrgen A\u011fac\u0131n\u0131n Naturel dokusunu hissedin.<br \/>\nDo\u011fal ah\u015fap \u00fcr\u00fcn\u00fcn s\u0131cakl\u0131\u011f\u0131n\u0131 evinize ta\u015f\u0131mak istiyoruz.<\/p>\n<p><strong><br \/>\n\u00dcr\u00fcn \u00d6l\u00e7\u00fcleri:<\/strong><\/p>\n<p>\u00c7ap: 70<\/p>\n<p><strong>B\u0130LG\u0130LEND\u0130RME:<\/strong>\u00a0Ki\u015fiye \u00f6zel \u00f6l\u00e7\u00fc ve modellerde \u00fcretim i\u00e7in bizimle ileti\u015fime ge\u00e7ebilirsiniz.<\/p>\n<p><strong><br \/>\n\u00dcr\u00fcn Bilgisi:<\/strong><br \/>\nF\u0131r\u0131nlanm\u0131\u015f %100 Akg\u00fcrgen A\u011fac\u0131ndan \u00fcst tabla.<br \/>\nMetal Tel Ayak.<br \/>\nKimyasal i\u00e7ermeyen \u00f6zel do\u011fal ya\u011f ile koruma.<\/p>\n<p><strong><br \/>\nTeslimat:<\/strong><\/p>\n<p>Ankara i\u00e7i \u00fccretsiz teslimat ve kurulum avantaj\u0131 ile sizlere hizmet veriyoruz.<\/p>\n<p>Sizlere \u00f6zel \u00fcretimimiz ile sadece 4-6 Hafta ile hayalinize kavu\u015fturuyoruz.<\/p>","protected":false},"excerpt":{"rendered":"<p>Natura Akg\u00fcrgen Orta Sehpa Konsol\u00a0 (Do\u011fal Yuvarlak K\u00fct\u00fck) Akg\u00fcrgen A\u011fac\u0131n\u0131n Naturel dokusunu hissedin. Do\u011fal ah\u015fap \u00fcr\u00fcn\u00fcn s\u0131cakl\u0131\u011f\u0131n\u0131 evinize ta\u015f\u0131mak istiyoruz. \u00dcr\u00fcn \u00d6l\u00e7\u00fcleri: \u00c7ap: 70 B\u0130LG\u0130LEND\u0130RME:\u00a0Ki\u015fiye \u00f6zel \u00f6l\u00e7\u00fc ve modellerde \u00fcretim i\u00e7in bizimle ileti\u015fime ge\u00e7ebilirsiniz. \u00dcr\u00fcn Bilgisi: F\u0131r\u0131nlanm\u0131\u015f %100 Akg\u00fcrgen A\u011fac\u0131ndan \u00fcst tabla. Metal Tel Ayak. Kimyasal i\u00e7ermeyen \u00f6zel do\u011fal ya\u011f ile koruma. Teslimat: Ankara i\u00e7i [&hellip;]<\/p>","protected":false},"featured_media":0,"comment_status":"closed","ping_status":"closed","template":"","meta":{"_joinchat":[]},"product_brand":[],"product_cat":[15,218,214,231],"product_tag":[324,321,323,322,334,333,250,326,332,328,327,329,331,330,245,325],"class_list":{"0":"post-11489","1":"product","2":"type-product","3":"status-publish","5":"product_cat-genel","6":"product_cat-sehpa","7":"product_cat-epoksi","8":"product_cat-aksesuar-epoksi","9":"product_tag-akgurgen-kutuk-mobilya","10":"product_tag-akgurgen-masa","11":"product_tag-akgurgen-mobilya","12":"product_tag-akgurgen-orta-sehpa","13":"product_tag-ankara-kutuk-mobilya","14":"product_tag-ankara-mobilya","15":"product_tag-epoksi","16":"product_tag-epoksi-mobilya","17":"product_tag-furniture","18":"product_tag-idea-wood","19":"product_tag-ideawood","20":"product_tag-idea","21":"product_tag-idea-furniture","22":"product_tag-idea-mobilya","23":"product_tag-kutuk","24":"product_tag-kutuk-mobilya","26":"first","27":"instock","28":"taxable","29":"shipping-taxable","30":"product-type-simple"},"_links":{"self":[{"href":"https:\/\/idea-wood.com\/en\/wp-json\/wp\/v2\/product\/11489","targetHints":{"allow":["GET"]}}],"collection":[{"href":"https:\/\/idea-wood.com\/en\/wp-json\/wp\/v2\/product"}],"about":[{"href":"https:\/\/idea-wood.com\/en\/wp-json\/wp\/v2\/types\/product"}],"replies":[{"embeddable":true,"href":"https:\/\/idea-wood.com\/en\/wp-json\/wp\/v2\/comments?post=11489"}],"version-history":[{"count":2,"href":"https:\/\/idea-wood.com\/en\/wp-json\/wp\/v2\/product\/11489\/revisions"}],"predecessor-version":[{"id":14212,"href":"https:\/\/idea-wood.com\/en\/wp-json\/wp\/v2\/product\/11489\/revisions\/14212"}],"wp:attachment":[{"href":"https:\/\/idea-wood.com\/en\/wp-json\/wp\/v2\/media?parent=11489"}],"wp:term":[{"taxonomy":"product_brand","embeddable":true,"href":"https:\/\/idea-wood.com\/en\/wp-json\/wp\/v2\/product_brand?post=11489"},{"taxonomy":"product_cat","embeddable":true,"href":"https:\/\/idea-wood.com\/en\/wp-json\/wp\/v2\/product_cat?post=11489"},{"taxonomy":"product_tag","embeddable":true,"href":"https:\/\/idea-wood.com\/en\/wp-json\/wp\/v2\/product_tag?post=11489"}],"curies":[{"name":"wp","href":"https:\/\/api.w.org\/{rel}","templated":true}]}}