{"id":11491,"date":"2025-02-06T11:09:27","date_gmt":"2025-02-06T08:09:27","guid":{"rendered":"https:\/\/idea-wood.com\/?post_type=product&#038;p=11491"},"modified":"2025-04-25T22:02:31","modified_gmt":"2025-04-25T19:02:31","slug":"ceviz-epoksili-orta-sehpa","status":"publish","type":"product","link":"https:\/\/idea-wood.com\/en\/product\/ceviz-epoksili-orta-sehpa\/","title":{"rendered":"Natura Ceviz Epoksili Orta Sehpa (Do\u011fal Yuvarlak K\u00fct\u00fck)"},"content":{"rendered":"<p>Ceviz epoksili\u00a0 orta sehpa<\/p>\n<p>85x63x4cm<\/p>\n<p>\u00d6zel tasar\u0131m imal edilmi\u015f .<\/p>\n<p>Haz\u0131rlanmas\u0131 15- 20 \u00e7al\u0131\u015fma g\u00fcn\u00fc s\u00fcrebilir.<\/p>\n<p>Farkl\u0131 renk ve ah\u015fap talebiniz i\u00e7in l\u00fctfen bizimle ileti\u015fime ge\u00e7in.<\/p>","protected":false},"excerpt":{"rendered":"<p>Ceviz epoksili\u00a0 orta sehpa<\/p>\n<p>85x63x4cm<\/p>\n<p>\u00d6zel tasar\u0131m imal edilmi\u015f .<\/p>\n<p>Haz\u0131rlanmas\u0131 15- 20 \u00e7al\u0131\u015fma g\u00fcn\u00fc s\u00fcrebilir.<\/p>\n<p>Farkl\u0131 renk ve ah\u015fap talebiniz i\u00e7in l\u00fctfen bizimle ileti\u015fime ge\u00e7in.<\/p>","protected":false},"featured_media":0,"comment_status":"closed","ping_status":"closed","template":"","meta":{"_joinchat":[]},"product_brand":[],"product_cat":[15,218,230],"product_tag":[],"class_list":{"0":"post-11491","1":"product","2":"type-product","3":"status-publish","5":"product_cat-genel","6":"product_cat-sehpa","7":"product_cat-sehpa-epoksi","9":"first","10":"instock","11":"taxable","12":"shipping-taxable","13":"product-type-simple"},"_links":{"self":[{"href":"https:\/\/idea-wood.com\/en\/wp-json\/wp\/v2\/product\/11491","targetHints":{"allow":["GET"]}}],"collection":[{"href":"https:\/\/idea-wood.com\/en\/wp-json\/wp\/v2\/product"}],"about":[{"href":"https:\/\/idea-wood.com\/en\/wp-json\/wp\/v2\/types\/product"}],"replies":[{"embeddable":true,"href":"https:\/\/idea-wood.com\/en\/wp-json\/wp\/v2\/comments?post=11491"}],"version-history":[{"count":0,"href":"https:\/\/idea-wood.com\/en\/wp-json\/wp\/v2\/product\/11491\/revisions"}],"wp:attachment":[{"href":"https:\/\/idea-wood.com\/en\/wp-json\/wp\/v2\/media?parent=11491"}],"wp:term":[{"taxonomy":"product_brand","embeddable":true,"href":"https:\/\/idea-wood.com\/en\/wp-json\/wp\/v2\/product_brand?post=11491"},{"taxonomy":"product_cat","embeddable":true,"href":"https:\/\/idea-wood.com\/en\/wp-json\/wp\/v2\/product_cat?post=11491"},{"taxonomy":"product_tag","embeddable":true,"href":"https:\/\/idea-wood.com\/en\/wp-json\/wp\/v2\/product_tag?post=11491"}],"curies":[{"name":"wp","href":"https:\/\/api.w.org\/{rel}","templated":true}]}}