{"id":11508,"date":"2025-02-06T11:09:41","date_gmt":"2025-02-06T08:09:41","guid":{"rendered":"https:\/\/idea-wood.com\/?post_type=product&#038;p=11508"},"modified":"2025-05-11T21:56:20","modified_gmt":"2025-05-11T18:56:20","slug":"crown-sandalye","status":"publish","type":"product","link":"https:\/\/idea-wood.com\/en\/product\/crown-sandalye\/","title":{"rendered":"Crown  Sandalye"},"content":{"rendered":"<p>\u00d6zel tasar\u0131m metalden imal edilmi\u015f iskelet.<\/p>\n<p>F\u0131r\u0131n boyu yap\u0131lm\u0131\u015ft\u0131r.<\/p>\n<p>Oturum ve s\u0131rt minderi hareketli s\u00f6k\u00fclebilir \u015fekildedir.<\/p>\n<p>Haz\u0131rlamas\u0131 10-15 i\u015f g\u00fcn\u00fc s\u00fcrebilir.<\/p>\n<p>Farkl\u0131 renk ve d\u00f6\u015feme talebiniz i\u00e7in l\u00fctfen bizimle ileti\u015fime ge\u00e7iniz.<\/p>","protected":false},"excerpt":{"rendered":"<p>\u00d6zel tasar\u0131m metalden imal edilmi\u015f iskelet.<\/p>\n<p>F\u0131r\u0131n boyu yap\u0131lm\u0131\u015ft\u0131r.<\/p>\n<p>Oturum ve s\u0131rt minderi hareketli s\u00f6k\u00fclebilir \u015fekildedir.<\/p>\n<p>Haz\u0131rlamas\u0131 10-15 i\u015f g\u00fcn\u00fc s\u00fcrebilir.<\/p>\n<p>Farkl\u0131 renk ve d\u00f6\u015feme talebiniz i\u00e7in l\u00fctfen bizimle ileti\u015fime ge\u00e7iniz.<\/p>","protected":false},"featured_media":14056,"comment_status":"closed","ping_status":"closed","template":"","meta":{"_joinchat":[]},"product_brand":[],"product_cat":[15,224,199],"product_tag":[],"class_list":{"0":"post-11508","1":"product","2":"type-product","3":"status-publish","4":"has-post-thumbnail","6":"product_cat-genel","7":"product_cat-sandalye-cafe-restaurant","8":"product_cat-sandalye","10":"first","11":"instock","12":"taxable","13":"shipping-taxable","14":"product-type-simple"},"_links":{"self":[{"href":"https:\/\/idea-wood.com\/en\/wp-json\/wp\/v2\/product\/11508","targetHints":{"allow":["GET"]}}],"collection":[{"href":"https:\/\/idea-wood.com\/en\/wp-json\/wp\/v2\/product"}],"about":[{"href":"https:\/\/idea-wood.com\/en\/wp-json\/wp\/v2\/types\/product"}],"replies":[{"embeddable":true,"href":"https:\/\/idea-wood.com\/en\/wp-json\/wp\/v2\/comments?post=11508"}],"version-history":[{"count":0,"href":"https:\/\/idea-wood.com\/en\/wp-json\/wp\/v2\/product\/11508\/revisions"}],"wp:featuredmedia":[{"embeddable":true,"href":"https:\/\/idea-wood.com\/en\/wp-json\/wp\/v2\/media\/14056"}],"wp:attachment":[{"href":"https:\/\/idea-wood.com\/en\/wp-json\/wp\/v2\/media?parent=11508"}],"wp:term":[{"taxonomy":"product_brand","embeddable":true,"href":"https:\/\/idea-wood.com\/en\/wp-json\/wp\/v2\/product_brand?post=11508"},{"taxonomy":"product_cat","embeddable":true,"href":"https:\/\/idea-wood.com\/en\/wp-json\/wp\/v2\/product_cat?post=11508"},{"taxonomy":"product_tag","embeddable":true,"href":"https:\/\/idea-wood.com\/en\/wp-json\/wp\/v2\/product_tag?post=11508"}],"curies":[{"name":"wp","href":"https:\/\/api.w.org\/{rel}","templated":true}]}}