{"id":11528,"date":"2025-02-06T11:09:42","date_gmt":"2025-02-06T08:09:42","guid":{"rendered":"https:\/\/idea-wood.com\/?post_type=product&#038;p=11528"},"modified":"2025-04-08T16:18:26","modified_gmt":"2025-04-08T13:18:26","slug":"iskandinav-sandalye","status":"publish","type":"product","link":"https:\/\/idea-wood.com\/en\/product\/iskandinav-sandalye\/","title":{"rendered":"\u0130skandinav Sandalye"},"content":{"rendered":"<p>Kay\u0131n masif ah\u015fap iskelet.<\/p>\n<p>Ah\u015fap y\u00fczey istenilen renk ah\u015fap ya\u011f\u0131 veya cila uygulanabilir.<\/p>\n<p>\u0130stenilen farkl\u0131 kuma\u015f ve deri ile d\u00f6\u015fenebilir.<\/p>\n<p>Haz\u0131rlanmas\u0131 10-15 \u00e7al\u0131\u015fma g\u00fcn\u00fc s\u00fcrebilir.<\/p>\n<p>Farkl\u0131 renk ve d\u00f6\u015feme talebiniz i\u00e7in l\u00fctfen bizimle ileti\u015fime ge\u00e7in.<\/p>","protected":false},"excerpt":{"rendered":"<p>Kay\u0131n masif ah\u015fap iskelet.<\/p>\n<p>Ah\u015fap y\u00fczey istenilen renk ah\u015fap ya\u011f\u0131 veya cila uygulanabilir.<\/p>\n<p>\u0130stenilen farkl\u0131 kuma\u015f ve deri ile d\u00f6\u015fenebilir.<\/p>\n<p>Haz\u0131rlanmas\u0131 10-15 \u00e7al\u0131\u015fma g\u00fcn\u00fc s\u00fcrebilir.<\/p>\n<p>Farkl\u0131 renk ve d\u00f6\u015feme talebiniz i\u00e7in l\u00fctfen bizimle ileti\u015fime ge\u00e7in.<\/p>","protected":false},"featured_media":12198,"comment_status":"closed","ping_status":"closed","template":"","meta":{"_joinchat":[]},"product_brand":[],"product_cat":[15],"product_tag":[],"class_list":{"0":"post-11528","1":"product","2":"type-product","3":"status-publish","4":"has-post-thumbnail","6":"product_cat-genel","8":"first","9":"instock","10":"taxable","11":"shipping-taxable","12":"product-type-simple"},"_links":{"self":[{"href":"https:\/\/idea-wood.com\/en\/wp-json\/wp\/v2\/product\/11528","targetHints":{"allow":["GET"]}}],"collection":[{"href":"https:\/\/idea-wood.com\/en\/wp-json\/wp\/v2\/product"}],"about":[{"href":"https:\/\/idea-wood.com\/en\/wp-json\/wp\/v2\/types\/product"}],"replies":[{"embeddable":true,"href":"https:\/\/idea-wood.com\/en\/wp-json\/wp\/v2\/comments?post=11528"}],"version-history":[{"count":0,"href":"https:\/\/idea-wood.com\/en\/wp-json\/wp\/v2\/product\/11528\/revisions"}],"wp:featuredmedia":[{"embeddable":true,"href":"https:\/\/idea-wood.com\/en\/wp-json\/wp\/v2\/media\/12198"}],"wp:attachment":[{"href":"https:\/\/idea-wood.com\/en\/wp-json\/wp\/v2\/media?parent=11528"}],"wp:term":[{"taxonomy":"product_brand","embeddable":true,"href":"https:\/\/idea-wood.com\/en\/wp-json\/wp\/v2\/product_brand?post=11528"},{"taxonomy":"product_cat","embeddable":true,"href":"https:\/\/idea-wood.com\/en\/wp-json\/wp\/v2\/product_cat?post=11528"},{"taxonomy":"product_tag","embeddable":true,"href":"https:\/\/idea-wood.com\/en\/wp-json\/wp\/v2\/product_tag?post=11528"}],"curies":[{"name":"wp","href":"https:\/\/api.w.org\/{rel}","templated":true}]}}