{"id":11532,"date":"2025-02-06T11:09:42","date_gmt":"2025-02-06T08:09:42","guid":{"rendered":"https:\/\/idea-wood.com\/?post_type=product&#038;p=11532"},"modified":"2025-04-25T16:28:55","modified_gmt":"2025-04-25T13:28:55","slug":"kestane-epoksili-masa-2","status":"publish","type":"product","link":"https:\/\/idea-wood.com\/en\/product\/kestane-epoksili-masa-2\/","title":{"rendered":"Kestane Epoksili Masa"},"content":{"rendered":"<h2 class=\"product_title entry-title\">Kestane Epoksili Masa<\/h2>\n<div class=\"woocommerce-product-details__short-description\">\n<p>Genel \u00f6l\u00e7\u00fcleri 240\u00d790-95*5cm aras\u0131ndad\u0131r<\/p>\n<p>-Yanyana eklemeli ve parke desenli se\u00e7enekleri mevcuttur<\/p>\n<p>-Ya\u011flanm\u0131\u015f ah\u015fap y\u00fczey<\/p>\n<p>-Ah\u015fap veya Metal Ayak farkl\u0131 se\u00e7enekler kullan\u0131labilir,<\/p>\n<p>-\u00dcr\u00fcnlerin g\u00f6r\u00fcn\u00fc\u015f\u00fc her masada farkl\u0131l\u0131k g\u00f6sterir,<\/p>\n<p>-Ancak genel karakterleri ayn\u0131d\u0131r.<\/p>\n<\/div>","protected":false},"excerpt":{"rendered":"<h2 class=\"product_title entry-title\">Kestane Epoksili Masa<\/h2>\n<div class=\"woocommerce-product-details__short-description\">\n<p>Genel \u00f6l\u00e7\u00fcleri 240\u00d790-95*5cm aras\u0131ndad\u0131r<\/p>\n<\/div>\n<div class=\"woocommerce-product-details__short-description\">\n<p>-Yanyana eklemeli ve parke desenli se\u00e7enekleri mevcuttur<\/p>\n<p>-Ya\u011flanm\u0131\u015f ah\u015fap y\u00fczey<\/p>\n<p>-Ah\u015fap veya Metal Ayak farkl\u0131 se\u00e7enekler kullan\u0131labilir,<\/p>\n<p>-\u00dcr\u00fcnlerin g\u00f6r\u00fcn\u00fc\u015f\u00fc her masada farkl\u0131l\u0131k g\u00f6sterir,<\/p>\n<p>-Ancak genel karakterleri ayn\u0131d\u0131r.<\/p>\n<\/div>","protected":false},"featured_media":12837,"comment_status":"closed","ping_status":"closed","template":"","meta":{"_joinchat":[]},"product_brand":[],"product_cat":[15,198,229],"product_tag":[],"class_list":{"0":"post-11532","1":"product","2":"type-product","3":"status-publish","4":"has-post-thumbnail","6":"product_cat-genel","7":"product_cat-masa","8":"product_cat-masa-epoksi","10":"first","11":"instock","12":"taxable","13":"shipping-taxable","14":"product-type-simple"},"_links":{"self":[{"href":"https:\/\/idea-wood.com\/en\/wp-json\/wp\/v2\/product\/11532","targetHints":{"allow":["GET"]}}],"collection":[{"href":"https:\/\/idea-wood.com\/en\/wp-json\/wp\/v2\/product"}],"about":[{"href":"https:\/\/idea-wood.com\/en\/wp-json\/wp\/v2\/types\/product"}],"replies":[{"embeddable":true,"href":"https:\/\/idea-wood.com\/en\/wp-json\/wp\/v2\/comments?post=11532"}],"version-history":[{"count":0,"href":"https:\/\/idea-wood.com\/en\/wp-json\/wp\/v2\/product\/11532\/revisions"}],"wp:featuredmedia":[{"embeddable":true,"href":"https:\/\/idea-wood.com\/en\/wp-json\/wp\/v2\/media\/12837"}],"wp:attachment":[{"href":"https:\/\/idea-wood.com\/en\/wp-json\/wp\/v2\/media?parent=11532"}],"wp:term":[{"taxonomy":"product_brand","embeddable":true,"href":"https:\/\/idea-wood.com\/en\/wp-json\/wp\/v2\/product_brand?post=11532"},{"taxonomy":"product_cat","embeddable":true,"href":"https:\/\/idea-wood.com\/en\/wp-json\/wp\/v2\/product_cat?post=11532"},{"taxonomy":"product_tag","embeddable":true,"href":"https:\/\/idea-wood.com\/en\/wp-json\/wp\/v2\/product_tag?post=11532"}],"curies":[{"name":"wp","href":"https:\/\/api.w.org\/{rel}","templated":true}]}}