{"id":11535,"date":"2025-02-06T11:09:58","date_gmt":"2025-02-06T08:09:58","guid":{"rendered":"https:\/\/idea-wood.com\/?post_type=product&#038;p=11535"},"modified":"2025-04-15T13:37:57","modified_gmt":"2025-04-15T10:37:57","slug":"ceviz-epoksili-masa-4","status":"publish","type":"product","link":"https:\/\/idea-wood.com\/en\/product\/ceviz-epoksili-masa-4\/","title":{"rendered":"Ceviz Epoksili Masa"},"content":{"rendered":"<h1 class=\"product_title entry-title\">\u00a0Ceviz Epoksili Masa<\/h1>\n<p>-Genel \u00f6l\u00e7\u00fcleri 190\u00d790*4cm aras\u0131ndad\u0131r<\/p>\n<div class=\"woocommerce-product-details__short-description\">\n<p>-Cilalanm\u0131\u015f ah\u015fap y\u00fczey<\/p>\n<p>-Metal Ayak<\/p>\n<p>-\u0130stenilen ebatta g\u00f6re \u00fcretilebilir<\/p>\n<p>-\u00dcr\u00fcnlerin g\u00f6r\u00fcn\u00fc\u015f\u00fc her masada farkl\u0131l\u0131k g\u00f6sterir<\/p>\n<p>-Ancak genel karakterleri ayn\u0131d\u0131r.<\/p>\n<\/div>","protected":false},"excerpt":{"rendered":"<p>&#8216;-Genel \u00f6l\u00e7\u00fcleri 190\u00d790*4cm aras\u0131ndad\u0131r<\/p>\n<div class=\"woocommerce-product-details__short-description\">\n<p>-D\u00fcz kenar masif ceviz tabla<\/p>\n<p>-Cilalanm\u0131\u015f ah\u015fap y\u00fczey<\/p>\n<p>-Metal Ayak<\/p>\n<p>-\u0130stenilen ebatta g\u00f6re \u00fcretilebilir<\/p>\n<p>-\u00dcr\u00fcnlerin g\u00f6r\u00fcn\u00fc\u015f\u00fc her masada farkl\u0131l\u0131k g\u00f6sterir<\/p>\n<p>-Ancak genel karakterleri ayn\u0131d\u0131r.<\/p>\n<\/div>","protected":false},"featured_media":12839,"comment_status":"closed","ping_status":"closed","template":"","meta":{"_joinchat":[]},"product_brand":[],"product_cat":[15],"product_tag":[],"class_list":{"0":"post-11535","1":"product","2":"type-product","3":"status-publish","4":"has-post-thumbnail","6":"product_cat-genel","8":"first","9":"instock","10":"taxable","11":"shipping-taxable","12":"product-type-simple"},"_links":{"self":[{"href":"https:\/\/idea-wood.com\/en\/wp-json\/wp\/v2\/product\/11535","targetHints":{"allow":["GET"]}}],"collection":[{"href":"https:\/\/idea-wood.com\/en\/wp-json\/wp\/v2\/product"}],"about":[{"href":"https:\/\/idea-wood.com\/en\/wp-json\/wp\/v2\/types\/product"}],"replies":[{"embeddable":true,"href":"https:\/\/idea-wood.com\/en\/wp-json\/wp\/v2\/comments?post=11535"}],"version-history":[{"count":0,"href":"https:\/\/idea-wood.com\/en\/wp-json\/wp\/v2\/product\/11535\/revisions"}],"wp:featuredmedia":[{"embeddable":true,"href":"https:\/\/idea-wood.com\/en\/wp-json\/wp\/v2\/media\/12839"}],"wp:attachment":[{"href":"https:\/\/idea-wood.com\/en\/wp-json\/wp\/v2\/media?parent=11535"}],"wp:term":[{"taxonomy":"product_brand","embeddable":true,"href":"https:\/\/idea-wood.com\/en\/wp-json\/wp\/v2\/product_brand?post=11535"},{"taxonomy":"product_cat","embeddable":true,"href":"https:\/\/idea-wood.com\/en\/wp-json\/wp\/v2\/product_cat?post=11535"},{"taxonomy":"product_tag","embeddable":true,"href":"https:\/\/idea-wood.com\/en\/wp-json\/wp\/v2\/product_tag?post=11535"}],"curies":[{"name":"wp","href":"https:\/\/api.w.org\/{rel}","templated":true}]}}