{"id":11538,"date":"2025-02-06T11:09:58","date_gmt":"2025-02-06T08:09:58","guid":{"rendered":"https:\/\/idea-wood.com\/?post_type=product&#038;p=11538"},"modified":"2025-02-06T11:10:01","modified_gmt":"2025-02-06T08:10:01","slug":"ceviz-epoksili-masa-6","status":"publish","type":"product","link":"https:\/\/idea-wood.com\/en\/product\/ceviz-epoksili-masa-6\/","title":{"rendered":"Ceviz Epoksili Masa"},"content":{"rendered":"<h1 class=\"product_title entry-title\">\u00a0Ceviz Epoksili Masa<\/h1>\n<p>-Genel \u00f6l\u00e7\u00fcleri 223\u00d7110*3cm aras\u0131ndad\u0131r<\/p>\n<div class=\"woocommerce-product-details__short-description\">\n<p>-D\u00fcz kenar masif ceviz tabla<\/p>\n<p>-Ya\u011flanm\u0131\u015f ah\u015fap y\u00fczey<\/p>\n<p>-Metal Ayak<\/p>\n<p>-\u0130stenilen ebatta g\u00f6re \u00fcretilebilir<\/p>\n<p>-\u00dcr\u00fcnlerin g\u00f6r\u00fcn\u00fc\u015f\u00fc her masada farkl\u0131l\u0131k g\u00f6sterir<\/p>\n<p>-Ancak genel karakterleri ayn\u0131d\u0131r.<\/p>\n<\/div>","protected":false},"excerpt":{"rendered":"<p>&#8216;-Genel \u00f6l\u00e7\u00fcleri 223\u00d7110*3cm aras\u0131ndad\u0131r<\/p>\n<div class=\"woocommerce-product-details__short-description\">\n<p>-D\u00fcz kenar epoksili masif ceviz tabla<\/p>\n<p>-Ya\u011flanm\u0131\u015f ah\u015fap y\u00fczey<\/p>\n<p>-Metal Ayak<\/p>\n<p>-\u0130stenilen ebatta g\u00f6re \u00fcretilebilir<\/p>\n<p>-\u00dcr\u00fcnlerin g\u00f6r\u00fcn\u00fc\u015f\u00fc her masada farkl\u0131l\u0131k g\u00f6sterir<\/p>\n<p>-Ancak genel karakterleri ayn\u0131d\u0131r.<\/p>\n<\/div>","protected":false},"featured_media":0,"comment_status":"closed","ping_status":"closed","template":"","meta":{"_joinchat":[]},"product_brand":[],"product_cat":[15],"product_tag":[],"class_list":{"0":"post-11538","1":"product","2":"type-product","3":"status-publish","5":"product_cat-genel","7":"first","8":"instock","9":"taxable","10":"shipping-taxable","11":"product-type-simple"},"_links":{"self":[{"href":"https:\/\/idea-wood.com\/en\/wp-json\/wp\/v2\/product\/11538","targetHints":{"allow":["GET"]}}],"collection":[{"href":"https:\/\/idea-wood.com\/en\/wp-json\/wp\/v2\/product"}],"about":[{"href":"https:\/\/idea-wood.com\/en\/wp-json\/wp\/v2\/types\/product"}],"replies":[{"embeddable":true,"href":"https:\/\/idea-wood.com\/en\/wp-json\/wp\/v2\/comments?post=11538"}],"version-history":[{"count":0,"href":"https:\/\/idea-wood.com\/en\/wp-json\/wp\/v2\/product\/11538\/revisions"}],"wp:attachment":[{"href":"https:\/\/idea-wood.com\/en\/wp-json\/wp\/v2\/media?parent=11538"}],"wp:term":[{"taxonomy":"product_brand","embeddable":true,"href":"https:\/\/idea-wood.com\/en\/wp-json\/wp\/v2\/product_brand?post=11538"},{"taxonomy":"product_cat","embeddable":true,"href":"https:\/\/idea-wood.com\/en\/wp-json\/wp\/v2\/product_cat?post=11538"},{"taxonomy":"product_tag","embeddable":true,"href":"https:\/\/idea-wood.com\/en\/wp-json\/wp\/v2\/product_tag?post=11538"}],"curies":[{"name":"wp","href":"https:\/\/api.w.org\/{rel}","templated":true}]}}