{"id":11539,"date":"2025-02-06T11:09:58","date_gmt":"2025-02-06T08:09:58","guid":{"rendered":"https:\/\/idea-wood.com\/?post_type=product&#038;p=11539"},"modified":"2025-04-15T15:23:08","modified_gmt":"2025-04-15T12:23:08","slug":"ceviz-masa-2","status":"publish","type":"product","link":"https:\/\/idea-wood.com\/en\/product\/ceviz-masa-2\/","title":{"rendered":"Ceviz Masa"},"content":{"rendered":"","protected":false},"excerpt":{"rendered":"<p><span class=\"ff1 cf0 fs24\">-Do\u011fal kenar masif ceviz tabla<br \/>\n-Ya\u011flanm\u0131\u015f ah\u015fap y\u00fczey<br \/>\n-Metal veya ah\u015fap ayak<br \/>\n-\u0130stenilen ebatta g\u00f6re \u00fcretilebilir<br \/>\n<\/span><span class=\"ff1 cf0 fs24\">-\u00dcr\u00fcnlerin g\u00f6r\u00fcn\u00fc\u015f\u00fc her masada farkl\u0131l\u0131k g\u00f6sterir,<br \/>\n-Ancak genel karakterleri ayn\u0131d\u0131r.<\/span><\/p>","protected":false},"featured_media":12933,"comment_status":"closed","ping_status":"closed","template":"","meta":{"_joinchat":[]},"product_brand":[],"product_cat":[15],"product_tag":[],"class_list":{"0":"post-11539","1":"product","2":"type-product","3":"status-publish","4":"has-post-thumbnail","6":"product_cat-genel","8":"first","9":"instock","10":"taxable","11":"shipping-taxable","12":"product-type-simple"},"_links":{"self":[{"href":"https:\/\/idea-wood.com\/en\/wp-json\/wp\/v2\/product\/11539","targetHints":{"allow":["GET"]}}],"collection":[{"href":"https:\/\/idea-wood.com\/en\/wp-json\/wp\/v2\/product"}],"about":[{"href":"https:\/\/idea-wood.com\/en\/wp-json\/wp\/v2\/types\/product"}],"replies":[{"embeddable":true,"href":"https:\/\/idea-wood.com\/en\/wp-json\/wp\/v2\/comments?post=11539"}],"version-history":[{"count":0,"href":"https:\/\/idea-wood.com\/en\/wp-json\/wp\/v2\/product\/11539\/revisions"}],"wp:featuredmedia":[{"embeddable":true,"href":"https:\/\/idea-wood.com\/en\/wp-json\/wp\/v2\/media\/12933"}],"wp:attachment":[{"href":"https:\/\/idea-wood.com\/en\/wp-json\/wp\/v2\/media?parent=11539"}],"wp:term":[{"taxonomy":"product_brand","embeddable":true,"href":"https:\/\/idea-wood.com\/en\/wp-json\/wp\/v2\/product_brand?post=11539"},{"taxonomy":"product_cat","embeddable":true,"href":"https:\/\/idea-wood.com\/en\/wp-json\/wp\/v2\/product_cat?post=11539"},{"taxonomy":"product_tag","embeddable":true,"href":"https:\/\/idea-wood.com\/en\/wp-json\/wp\/v2\/product_tag?post=11539"}],"curies":[{"name":"wp","href":"https:\/\/api.w.org\/{rel}","templated":true}]}}