{"id":11542,"date":"2025-02-06T11:09:58","date_gmt":"2025-02-06T08:09:58","guid":{"rendered":"https:\/\/idea-wood.com\/?post_type=product&#038;p=11542"},"modified":"2025-04-08T16:35:47","modified_gmt":"2025-04-08T13:35:47","slug":"new-tel-sandalye","status":"publish","type":"product","link":"https:\/\/idea-wood.com\/en\/product\/new-tel-sandalye\/","title":{"rendered":"New Tel Sandalye"},"content":{"rendered":"<p>\u00d6zel tasar\u0131m metalden imal edilmi\u015f iskelet.<\/p>\n<p>Deri rengi istenilen renk olabilir.<\/p>\n<p>Haz\u0131rlanmas\u0131 10-15 \u00e7al\u0131\u015fma g\u00fcn\u00fc s\u00fcrebilir.<\/p>\n<p>Farkl\u0131 renk ve d\u00f6\u015feme talebiniz i\u00e7in l\u00fctfen bizimle ileti\u015fime ge\u00e7iniz.<\/p>","protected":false},"excerpt":{"rendered":"<p>\u00d6zel tasar\u0131m metalden imal edilmi\u015f iskelet.<\/p>\n<p>Deri rengi istenilen renk olabilir.<\/p>\n<p>Haz\u0131rlanmas\u0131 10-15 \u00e7al\u0131\u015fma g\u00fcn\u00fc s\u00fcrebilir.<\/p>\n<p>Farkl\u0131 renk ve d\u00f6\u015feme talebiniz i\u00e7in l\u00fctfen bizimle ileti\u015fime ge\u00e7iniz.<\/p>","protected":false},"featured_media":12228,"comment_status":"closed","ping_status":"closed","template":"","meta":{"_joinchat":[]},"product_brand":[],"product_cat":[15],"product_tag":[],"class_list":{"0":"post-11542","1":"product","2":"type-product","3":"status-publish","4":"has-post-thumbnail","6":"product_cat-genel","8":"first","9":"instock","10":"taxable","11":"shipping-taxable","12":"product-type-simple"},"_links":{"self":[{"href":"https:\/\/idea-wood.com\/en\/wp-json\/wp\/v2\/product\/11542","targetHints":{"allow":["GET"]}}],"collection":[{"href":"https:\/\/idea-wood.com\/en\/wp-json\/wp\/v2\/product"}],"about":[{"href":"https:\/\/idea-wood.com\/en\/wp-json\/wp\/v2\/types\/product"}],"replies":[{"embeddable":true,"href":"https:\/\/idea-wood.com\/en\/wp-json\/wp\/v2\/comments?post=11542"}],"version-history":[{"count":0,"href":"https:\/\/idea-wood.com\/en\/wp-json\/wp\/v2\/product\/11542\/revisions"}],"wp:featuredmedia":[{"embeddable":true,"href":"https:\/\/idea-wood.com\/en\/wp-json\/wp\/v2\/media\/12228"}],"wp:attachment":[{"href":"https:\/\/idea-wood.com\/en\/wp-json\/wp\/v2\/media?parent=11542"}],"wp:term":[{"taxonomy":"product_brand","embeddable":true,"href":"https:\/\/idea-wood.com\/en\/wp-json\/wp\/v2\/product_brand?post=11542"},{"taxonomy":"product_cat","embeddable":true,"href":"https:\/\/idea-wood.com\/en\/wp-json\/wp\/v2\/product_cat?post=11542"},{"taxonomy":"product_tag","embeddable":true,"href":"https:\/\/idea-wood.com\/en\/wp-json\/wp\/v2\/product_tag?post=11542"}],"curies":[{"name":"wp","href":"https:\/\/api.w.org\/{rel}","templated":true}]}}