{"id":11545,"date":"2025-02-06T11:09:58","date_gmt":"2025-02-06T08:09:58","guid":{"rendered":"https:\/\/idea-wood.com\/?post_type=product&#038;p=11545"},"modified":"2025-05-11T14:28:47","modified_gmt":"2025-05-11T11:28:47","slug":"hint-cevizi-masa-3","status":"publish","type":"product","link":"https:\/\/idea-wood.com\/en\/product\/hint-cevizi-masa-3\/","title":{"rendered":"Hint Cevizi Do\u011fal Kenarl\u0131 Masa"},"content":{"rendered":"<p>Egzotik yap\u0131s\u0131yla \u00f6ne \u00e7\u0131kan <strong data-start=\"540\" data-end=\"555\">Hint cevizi<\/strong> (ger\u00e7ek ad\u0131yla <em data-start=\"571\" data-end=\"583\">Suar a\u011fac\u0131<\/em>), geni\u015f ve ak\u0131\u015fkan damar desenleriyle do\u011fan\u0131n en dikkat \u00e7ekici formlar\u0131ndan birini sunar. Bu do\u011fal kenarl\u0131 masif masa, a\u011fac\u0131n kendi k\u0131vr\u0131mlar\u0131na sad\u0131k kal\u0131narak \u00fcretilmi\u015f olup her biri g\u00f6rsel a\u00e7\u0131dan benzersiz bir yap\u0131ya sahiptir.<br data-start=\"813\" data-end=\"816\" \/><strong data-start=\"816\" data-end=\"843\">\u00a0 Sipari\u015fe \u00f6zel \u00f6l\u00e7\u00fclerde<\/strong> \u00fcretilen masa, sizin alan\u0131n\u0131za ve kullan\u0131m ihtiya\u00e7lar\u0131n\u0131za tam uyum sa\u011flar. Ayr\u0131ca dekoratif tercihinize g\u00f6re <strong data-start=\"954\" data-end=\"1001\" data-is-only-node=\"\">farkl\u0131 ah\u015fap veya metal ayak se\u00e7enekleriyle<\/strong> ki\u015fiselle\u015ftirilebilir. \u0130ster do\u011fal ve bohem, ister modern ve g\u00fc\u00e7l\u00fc bir atmosfer yaratmak isteyin, Hint cevizi bu ge\u00e7i\u015fleri rahatl\u0131kla sa\u011flar.<br data-start=\"1143\" data-end=\"1146\" \/>\u00a0 Y\u00fczey korumas\u0131nda kullan\u0131lan <strong data-start=\"1175\" data-end=\"1203\">Rubio Monocoat do\u011fal ya\u011f<\/strong> sistemi, Hint cevizinin zengin desenlerini ve renk ge\u00e7i\u015flerini \u00f6ne \u00e7\u0131kar\u0131rken, uzun \u00f6m\u00fcrl\u00fc ve sa\u011fl\u0131kl\u0131 bir koruma sunar. Rubio Monocoat\u2019un \u00e7evre dostu ve toksik olmayan form\u00fcl\u00fc, ah\u015fab\u0131n do\u011fall\u0131\u011f\u0131n\u0131 bozmadan maksimum dayan\u0131kl\u0131l\u0131k sa\u011flar.<br data-start=\"1440\" data-end=\"1443\" \/>\u00a0 Hint cevizi a\u011fac\u0131n\u0131n b\u00fcy\u00fcleyici esteti\u011fini, usta i\u015f\u00e7ilik ve s\u00fcrd\u00fcr\u00fclebilir malzemeyle bulu\u015fturan bu masa; ev, ofis ya da sosyal alanlar i\u00e7in hem g\u00f6rsel hem yap\u0131sal olarak g\u00fc\u00e7l\u00fc bir se\u00e7imdir.<br data-start=\"1633\" data-end=\"1636\" \/><strong data-start=\"1636\" data-end=\"1649\">\u00a0 Idea-Wood<\/strong> olarak, her masay\u0131 sizin i\u00e7in \u00f6zel \u00f6l\u00e7\u00fc ve detaylarla, el i\u015f\u00e7ili\u011fi ve do\u011faya sayg\u0131l\u0131 bir yakla\u015f\u0131mla \u00fcretiyoruz.<\/p>","protected":false},"excerpt":{"rendered":"<p>Hint cevizi ile \u00fcretilen bu do\u011fal kenarl\u0131 masif masa, etkileyici damar yap\u0131s\u0131 ve egzotik g\u00f6r\u00fcn\u00fcm\u00fcyle dikkat \u00e7eker. Sipari\u015fe \u00f6zel \u00f6l\u00e7\u00fclerde, farkl\u0131 ayak se\u00e7enekleriyle sunulur; y\u00fczeyinde do\u011fal i\u00e7erikli Rubio Monocoat uygulan\u0131r.<\/p>","protected":false},"featured_media":12916,"comment_status":"closed","ping_status":"closed","template":"","meta":{"_joinchat":[]},"product_brand":[],"product_cat":[15,198],"product_tag":[],"class_list":{"0":"post-11545","1":"product","2":"type-product","3":"status-publish","4":"has-post-thumbnail","6":"product_cat-genel","7":"product_cat-masa","9":"first","10":"instock","11":"taxable","12":"shipping-taxable","13":"product-type-simple"},"_links":{"self":[{"href":"https:\/\/idea-wood.com\/en\/wp-json\/wp\/v2\/product\/11545","targetHints":{"allow":["GET"]}}],"collection":[{"href":"https:\/\/idea-wood.com\/en\/wp-json\/wp\/v2\/product"}],"about":[{"href":"https:\/\/idea-wood.com\/en\/wp-json\/wp\/v2\/types\/product"}],"replies":[{"embeddable":true,"href":"https:\/\/idea-wood.com\/en\/wp-json\/wp\/v2\/comments?post=11545"}],"version-history":[{"count":0,"href":"https:\/\/idea-wood.com\/en\/wp-json\/wp\/v2\/product\/11545\/revisions"}],"wp:featuredmedia":[{"embeddable":true,"href":"https:\/\/idea-wood.com\/en\/wp-json\/wp\/v2\/media\/12916"}],"wp:attachment":[{"href":"https:\/\/idea-wood.com\/en\/wp-json\/wp\/v2\/media?parent=11545"}],"wp:term":[{"taxonomy":"product_brand","embeddable":true,"href":"https:\/\/idea-wood.com\/en\/wp-json\/wp\/v2\/product_brand?post=11545"},{"taxonomy":"product_cat","embeddable":true,"href":"https:\/\/idea-wood.com\/en\/wp-json\/wp\/v2\/product_cat?post=11545"},{"taxonomy":"product_tag","embeddable":true,"href":"https:\/\/idea-wood.com\/en\/wp-json\/wp\/v2\/product_tag?post=11545"}],"curies":[{"name":"wp","href":"https:\/\/api.w.org\/{rel}","templated":true}]}}