{"id":11551,"date":"2025-02-06T11:09:58","date_gmt":"2025-02-06T08:09:58","guid":{"rendered":"https:\/\/idea-wood.com\/?post_type=product&#038;p=11551"},"modified":"2025-05-11T14:37:58","modified_gmt":"2025-05-11T11:37:58","slug":"mazel-masa-2","status":"publish","type":"product","link":"https:\/\/idea-wood.com\/en\/product\/mazel-masa-2\/","title":{"rendered":"Mazel Do\u011fal Kenarl\u0131 Masa"},"content":{"rendered":"<p class=\"\" data-start=\"500\" data-end=\"1679\">\u00a0 Karakteristik damar yap\u0131s\u0131 ve s\u0131cak, alt\u0131n-kahverengi tonlar\u0131yla dikkat \u00e7eken <strong data-start=\"599\" data-end=\"614\">Mazel a\u011fac\u0131<\/strong>, bu do\u011fal kenarl\u0131 masif masada do\u011fan\u0131n estetik g\u00fcc\u00fcn\u00fc \u00f6n plana \u00e7\u0131kar\u0131r. A\u011fac\u0131n do\u011fal formuna sad\u0131k kal\u0131narak i\u015flenen kenarlar\u0131, her par\u00e7ay\u0131 e\u015fsiz k\u0131lar.<br data-start=\"767\" data-end=\"770\" \/>\u00a0 Masa, <strong data-start=\"776\" data-end=\"803\">sipari\u015fe \u00f6zel \u00f6l\u00e7\u00fclerde<\/strong> ve mekan\u0131n ihtiyac\u0131na g\u00f6re tamamen ki\u015fiye \u00f6zel olarak \u00fcretilir. Ayn\u0131 zamanda farkl\u0131 <strong data-start=\"888\" data-end=\"928\">ah\u015fap veya metal ayak se\u00e7enekleriyle<\/strong>, hem klasik hem modern dekorasyonlara uyum sa\u011flayacak \u015fekilde \u00f6zelle\u015ftirilebilir.<br data-start=\"1010\" data-end=\"1013\" \/>\u00a0 Y\u00fczey korumas\u0131nda kullan\u0131lan <strong data-start=\"1042\" data-end=\"1060\">Rubio Monocoat<\/strong> do\u011fal ya\u011f sistemi, Mazel a\u011fac\u0131n\u0131n do\u011fal g\u00fczelli\u011fini bozmadan onu derinlemesine besler ve korur. \u00c7evre dostu ve toksik madde i\u00e7ermeyen bu uygulama, masan\u0131n uzun \u00f6m\u00fcrl\u00fc ve sa\u011fl\u0131kl\u0131 bir \u015fekilde kullan\u0131lmas\u0131n\u0131 sa\u011flar.<br data-start=\"1274\" data-end=\"1277\" \/>\u00a0 Mazel a\u011fac\u0131, s\u0131cak tonlar\u0131 ve g\u00fc\u00e7l\u00fc g\u00f6vde yap\u0131s\u0131yla ya\u015fam alanlar\u0131na hem zarafet hem de dayan\u0131kl\u0131l\u0131k kazand\u0131r\u0131r. Bu masa, ev, ofis ve sosyal alanlarda do\u011fall\u0131kla tasar\u0131m\u0131 birle\u015ftirmek isteyenler i\u00e7in ideal bir tercihtir.<br data-start=\"1497\" data-end=\"1500\" \/><strong data-start=\"1500\" data-end=\"1513\">\u00a0 Idea-Wood<\/strong> olarak, her Mazel masif masay\u0131 sizin \u00f6l\u00e7\u00fclerinize, kullan\u0131m ihtiya\u00e7lar\u0131n\u0131za ve zevkinize \u00f6zel olarak, usta el i\u015f\u00e7ili\u011fiyle ve \u00e7evreye duyarl\u0131 malzemelerle \u00fcretiyoruz.<\/p>","protected":false},"excerpt":{"rendered":"<p>Mazel a\u011fac\u0131n\u0131n canl\u0131 damar yap\u0131s\u0131 ve s\u0131cak tonlar\u0131yla \u00fcretilen bu do\u011fal kenarl\u0131 masif masa, do\u011fall\u0131\u011f\u0131 ve \u00f6zg\u00fcnl\u00fc\u011f\u00fc bir arada sunar. Sipari\u015fe \u00f6zel \u00f6l\u00e7\u00fclerde, farkl\u0131 ayak se\u00e7enekleriyle haz\u0131rlan\u0131r; y\u00fczeyinde do\u011fal i\u00e7erikli Rubio Monocoat kullan\u0131l\u0131r.<\/p>","protected":false},"featured_media":12910,"comment_status":"closed","ping_status":"closed","template":"","meta":{"_joinchat":[]},"product_brand":[],"product_cat":[15,198],"product_tag":[],"class_list":{"0":"post-11551","1":"product","2":"type-product","3":"status-publish","4":"has-post-thumbnail","6":"product_cat-genel","7":"product_cat-masa","9":"first","10":"instock","11":"taxable","12":"shipping-taxable","13":"product-type-simple"},"_links":{"self":[{"href":"https:\/\/idea-wood.com\/en\/wp-json\/wp\/v2\/product\/11551","targetHints":{"allow":["GET"]}}],"collection":[{"href":"https:\/\/idea-wood.com\/en\/wp-json\/wp\/v2\/product"}],"about":[{"href":"https:\/\/idea-wood.com\/en\/wp-json\/wp\/v2\/types\/product"}],"replies":[{"embeddable":true,"href":"https:\/\/idea-wood.com\/en\/wp-json\/wp\/v2\/comments?post=11551"}],"version-history":[{"count":0,"href":"https:\/\/idea-wood.com\/en\/wp-json\/wp\/v2\/product\/11551\/revisions"}],"wp:featuredmedia":[{"embeddable":true,"href":"https:\/\/idea-wood.com\/en\/wp-json\/wp\/v2\/media\/12910"}],"wp:attachment":[{"href":"https:\/\/idea-wood.com\/en\/wp-json\/wp\/v2\/media?parent=11551"}],"wp:term":[{"taxonomy":"product_brand","embeddable":true,"href":"https:\/\/idea-wood.com\/en\/wp-json\/wp\/v2\/product_brand?post=11551"},{"taxonomy":"product_cat","embeddable":true,"href":"https:\/\/idea-wood.com\/en\/wp-json\/wp\/v2\/product_cat?post=11551"},{"taxonomy":"product_tag","embeddable":true,"href":"https:\/\/idea-wood.com\/en\/wp-json\/wp\/v2\/product_tag?post=11551"}],"curies":[{"name":"wp","href":"https:\/\/api.w.org\/{rel}","templated":true}]}}