{"id":11554,"date":"2025-02-06T11:09:59","date_gmt":"2025-02-06T08:09:59","guid":{"rendered":"https:\/\/idea-wood.com\/?post_type=product&#038;p=11554"},"modified":"2025-04-25T11:31:18","modified_gmt":"2025-04-25T08:31:18","slug":"metal-cerceveli-iroko-masa","status":"publish","type":"product","link":"https:\/\/idea-wood.com\/en\/product\/metal-cerceveli-iroko-masa\/","title":{"rendered":"Metal \u00c7er\u00e7eveli Iroko Izgaral\u0131 Masa"},"content":{"rendered":"<h2 class=\"product_title entry-title\">Metal \u00c7er\u00e7eveli Iroko Masa<\/h2>\n<div class=\"woocommerce-product-details__short-description\">\n<p>Genel \u00f6l\u00e7\u00fcleri 200\u00d7100cm aras\u0131ndad\u0131r<\/p>\n<p>-Ya\u011flanm\u0131\u015f ah\u015fap y\u00fczey<\/p>\n<p>-Metal ayak<\/p>\n<p>-\u00dcr\u00fcnlerin g\u00f6r\u00fcn\u00fc\u015f\u00fc her masada farkl\u0131l\u0131k g\u00f6sterir,<\/p>\n<p>-Ancak genel karakterleri ayn\u0131d\u0131r.<\/p>\n<\/div>","protected":false},"excerpt":{"rendered":"<h2 class=\"product_title entry-title\"><\/h2>\n<div class=\"woocommerce-product-details__short-description\">\n<p>Genel \u00f6l\u00e7\u00fcleri 200\u00d7100 cm aras\u0131ndad\u0131r<\/p>\n<p>-Ya\u011flanm\u0131\u015f ah\u015fap y\u00fczey<\/p>\n<p>-Metal ayak<\/p>\n<p>-\u00dcr\u00fcnlerin g\u00f6r\u00fcn\u00fc\u015f\u00fc her masada farkl\u0131l\u0131k g\u00f6sterir,<\/p>\n<p>-Ancak genel karakterleri ayn\u0131d\u0131r.<\/p>\n<\/div>","protected":false},"featured_media":0,"comment_status":"closed","ping_status":"closed","template":"","meta":{"_joinchat":[]},"product_brand":[],"product_cat":[15,226],"product_tag":[],"class_list":{"0":"post-11554","1":"product","2":"type-product","3":"status-publish","5":"product_cat-genel","6":"product_cat-masa-bahce","8":"first","9":"instock","10":"taxable","11":"shipping-taxable","12":"product-type-simple"},"_links":{"self":[{"href":"https:\/\/idea-wood.com\/en\/wp-json\/wp\/v2\/product\/11554","targetHints":{"allow":["GET"]}}],"collection":[{"href":"https:\/\/idea-wood.com\/en\/wp-json\/wp\/v2\/product"}],"about":[{"href":"https:\/\/idea-wood.com\/en\/wp-json\/wp\/v2\/types\/product"}],"replies":[{"embeddable":true,"href":"https:\/\/idea-wood.com\/en\/wp-json\/wp\/v2\/comments?post=11554"}],"version-history":[{"count":0,"href":"https:\/\/idea-wood.com\/en\/wp-json\/wp\/v2\/product\/11554\/revisions"}],"wp:attachment":[{"href":"https:\/\/idea-wood.com\/en\/wp-json\/wp\/v2\/media?parent=11554"}],"wp:term":[{"taxonomy":"product_brand","embeddable":true,"href":"https:\/\/idea-wood.com\/en\/wp-json\/wp\/v2\/product_brand?post=11554"},{"taxonomy":"product_cat","embeddable":true,"href":"https:\/\/idea-wood.com\/en\/wp-json\/wp\/v2\/product_cat?post=11554"},{"taxonomy":"product_tag","embeddable":true,"href":"https:\/\/idea-wood.com\/en\/wp-json\/wp\/v2\/product_tag?post=11554"}],"curies":[{"name":"wp","href":"https:\/\/api.w.org\/{rel}","templated":true}]}}