{"id":11558,"date":"2025-02-06T11:09:59","date_gmt":"2025-02-06T08:09:59","guid":{"rendered":"https:\/\/idea-wood.com\/?post_type=product&#038;p=11558"},"modified":"2025-04-25T11:32:02","modified_gmt":"2025-04-25T08:32:02","slug":"iroko-aluminyum-izgarali-sandalye","status":"publish","type":"product","link":"https:\/\/idea-wood.com\/en\/product\/iroko-aluminyum-izgarali-sandalye\/","title":{"rendered":"\u0130roko Al\u00fcminyum Izgaral\u0131 Sandalye"},"content":{"rendered":"<p>\u00d6zel tasar\u0131m metalden imal edilmi\u015f Al\u00fcminyum metal iskelet.<\/p>\n<p>Ah\u015fap y\u00fczey istenilen renk ah\u015fap ya\u011f\u0131\u00a0 uygulanabilir.<\/p>\n<p>Oturum ve s\u0131rt k\u0131sm\u0131 \u0131zgaral\u0131\u00a0 \u0130roko uyguland\u0131.<\/p>\n<p>Haz\u0131rlanmas\u0131 10-15 \u00e7al\u0131\u015fma g\u00fcn\u00fc s\u00fcrebilir.<\/p>\n<p>Farkl\u0131 renk talebiniz i\u00e7in l\u00fctfen bizimle ileti\u015fime ge\u00e7in.<\/p>","protected":false},"excerpt":{"rendered":"<p>\u00d6zel tasar\u0131m metalden imal edilmi\u015f Al\u00fcminyum metal iskelet.<\/p>\n<p>Ah\u015fap y\u00fczey istenilen renk ah\u015fap ya\u011f\u0131\u00a0 uygulanabilir.<\/p>\n<p>Oturum ve s\u0131rt k\u0131sm\u0131 \u0131zgaral\u0131\u00a0 \u0130roko uyguland\u0131.<\/p>\n<p>Haz\u0131rlanmas\u0131 10-15 \u00e7al\u0131\u015fma g\u00fcn\u00fc s\u00fcrebilir.<\/p>\n<p>Farkl\u0131 renk talebiniz i\u00e7in l\u00fctfen bizimle ileti\u015fime ge\u00e7in.<\/p>","protected":false},"featured_media":12260,"comment_status":"closed","ping_status":"closed","template":"","meta":{"_joinchat":[]},"product_brand":[],"product_cat":[15,227,224],"product_tag":[],"class_list":{"0":"post-11558","1":"product","2":"type-product","3":"status-publish","4":"has-post-thumbnail","6":"product_cat-genel","7":"product_cat-sandalye-bahce","8":"product_cat-sandalye-cafe-restaurant","10":"first","11":"instock","12":"taxable","13":"shipping-taxable","14":"product-type-simple"},"_links":{"self":[{"href":"https:\/\/idea-wood.com\/en\/wp-json\/wp\/v2\/product\/11558","targetHints":{"allow":["GET"]}}],"collection":[{"href":"https:\/\/idea-wood.com\/en\/wp-json\/wp\/v2\/product"}],"about":[{"href":"https:\/\/idea-wood.com\/en\/wp-json\/wp\/v2\/types\/product"}],"replies":[{"embeddable":true,"href":"https:\/\/idea-wood.com\/en\/wp-json\/wp\/v2\/comments?post=11558"}],"version-history":[{"count":0,"href":"https:\/\/idea-wood.com\/en\/wp-json\/wp\/v2\/product\/11558\/revisions"}],"wp:featuredmedia":[{"embeddable":true,"href":"https:\/\/idea-wood.com\/en\/wp-json\/wp\/v2\/media\/12260"}],"wp:attachment":[{"href":"https:\/\/idea-wood.com\/en\/wp-json\/wp\/v2\/media?parent=11558"}],"wp:term":[{"taxonomy":"product_brand","embeddable":true,"href":"https:\/\/idea-wood.com\/en\/wp-json\/wp\/v2\/product_brand?post=11558"},{"taxonomy":"product_cat","embeddable":true,"href":"https:\/\/idea-wood.com\/en\/wp-json\/wp\/v2\/product_cat?post=11558"},{"taxonomy":"product_tag","embeddable":true,"href":"https:\/\/idea-wood.com\/en\/wp-json\/wp\/v2\/product_tag?post=11558"}],"curies":[{"name":"wp","href":"https:\/\/api.w.org\/{rel}","templated":true}]}}