{"id":11567,"date":"2025-02-06T11:10:13","date_gmt":"2025-02-06T08:10:13","guid":{"rendered":"https:\/\/idea-wood.com\/?post_type=product&#038;p=11567"},"modified":"2025-05-11T23:17:54","modified_gmt":"2025-05-11T20:17:54","slug":"woven-sandalye","status":"publish","type":"product","link":"https:\/\/idea-wood.com\/en\/product\/woven-sandalye\/","title":{"rendered":"Woven Sandalye"},"content":{"rendered":"<p>Masif Kay\u0131n a\u011fac\u0131ndan iskeleti olan bu tasar\u0131m sandalye hem rahat hemde \u015f\u0131k.<\/p>\n<p>Has\u0131r olarak do\u011fal \u00f6rg\u00fc hazeran kullan\u0131lm\u0131\u015ft\u0131r. (Hazeran yerine d\u00f6\u015feme tercih edilebilir)<\/p>\n<p>Tamamen a\u00e7\u0131k d\u0131\u015f mekanda kullan\u0131ma uygun de\u011fildir<\/p>\n<p>\u00dcr\u00fcnler sipari\u015finize g\u00f6re haz\u0131rlanmaktad\u0131r. Haz\u0131rlanmas\u0131 10-15 g\u00fcn i\u015f g\u00fcn\u00fc kadar s\u00fcrebilir<\/p>\n<p>Farkl\u0131 renk ve d\u00f6\u015feme talebiniz i\u00e7in l\u00fctfen bizimle ileti\u015fime ge\u00e7in<\/p>","protected":false},"excerpt":{"rendered":"<p>Masif Kay\u0131n a\u011fac\u0131ndan iskeleti olan bu tasar\u0131m sandalye hem rahat hemde \u015f\u0131k.<\/p>\n<p>Has\u0131r olarak do\u011fal \u00f6rg\u00fc hazeran kullan\u0131lm\u0131\u015ft\u0131r. (Hazeran yerine d\u00f6\u015feme tercih edilebilir)<\/p>\n<p>Tamamen a\u00e7\u0131k d\u0131\u015f mekanda kullan\u0131ma uygun de\u011fildir<\/p>\n<p>\u00dcr\u00fcnler sipari\u015finize g\u00f6re haz\u0131rlanmaktad\u0131r. Haz\u0131rlanmas\u0131 10-15 g\u00fcn i\u015f g\u00fcn\u00fc kadar s\u00fcrebilir<\/p>\n<p>Farkl\u0131 renk ve d\u00f6\u015feme talebiniz i\u00e7in l\u00fctfen bizimle ileti\u015fime ge\u00e7in<\/p>\n<p>Farkl\u0131 renk ve d\u00f6\u015feme talebiniz i\u00e7in l\u00fctfen bizimle ileti\u015fime ge\u00e7in.<\/p>","protected":false},"featured_media":14067,"comment_status":"closed","ping_status":"closed","template":"","meta":{"_joinchat":[]},"product_brand":[],"product_cat":[15,224,199],"product_tag":[],"class_list":{"0":"post-11567","1":"product","2":"type-product","3":"status-publish","4":"has-post-thumbnail","6":"product_cat-genel","7":"product_cat-sandalye-cafe-restaurant","8":"product_cat-sandalye","10":"first","11":"instock","12":"taxable","13":"shipping-taxable","14":"product-type-variable"},"_links":{"self":[{"href":"https:\/\/idea-wood.com\/en\/wp-json\/wp\/v2\/product\/11567","targetHints":{"allow":["GET"]}}],"collection":[{"href":"https:\/\/idea-wood.com\/en\/wp-json\/wp\/v2\/product"}],"about":[{"href":"https:\/\/idea-wood.com\/en\/wp-json\/wp\/v2\/types\/product"}],"replies":[{"embeddable":true,"href":"https:\/\/idea-wood.com\/en\/wp-json\/wp\/v2\/comments?post=11567"}],"version-history":[{"count":0,"href":"https:\/\/idea-wood.com\/en\/wp-json\/wp\/v2\/product\/11567\/revisions"}],"wp:featuredmedia":[{"embeddable":true,"href":"https:\/\/idea-wood.com\/en\/wp-json\/wp\/v2\/media\/14067"}],"wp:attachment":[{"href":"https:\/\/idea-wood.com\/en\/wp-json\/wp\/v2\/media?parent=11567"}],"wp:term":[{"taxonomy":"product_brand","embeddable":true,"href":"https:\/\/idea-wood.com\/en\/wp-json\/wp\/v2\/product_brand?post=11567"},{"taxonomy":"product_cat","embeddable":true,"href":"https:\/\/idea-wood.com\/en\/wp-json\/wp\/v2\/product_cat?post=11567"},{"taxonomy":"product_tag","embeddable":true,"href":"https:\/\/idea-wood.com\/en\/wp-json\/wp\/v2\/product_tag?post=11567"}],"curies":[{"name":"wp","href":"https:\/\/api.w.org\/{rel}","templated":true}]}}