{"id":11570,"date":"2025-02-06T11:10:13","date_gmt":"2025-02-06T08:10:13","guid":{"rendered":"https:\/\/idea-wood.com\/?post_type=product&#038;p=11570"},"modified":"2025-05-11T21:35:28","modified_gmt":"2025-05-11T18:35:28","slug":"elite-eames-lcw-kontra-sandalye","status":"publish","type":"product","link":"https:\/\/idea-wood.com\/en\/product\/elite-eames-lcw-kontra-sandalye\/","title":{"rendered":"Elite (Eames Lcw Kontra) Sandalye"},"content":{"rendered":"<p>Orjinal Tasar\u0131m : Eames Lcw Sandalye \/ Eames Plywood Dining Chair<\/p>\n<p>Kay\u0131n papel iskeleti olan bu tasar\u0131m sandalye hem rahat hemde \u015f\u0131k.<\/p>\n<p>Tamamen a\u00e7\u0131k d\u0131\u015f mekanda kullan\u0131ma uygun de\u011fildir<\/p>\n<p>\u00dcr\u00fcnler sipari\u015finize g\u00f6re haz\u0131rlanmaktad\u0131r. Haz\u0131rlanmas\u0131 15-21 \u00e7al\u0131\u015fma g\u00fcn\u00fc s\u00fcrebilir.<\/p>\n<p>Farkl\u0131 renk ve d\u00f6\u015feme talebiniz i\u00e7in l\u00fctfen bizimle ileti\u015fime ge\u00e7in<\/p>","protected":false},"excerpt":{"rendered":"<p>Kay\u0131n papel iskeleti olan bu tasar\u0131m sandalye hem rahat hemde \u015f\u0131k.<\/p>\n<p>Tamamen a\u00e7\u0131k d\u0131\u015f mekanda kullan\u0131ma uygun de\u011fildir<\/p>\n<p>\u00dcr\u00fcnler sipari\u015finize g\u00f6re haz\u0131rlanmaktad\u0131r. Haz\u0131rlanmas\u0131 10-15 \u00e7al\u0131\u015fma g\u00fcn\u00fc s\u00fcrebilir.<\/p>\n<p>Farkl\u0131 renk ve d\u00f6\u015feme talebiniz i\u00e7in l\u00fctfen bizimle ileti\u015fime ge\u00e7in<\/p>","protected":false},"featured_media":14048,"comment_status":"closed","ping_status":"closed","template":"","meta":{"_joinchat":[]},"product_brand":[],"product_cat":[15,224,199],"product_tag":[],"class_list":{"0":"post-11570","1":"product","2":"type-product","3":"status-publish","4":"has-post-thumbnail","6":"product_cat-genel","7":"product_cat-sandalye-cafe-restaurant","8":"product_cat-sandalye","9":"product_shipping_class-kargo-sandalye","11":"first","12":"instock","13":"sale","14":"taxable","15":"shipping-taxable","16":"purchasable","17":"product-type-simple"},"_links":{"self":[{"href":"https:\/\/idea-wood.com\/en\/wp-json\/wp\/v2\/product\/11570","targetHints":{"allow":["GET"]}}],"collection":[{"href":"https:\/\/idea-wood.com\/en\/wp-json\/wp\/v2\/product"}],"about":[{"href":"https:\/\/idea-wood.com\/en\/wp-json\/wp\/v2\/types\/product"}],"replies":[{"embeddable":true,"href":"https:\/\/idea-wood.com\/en\/wp-json\/wp\/v2\/comments?post=11570"}],"version-history":[{"count":0,"href":"https:\/\/idea-wood.com\/en\/wp-json\/wp\/v2\/product\/11570\/revisions"}],"wp:featuredmedia":[{"embeddable":true,"href":"https:\/\/idea-wood.com\/en\/wp-json\/wp\/v2\/media\/14048"}],"wp:attachment":[{"href":"https:\/\/idea-wood.com\/en\/wp-json\/wp\/v2\/media?parent=11570"}],"wp:term":[{"taxonomy":"product_brand","embeddable":true,"href":"https:\/\/idea-wood.com\/en\/wp-json\/wp\/v2\/product_brand?post=11570"},{"taxonomy":"product_cat","embeddable":true,"href":"https:\/\/idea-wood.com\/en\/wp-json\/wp\/v2\/product_cat?post=11570"},{"taxonomy":"product_tag","embeddable":true,"href":"https:\/\/idea-wood.com\/en\/wp-json\/wp\/v2\/product_tag?post=11570"}],"curies":[{"name":"wp","href":"https:\/\/api.w.org\/{rel}","templated":true}]}}