{"id":11571,"date":"2025-02-06T11:10:13","date_gmt":"2025-02-06T08:10:13","guid":{"rendered":"https:\/\/idea-wood.com\/?post_type=product&#038;p=11571"},"modified":"2025-03-28T15:05:07","modified_gmt":"2025-03-28T12:05:07","slug":"wall-duvar-saati-ahsap-govde-metal-cerceveli","status":"publish","type":"product","link":"https:\/\/idea-wood.com\/en\/product\/wall-duvar-saati-ahsap-govde-metal-cerceveli\/","title":{"rendered":"Wall Duvar Saati (Ah\u015fap G\u00f6vde, Metal \u00c7er\u00e7eveli)"},"content":{"rendered":"<p>Ceviz a\u011fac\u0131ndan 100% masif orta k\u0131s\u0131m ve \u00e7evresi metal \u00e7er\u00e7eveli duvar saati<\/p>\n<p>Metal Rengi: Siyah \/ Alt\u0131n \/ Bak\u0131r<\/p>\n<p>\u00d6l\u00e7\u00fcs\u00fc: 40 \/ 60 \/ 80cm \u00e7ap<\/p>","protected":false},"excerpt":{"rendered":"<p>Ceviz masif ah\u015fab\u0131ndan metal \u00e7er\u00e7eveli duvar saati<\/p>\n<p>Metal Rengi: Bak\u0131r, G\u00fcm\u00fc\u015f, Alt\u0131n, Siyah<\/p>\n<p>\u00d6l\u00e7\u00fcs\u00fc: 60 \u00e7ap ve 40 \u00e7ap<\/p>","protected":false},"featured_media":0,"comment_status":"closed","ping_status":"closed","template":"","meta":{"_joinchat":[]},"product_brand":[],"product_cat":[15,222],"product_tag":[],"class_list":{"0":"post-11571","1":"product","2":"type-product","3":"status-publish","5":"product_cat-genel","6":"product_cat-saat","8":"first","9":"instock","10":"sale","11":"taxable","12":"shipping-taxable","13":"purchasable","14":"product-type-variable"},"_links":{"self":[{"href":"https:\/\/idea-wood.com\/en\/wp-json\/wp\/v2\/product\/11571","targetHints":{"allow":["GET"]}}],"collection":[{"href":"https:\/\/idea-wood.com\/en\/wp-json\/wp\/v2\/product"}],"about":[{"href":"https:\/\/idea-wood.com\/en\/wp-json\/wp\/v2\/types\/product"}],"replies":[{"embeddable":true,"href":"https:\/\/idea-wood.com\/en\/wp-json\/wp\/v2\/comments?post=11571"}],"version-history":[{"count":0,"href":"https:\/\/idea-wood.com\/en\/wp-json\/wp\/v2\/product\/11571\/revisions"}],"wp:attachment":[{"href":"https:\/\/idea-wood.com\/en\/wp-json\/wp\/v2\/media?parent=11571"}],"wp:term":[{"taxonomy":"product_brand","embeddable":true,"href":"https:\/\/idea-wood.com\/en\/wp-json\/wp\/v2\/product_brand?post=11571"},{"taxonomy":"product_cat","embeddable":true,"href":"https:\/\/idea-wood.com\/en\/wp-json\/wp\/v2\/product_cat?post=11571"},{"taxonomy":"product_tag","embeddable":true,"href":"https:\/\/idea-wood.com\/en\/wp-json\/wp\/v2\/product_tag?post=11571"}],"curies":[{"name":"wp","href":"https:\/\/api.w.org\/{rel}","templated":true}]}}