{"id":11590,"date":"2025-02-06T11:10:14","date_gmt":"2025-02-06T08:10:14","guid":{"rendered":"https:\/\/idea-wood.com\/?post_type=product&#038;p=11590"},"modified":"2026-04-17T17:24:13","modified_gmt":"2026-04-17T14:24:13","slug":"zarif-konsol","status":"publish","type":"product","link":"https:\/\/idea-wood.com\/en\/product\/zarif-konsol\/","title":{"rendered":"Zarif Konsol"},"content":{"rendered":"<p><strong>Hazeranl\u0131 Me\u015fe Konsol<\/strong><\/p>\n<p>F\u0131r\u0131nlanm\u0131\u015f Me\u015fe A\u011fac\u0131n\u0131n verdi\u011fi Premium ve Estetik \u015f\u0131kl\u0131k bir arada.<\/p>\n<p>Do\u011fal ah\u015fap \u00fcr\u00fcn\u00fcn s\u0131cakl\u0131\u011f\u0131n\u0131 evinize ta\u015f\u0131mak istiyoruz.<\/p>\n<p><strong><br \/>\n\u00dcr\u00fcn \u00d6l\u00e7\u00fcleri:<\/strong><\/p>\n<p>Boy: 200<\/p>\n<p>Geni\u015flik: 100<\/p>\n<p>Derinlik: 50<br \/>\n<strong><br \/>\nB\u0130LG\u0130LEND\u0130RME:<\/strong> Ki\u015fiye \u00f6zel \u00f6l\u00e7\u00fc ve modellerde \u00fcretim i\u00e7in bizimle ileti\u015fime ge\u00e7ebilirsiniz.<\/p>\n<p><strong>\u00dcr\u00fcn Bilgisi:<\/strong><br \/>\nAh\u015fap Me\u015fe G\u00f6vde<br \/>\nMasif Me\u015fe Kaplama<br \/>\nKimyasal i\u00e7ermeyen \u00f6zel do\u011fal ya\u011f ile koruma<\/p>\n<p><strong><br \/>\nTeslimat:<\/strong><\/p>\n<p>Ankara i\u00e7i \u00fccretsiz teslimat ve kurulum avantaj\u0131 ile sizlere hizmet veriyoruz.<\/p>\n<p>Sizlere \u00f6zel \u00fcretimimiz ile sadece 4-6 Hafta ile hayalinize kavu\u015fturuyoruz.<\/p>\n<p>&nbsp;<\/p>","protected":false},"excerpt":{"rendered":"<p>Hazeranl\u0131 Me\u015fe Konsol F\u0131r\u0131nlanm\u0131\u015f Me\u015fe A\u011fac\u0131n\u0131n verdi\u011fi Premium ve Estetik \u015f\u0131kl\u0131k bir arada. Do\u011fal ah\u015fap \u00fcr\u00fcn\u00fcn s\u0131cakl\u0131\u011f\u0131n\u0131 evinize ta\u015f\u0131mak istiyoruz. \u00dcr\u00fcn \u00d6l\u00e7\u00fcleri: Boy: 200 Geni\u015flik: 100 Derinlik: 50 B\u0130LG\u0130LEND\u0130RME: Ki\u015fiye \u00f6zel \u00f6l\u00e7\u00fc ve modellerde \u00fcretim i\u00e7in bizimle ileti\u015fime ge\u00e7ebilirsiniz. \u00dcr\u00fcn Bilgisi: Ah\u015fap Me\u015fe G\u00f6vde Masif Me\u015fe Kaplama Kimyasal i\u00e7ermeyen \u00f6zel do\u011fal ya\u011f ile koruma Teslimat: [&hellip;]<\/p>","protected":false},"featured_media":14129,"comment_status":"closed","ping_status":"closed","template":"","meta":{"_joinchat":[]},"product_brand":[],"product_cat":[15,202],"product_tag":[247,246,265,266,260,261,259,253,245,244,243,262,264,263,256,257,254,255,258],"class_list":{"0":"post-11590","1":"product","2":"type-product","3":"status-publish","4":"has-post-thumbnail","6":"product_cat-genel","7":"product_cat-konsol","8":"product_tag-ahsap","9":"product_tag-dogal","10":"product_tag-her-sehire-teslimat","11":"product_tag-ithalat-ve-ihrac-edilen-mobilya","12":"product_tag-kisisel-urun","13":"product_tag-kisisellestirilmis-kutuk-mobilya","14":"product_tag-kisisellestirme","15":"product_tag-konsol","16":"product_tag-kutuk","17":"product_tag-masa","18":"product_tag-masif","19":"product_tag-mese","20":"product_tag-mese-kereste-mobilya","21":"product_tag-mese-kutuk-mobilya","22":"product_tag-mobilya","23":"product_tag-organik-form","24":"product_tag-ozel-olcu","25":"product_tag-ozel-olcu-mobilya","26":"product_tag-rubio-monocoat","28":"first","29":"instock","30":"taxable","31":"shipping-taxable","32":"product-type-simple"},"_links":{"self":[{"href":"https:\/\/idea-wood.com\/en\/wp-json\/wp\/v2\/product\/11590","targetHints":{"allow":["GET"]}}],"collection":[{"href":"https:\/\/idea-wood.com\/en\/wp-json\/wp\/v2\/product"}],"about":[{"href":"https:\/\/idea-wood.com\/en\/wp-json\/wp\/v2\/types\/product"}],"replies":[{"embeddable":true,"href":"https:\/\/idea-wood.com\/en\/wp-json\/wp\/v2\/comments?post=11590"}],"version-history":[{"count":4,"href":"https:\/\/idea-wood.com\/en\/wp-json\/wp\/v2\/product\/11590\/revisions"}],"predecessor-version":[{"id":14133,"href":"https:\/\/idea-wood.com\/en\/wp-json\/wp\/v2\/product\/11590\/revisions\/14133"}],"wp:featuredmedia":[{"embeddable":true,"href":"https:\/\/idea-wood.com\/en\/wp-json\/wp\/v2\/media\/14129"}],"wp:attachment":[{"href":"https:\/\/idea-wood.com\/en\/wp-json\/wp\/v2\/media?parent=11590"}],"wp:term":[{"taxonomy":"product_brand","embeddable":true,"href":"https:\/\/idea-wood.com\/en\/wp-json\/wp\/v2\/product_brand?post=11590"},{"taxonomy":"product_cat","embeddable":true,"href":"https:\/\/idea-wood.com\/en\/wp-json\/wp\/v2\/product_cat?post=11590"},{"taxonomy":"product_tag","embeddable":true,"href":"https:\/\/idea-wood.com\/en\/wp-json\/wp\/v2\/product_tag?post=11590"}],"curies":[{"name":"wp","href":"https:\/\/api.w.org\/{rel}","templated":true}]}}