{"id":11591,"date":"2025-02-06T11:10:14","date_gmt":"2025-02-06T08:10:14","guid":{"rendered":"https:\/\/idea-wood.com\/?post_type=product&#038;p=11591"},"modified":"2025-03-28T11:18:25","modified_gmt":"2025-03-28T08:18:25","slug":"loft-konsol","status":"publish","type":"product","link":"https:\/\/idea-wood.com\/en\/product\/loft-konsol\/","title":{"rendered":"Loft Konsol"},"content":{"rendered":"<p>\u00dczerine Eskitme uygulanm\u0131\u015f<\/p>","protected":false},"excerpt":{"rendered":"<p>\u00dczerine Eskitme uygulanm\u0131\u015f<\/p>","protected":false},"featured_media":0,"comment_status":"closed","ping_status":"closed","template":"","meta":{"_joinchat":[]},"product_brand":[],"product_cat":[15,202],"product_tag":[],"class_list":{"0":"post-11591","1":"product","2":"type-product","3":"status-publish","5":"product_cat-genel","6":"product_cat-konsol","8":"first","9":"instock","10":"taxable","11":"shipping-taxable","12":"product-type-simple"},"_links":{"self":[{"href":"https:\/\/idea-wood.com\/en\/wp-json\/wp\/v2\/product\/11591","targetHints":{"allow":["GET"]}}],"collection":[{"href":"https:\/\/idea-wood.com\/en\/wp-json\/wp\/v2\/product"}],"about":[{"href":"https:\/\/idea-wood.com\/en\/wp-json\/wp\/v2\/types\/product"}],"replies":[{"embeddable":true,"href":"https:\/\/idea-wood.com\/en\/wp-json\/wp\/v2\/comments?post=11591"}],"version-history":[{"count":0,"href":"https:\/\/idea-wood.com\/en\/wp-json\/wp\/v2\/product\/11591\/revisions"}],"wp:attachment":[{"href":"https:\/\/idea-wood.com\/en\/wp-json\/wp\/v2\/media?parent=11591"}],"wp:term":[{"taxonomy":"product_brand","embeddable":true,"href":"https:\/\/idea-wood.com\/en\/wp-json\/wp\/v2\/product_brand?post=11591"},{"taxonomy":"product_cat","embeddable":true,"href":"https:\/\/idea-wood.com\/en\/wp-json\/wp\/v2\/product_cat?post=11591"},{"taxonomy":"product_tag","embeddable":true,"href":"https:\/\/idea-wood.com\/en\/wp-json\/wp\/v2\/product_tag?post=11591"}],"curies":[{"name":"wp","href":"https:\/\/api.w.org\/{rel}","templated":true}]}}