{"id":12726,"date":"2025-04-10T16:45:32","date_gmt":"2025-04-10T13:45:32","guid":{"rendered":"https:\/\/idea-wood.com\/?post_type=product&#038;p=12726"},"modified":"2026-05-05T17:50:28","modified_gmt":"2026-05-05T14:50:28","slug":"mese-saat","status":"publish","type":"product","link":"https:\/\/idea-wood.com\/en\/product\/mese-saat\/","title":{"rendered":"O&#8217;clock Saat"},"content":{"rendered":"<p><strong>O&#8217;clock Me\u015fe Saat<\/strong><\/p>\n<p>Me\u015fe A\u011fac\u0131 ile zamana meydan okuyacaks\u0131n\u0131z.<\/p>\n<p>Do\u011fal ah\u015fap \u00fcr\u00fcn\u00fcn s\u0131cakl\u0131\u011f\u0131n\u0131 evinize ta\u015f\u0131mak istiyoruz.<\/p>\n<p><strong><br \/>\n\u00dcr\u00fcn \u00d6l\u00e7\u00fcleri:<\/strong><\/p>\n<p>Muhtelif \u00f6l\u00e7\u00fc ile stoklar\u0131m\u0131z mevcuttur.<\/p>\n<p><strong><br \/>\nB\u0130LG\u0130LEND\u0130RME:<\/strong>\u00a0Ki\u015fiye \u00f6zel \u00f6l\u00e7\u00fc ve modellerde \u00fcretim i\u00e7in bizimle ileti\u015fime ge\u00e7ebilirsiniz.<\/p>\n<p><strong><br \/>\n\u00dcr\u00fcn Bilgisi:<\/strong><br \/>\nF\u0131r\u0131nlanm\u0131\u015f %100 Me\u015fe\u00a0 A\u011fac\u0131ndan \u00fcretilmi\u015ftir.<\/p>\n<p>Kimyasal i\u00e7ermeyen \u00f6zel do\u011fal ya\u011f ile koruma.<\/p>\n<p><strong><br \/>\nTeslimat:<\/strong><\/p>\n<p>Ankara i\u00e7i \u00fccretsiz teslimat ve kurulum avantaj\u0131 ile sizlere hizmet veriyoruz.<\/p>\n<p>Sizlere \u00f6zel \u00fcretimimiz ile sadece 4-6 Hafta ile hayalinize kavu\u015fturuyoruz.<\/p>","protected":false},"excerpt":{"rendered":"<p>O&#8217;clock Me\u015fe Saat Me\u015fe A\u011fac\u0131 ile zamana meydan okuyacaks\u0131n\u0131z. Do\u011fal ah\u015fap \u00fcr\u00fcn\u00fcn s\u0131cakl\u0131\u011f\u0131n\u0131 evinize ta\u015f\u0131mak istiyoruz. \u00dcr\u00fcn \u00d6l\u00e7\u00fcleri: Muhtelif \u00f6l\u00e7\u00fc ile stoklar\u0131m\u0131z mevcuttur. B\u0130LG\u0130LEND\u0130RME:\u00a0Ki\u015fiye \u00f6zel \u00f6l\u00e7\u00fc ve modellerde \u00fcretim i\u00e7in bizimle ileti\u015fime ge\u00e7ebilirsiniz. \u00dcr\u00fcn Bilgisi: F\u0131r\u0131nlanm\u0131\u015f %100 Me\u015fe\u00a0 A\u011fac\u0131ndan \u00fcretilmi\u015ftir. Kimyasal i\u00e7ermeyen \u00f6zel do\u011fal ya\u011f ile koruma. Teslimat: Ankara i\u00e7i \u00fccretsiz teslimat ve kurulum avantaj\u0131 [&hellip;]<\/p>","protected":false},"featured_media":14256,"comment_status":"closed","ping_status":"closed","template":"","meta":{"_joinchat":[]},"product_brand":[],"product_cat":[15,211,222],"product_tag":[355,356,354],"class_list":{"0":"post-12726","1":"product","2":"type-product","3":"status-publish","4":"has-post-thumbnail","6":"product_cat-genel","7":"product_cat-aksesuar","8":"product_cat-saat","9":"product_tag-kutuk-saat","10":"product_tag-mese-kutuk-saat","11":"product_tag-mese-saat","13":"first","14":"instock","15":"taxable","16":"shipping-taxable","17":"product-type-simple"},"_links":{"self":[{"href":"https:\/\/idea-wood.com\/en\/wp-json\/wp\/v2\/product\/12726","targetHints":{"allow":["GET"]}}],"collection":[{"href":"https:\/\/idea-wood.com\/en\/wp-json\/wp\/v2\/product"}],"about":[{"href":"https:\/\/idea-wood.com\/en\/wp-json\/wp\/v2\/types\/product"}],"replies":[{"embeddable":true,"href":"https:\/\/idea-wood.com\/en\/wp-json\/wp\/v2\/comments?post=12726"}],"version-history":[{"count":2,"href":"https:\/\/idea-wood.com\/en\/wp-json\/wp\/v2\/product\/12726\/revisions"}],"predecessor-version":[{"id":14258,"href":"https:\/\/idea-wood.com\/en\/wp-json\/wp\/v2\/product\/12726\/revisions\/14258"}],"wp:featuredmedia":[{"embeddable":true,"href":"https:\/\/idea-wood.com\/en\/wp-json\/wp\/v2\/media\/14256"}],"wp:attachment":[{"href":"https:\/\/idea-wood.com\/en\/wp-json\/wp\/v2\/media?parent=12726"}],"wp:term":[{"taxonomy":"product_brand","embeddable":true,"href":"https:\/\/idea-wood.com\/en\/wp-json\/wp\/v2\/product_brand?post=12726"},{"taxonomy":"product_cat","embeddable":true,"href":"https:\/\/idea-wood.com\/en\/wp-json\/wp\/v2\/product_cat?post=12726"},{"taxonomy":"product_tag","embeddable":true,"href":"https:\/\/idea-wood.com\/en\/wp-json\/wp\/v2\/product_tag?post=12726"}],"curies":[{"name":"wp","href":"https:\/\/api.w.org\/{rel}","templated":true}]}}