{"id":12731,"date":"2025-04-10T16:48:50","date_gmt":"2025-04-10T13:48:50","guid":{"rendered":"https:\/\/idea-wood.com\/?post_type=product&#038;p=12731"},"modified":"2026-05-05T14:11:11","modified_gmt":"2026-05-05T11:11:11","slug":"kestane-kesme-tahtalari","status":"publish","type":"product","link":"https:\/\/idea-wood.com\/en\/product\/kestane-kesme-tahtalari\/","title":{"rendered":"Kestane Kesme Tahtalar\u0131"},"content":{"rendered":"<p><strong>Kestane Kesme Tahtas\u0131 ve Modelleri<\/strong><\/p>\n<p>F\u0131r\u0131nlanm\u0131\u015f Kestane A\u011fac\u0131 ile mutfa\u011f\u0131n\u0131z\u0131na de\u011fer kat\u0131n.<\/p>\n<p>Do\u011fal ah\u015fap \u00fcr\u00fcn\u00fcn s\u0131cakl\u0131\u011f\u0131n\u0131 evinize ta\u015f\u0131mak istiyoruz.<\/p>\n<p><strong><br \/>\n\u00dcr\u00fcn \u00d6l\u00e7\u00fcleri:<br \/>\n<\/strong>Muhtelif ebatlarla mutfa\u011f\u0131n\u0131za haz\u0131rd\u0131r.<\/p>\n<p>&nbsp;<\/p>\n<p><strong>B\u0130LG\u0130LEND\u0130RME:<\/strong>\u00a0Ki\u015fiye \u00f6zel \u00f6l\u00e7\u00fc ve modellerde \u00fcretim i\u00e7in bizimle ileti\u015fime ge\u00e7ebilirsiniz.<\/p>\n<p><strong>\u00dcr\u00fcn Bilgisi:<\/strong><br \/>\nF\u0131r\u0131nlanm\u0131\u015f %100 Kestane A\u011fac\u0131ndan kesme tahtas\u0131 ( Tek Par\u00e7a )<br \/>\nKimyasal i\u00e7ermeyen \u00f6zel do\u011fal ya\u011f ile koruma.<\/p>\n<p><strong><br \/>\nTeslimat:<\/strong><\/p>\n<p>Ankara i\u00e7i \u00fccretsiz teslimat ve kurulum avantaj\u0131 ile sizlere hizmet veriyoruz.<\/p>\n<p>Sizlere \u00f6zel \u00fcretimimiz ile sadece 4-6 Hafta ile hayalinize kavu\u015fturuyoruz.<\/p>","protected":false},"excerpt":{"rendered":"<p>Kestane Kesme Tahtas\u0131 ve Modelleri F\u0131r\u0131nlanm\u0131\u015f Kestane A\u011fac\u0131 ile mutfa\u011f\u0131n\u0131z\u0131na de\u011fer kat\u0131n. Do\u011fal ah\u015fap \u00fcr\u00fcn\u00fcn s\u0131cakl\u0131\u011f\u0131n\u0131 evinize ta\u015f\u0131mak istiyoruz. \u00dcr\u00fcn \u00d6l\u00e7\u00fcleri: Muhtelif ebatlarla mutfa\u011f\u0131n\u0131za haz\u0131rd\u0131r. &nbsp; B\u0130LG\u0130LEND\u0130RME:\u00a0Ki\u015fiye \u00f6zel \u00f6l\u00e7\u00fc ve modellerde \u00fcretim i\u00e7in bizimle ileti\u015fime ge\u00e7ebilirsiniz. \u00dcr\u00fcn Bilgisi: F\u0131r\u0131nlanm\u0131\u015f %100 Kestane A\u011fac\u0131ndan kesme tahtas\u0131 ( Tek Par\u00e7a ) Kimyasal i\u00e7ermeyen \u00f6zel do\u011fal ya\u011f ile koruma. [&hellip;]<\/p>","protected":false},"featured_media":14243,"comment_status":"closed","ping_status":"closed","template":"","meta":{"_joinchat":[]},"product_brand":[],"product_cat":[15,221],"product_tag":[267,344,345,346,343,347,348],"class_list":{"0":"post-12731","1":"product","2":"type-product","3":"status-publish","4":"has-post-thumbnail","6":"product_cat-genel","7":"product_cat-sunum-tahtalari","8":"product_tag-kestane","9":"product_tag-kestane-kesme-tahta","10":"product_tag-kestane-kestane-tahtasi","11":"product_tag-kestane-kutuk-kesme-tahta","12":"product_tag-kestane-tahta","13":"product_tag-kutuk-kesme-tahta","14":"product_tag-kutuk-panel","16":"first","17":"instock","18":"taxable","19":"shipping-taxable","20":"product-type-simple"},"_links":{"self":[{"href":"https:\/\/idea-wood.com\/en\/wp-json\/wp\/v2\/product\/12731","targetHints":{"allow":["GET"]}}],"collection":[{"href":"https:\/\/idea-wood.com\/en\/wp-json\/wp\/v2\/product"}],"about":[{"href":"https:\/\/idea-wood.com\/en\/wp-json\/wp\/v2\/types\/product"}],"replies":[{"embeddable":true,"href":"https:\/\/idea-wood.com\/en\/wp-json\/wp\/v2\/comments?post=12731"}],"version-history":[{"count":2,"href":"https:\/\/idea-wood.com\/en\/wp-json\/wp\/v2\/product\/12731\/revisions"}],"predecessor-version":[{"id":14244,"href":"https:\/\/idea-wood.com\/en\/wp-json\/wp\/v2\/product\/12731\/revisions\/14244"}],"wp:featuredmedia":[{"embeddable":true,"href":"https:\/\/idea-wood.com\/en\/wp-json\/wp\/v2\/media\/14243"}],"wp:attachment":[{"href":"https:\/\/idea-wood.com\/en\/wp-json\/wp\/v2\/media?parent=12731"}],"wp:term":[{"taxonomy":"product_brand","embeddable":true,"href":"https:\/\/idea-wood.com\/en\/wp-json\/wp\/v2\/product_brand?post=12731"},{"taxonomy":"product_cat","embeddable":true,"href":"https:\/\/idea-wood.com\/en\/wp-json\/wp\/v2\/product_cat?post=12731"},{"taxonomy":"product_tag","embeddable":true,"href":"https:\/\/idea-wood.com\/en\/wp-json\/wp\/v2\/product_tag?post=12731"}],"curies":[{"name":"wp","href":"https:\/\/api.w.org\/{rel}","templated":true}]}}