{"id":12774,"date":"2025-04-11T10:21:43","date_gmt":"2025-04-11T07:21:43","guid":{"rendered":"https:\/\/idea-wood.com\/?post_type=product&#038;p=12774"},"modified":"2026-04-27T08:15:41","modified_gmt":"2026-04-27T05:15:41","slug":"ceviz-dogal-kenar-orta-sehpa","status":"publish","type":"product","link":"https:\/\/idea-wood.com\/en\/product\/ceviz-dogal-kenar-orta-sehpa\/","title":{"rendered":"Natura Ceviz Orta Sehpa"},"content":{"rendered":"<p><strong>Natura Ceviz Orta Sehpa Konsol\u00a0 (Do\u011fal Yuvarlak K\u00fct\u00fck)<\/strong><\/p>\n<p>Ceviz A\u011fac\u0131n\u0131n Premium havas\u0131n\u0131 evinize ta\u015f\u0131y\u0131n.<br \/>\nDo\u011fal ah\u015fap \u00fcr\u00fcn\u00fcn s\u0131cakl\u0131\u011f\u0131n\u0131 evinize ta\u015f\u0131mak istiyoruz.<\/p>\n<p><strong><br \/>\n\u00dcr\u00fcn \u00d6l\u00e7\u00fcleri:<\/strong><\/p>\n<p>\u00c7ap: 55<\/p>\n<p><strong>B\u0130LG\u0130LEND\u0130RME:<\/strong>\u00a0Ki\u015fiye \u00f6zel \u00f6l\u00e7\u00fc ve modellerde \u00fcretim i\u00e7in bizimle ileti\u015fime ge\u00e7ebilirsiniz.<\/p>\n<p><strong><br \/>\n\u00dcr\u00fcn Bilgisi:<\/strong><br \/>\nF\u0131r\u0131nlanm\u0131\u015f %100 Ceviz A\u011fac\u0131ndan \u00fcst tabla.<br \/>\n%100 Sedir a\u011fac\u0131ndan \u00fcretilmi\u015f torna ayak.<br \/>\nKimyasal i\u00e7ermeyen \u00f6zel do\u011fal ya\u011f ile koruma.<\/p>\n<p><strong><br \/>\nTeslimat:<\/strong><\/p>\n<p>Ankara i\u00e7i \u00fccretsiz teslimat ve kurulum avantaj\u0131 ile sizlere hizmet veriyoruz.<\/p>\n<p>Sizlere \u00f6zel \u00fcretimimiz ile sadece 4-6 Hafta ile hayalinize kavu\u015fturuyoruz.<\/p>","protected":false},"excerpt":{"rendered":"<p>Natura Ceviz Orta Sehpa Konsol\u00a0 (Do\u011fal Yuvarlak K\u00fct\u00fck) Ceviz A\u011fac\u0131n\u0131n Premium havas\u0131n\u0131 evinize ta\u015f\u0131y\u0131n. Do\u011fal ah\u015fap \u00fcr\u00fcn\u00fcn s\u0131cakl\u0131\u011f\u0131n\u0131 evinize ta\u015f\u0131mak istiyoruz. \u00dcr\u00fcn \u00d6l\u00e7\u00fcleri: \u00c7ap: 55 B\u0130LG\u0130LEND\u0130RME:\u00a0Ki\u015fiye \u00f6zel \u00f6l\u00e7\u00fc ve modellerde \u00fcretim i\u00e7in bizimle ileti\u015fime ge\u00e7ebilirsiniz. \u00dcr\u00fcn Bilgisi: F\u0131r\u0131nlanm\u0131\u015f %100 Ceviz A\u011fac\u0131ndan \u00fcst tabla. %100 Sedir a\u011fac\u0131ndan \u00fcretilmi\u015f torna ayak. Kimyasal i\u00e7ermeyen \u00f6zel do\u011fal ya\u011f ile [&hellip;]<\/p>","protected":false},"featured_media":14199,"comment_status":"closed","ping_status":"closed","template":"","meta":{"_joinchat":[]},"product_brand":[],"product_cat":[15,218],"product_tag":[292,303,298,297,300,299,293,296,295,294,305,302,301,290,291,304],"class_list":{"0":"post-12774","1":"product","2":"type-product","3":"status-publish","4":"has-post-thumbnail","6":"product_cat-genel","7":"product_cat-sehpa","8":"product_tag-ahsap-kutuk-sehpa","9":"product_tag-ceviz-mobilya","10":"product_tag-ceviz-orta-sehpa","11":"product_tag-ceviz-sehpa","12":"product_tag-dogal-orta-sehpa","13":"product_tag-dogal-sehpa","14":"product_tag-firinlanmis-kutuk-sehpa","15":"product_tag-firinli-ahsap-sehpa","16":"product_tag-firinli-ceviz","17":"product_tag-firinli-ceviz-mobilya","18":"product_tag-keen-dry-walnut","19":"product_tag-kutugumsu-dogal-sehpa","20":"product_tag-kutugumsu-sehpa","21":"product_tag-kutuk-sehpa","22":"product_tag-sehpa","23":"product_tag-walnut-furniture","25":"first","26":"instock","27":"taxable","28":"shipping-taxable","29":"product-type-simple"},"_links":{"self":[{"href":"https:\/\/idea-wood.com\/en\/wp-json\/wp\/v2\/product\/12774","targetHints":{"allow":["GET"]}}],"collection":[{"href":"https:\/\/idea-wood.com\/en\/wp-json\/wp\/v2\/product"}],"about":[{"href":"https:\/\/idea-wood.com\/en\/wp-json\/wp\/v2\/types\/product"}],"replies":[{"embeddable":true,"href":"https:\/\/idea-wood.com\/en\/wp-json\/wp\/v2\/comments?post=12774"}],"version-history":[{"count":4,"href":"https:\/\/idea-wood.com\/en\/wp-json\/wp\/v2\/product\/12774\/revisions"}],"predecessor-version":[{"id":14206,"href":"https:\/\/idea-wood.com\/en\/wp-json\/wp\/v2\/product\/12774\/revisions\/14206"}],"wp:featuredmedia":[{"embeddable":true,"href":"https:\/\/idea-wood.com\/en\/wp-json\/wp\/v2\/media\/14199"}],"wp:attachment":[{"href":"https:\/\/idea-wood.com\/en\/wp-json\/wp\/v2\/media?parent=12774"}],"wp:term":[{"taxonomy":"product_brand","embeddable":true,"href":"https:\/\/idea-wood.com\/en\/wp-json\/wp\/v2\/product_brand?post=12774"},{"taxonomy":"product_cat","embeddable":true,"href":"https:\/\/idea-wood.com\/en\/wp-json\/wp\/v2\/product_cat?post=12774"},{"taxonomy":"product_tag","embeddable":true,"href":"https:\/\/idea-wood.com\/en\/wp-json\/wp\/v2\/product_tag?post=12774"}],"curies":[{"name":"wp","href":"https:\/\/api.w.org\/{rel}","templated":true}]}}