{"id":12800,"date":"2025-04-15T10:58:28","date_gmt":"2025-04-15T07:58:28","guid":{"rendered":"https:\/\/idea-wood.com\/?post_type=product&#038;p=12800"},"modified":"2026-04-23T10:00:33","modified_gmt":"2026-04-23T07:00:33","slug":"loft-tv-unitesi-2","status":"publish","type":"product","link":"https:\/\/idea-wood.com\/en\/product\/loft-tv-unitesi-2\/","title":{"rendered":"Loft Tv \u00dcnitesi"},"content":{"rendered":"<p><strong>Me\u015fe Loft Tv \u00dcnitesi<\/strong><\/p>\n<p>F\u0131r\u0131nlanm\u0131\u015f Me\u015fe A\u011fac\u0131n\u0131n Prestiji ile tan\u0131\u015f\u0131n.<\/p>\n<p>Do\u011fal ah\u015fap \u00fcr\u00fcn\u00fcn s\u0131cakl\u0131\u011f\u0131n\u0131 evinize ta\u015f\u0131mak istiyoruz.<\/p>\n<p><strong><br \/>\n\u00dcr\u00fcn \u00d6l\u00e7\u00fcleri:<\/strong><\/p>\n<p>Boy: 200<\/p>\n<p>Derinlik: 50<br \/>\n<strong><br \/>\nB\u0130LG\u0130LEND\u0130RME:<\/strong>\u00a0Ki\u015fiye \u00f6zel \u00f6l\u00e7\u00fc ve modellerde \u00fcretim i\u00e7in bizimle ileti\u015fime ge\u00e7ebilirsiniz.<\/p>\n<p><strong>\u00dcr\u00fcn Bilgisi:<\/strong><br \/>\nF\u0131r\u0131nlanm\u0131\u015f %100 Me\u015fe a\u011fac\u0131ndan g\u00f6vde, \u00fcst tabla, raf ve kapaklar.<br \/>\nY\u00fczeyde \u00d6zel desen kabartma i\u015flemeli detaylar.<br \/>\nMetal \u00c7er\u00e7eveler, Metal Kulp ve Metal ayak.<br \/>\nY\u00fczeyde \u00d6zel desen kabartma i\u015flemeli detaylar<br \/>\nKimyasal i\u00e7ermeyen \u00f6zel do\u011fal ya\u011f ile koruma.<\/p>\n<p><strong><br \/>\nTeslimat:<\/strong><\/p>\n<p>Ankara i\u00e7i \u00fccretsiz teslimat ve kurulum avantaj\u0131 ile sizlere hizmet veriyoruz.<\/p>\n<p>Sizlere \u00f6zel \u00fcretimimiz ile sadece 4-6 Hafta ile hayalinize kavu\u015fturuyoruz.<\/p>","protected":false},"excerpt":{"rendered":"<p>Me\u015fe Loft Tv \u00dcnitesi F\u0131r\u0131nlanm\u0131\u015f Me\u015fe A\u011fac\u0131n\u0131n Prestiji ile tan\u0131\u015f\u0131n. Do\u011fal ah\u015fap \u00fcr\u00fcn\u00fcn s\u0131cakl\u0131\u011f\u0131n\u0131 evinize ta\u015f\u0131mak istiyoruz. \u00dcr\u00fcn \u00d6l\u00e7\u00fcleri: Boy: 200 Derinlik: 50 B\u0130LG\u0130LEND\u0130RME:\u00a0Ki\u015fiye \u00f6zel \u00f6l\u00e7\u00fc ve modellerde \u00fcretim i\u00e7in bizimle ileti\u015fime ge\u00e7ebilirsiniz. \u00dcr\u00fcn Bilgisi: F\u0131r\u0131nlanm\u0131\u015f %100 Me\u015fe a\u011fac\u0131ndan g\u00f6vde, \u00fcst tabla, raf ve kapaklar. Y\u00fczeyde \u00d6zel desen kabartma i\u015flemeli detaylar. Metal \u00c7er\u00e7eveler, Metal Kulp [&hellip;]<\/p>","protected":false},"featured_media":14170,"comment_status":"closed","ping_status":"closed","template":"","meta":{"_joinchat":[]},"product_brand":[],"product_cat":[15,203],"product_tag":[],"class_list":{"0":"post-12800","1":"product","2":"type-product","3":"status-publish","4":"has-post-thumbnail","6":"product_cat-genel","7":"product_cat-tv-unitesi","9":"first","10":"instock","11":"taxable","12":"shipping-taxable","13":"product-type-simple"},"_links":{"self":[{"href":"https:\/\/idea-wood.com\/en\/wp-json\/wp\/v2\/product\/12800","targetHints":{"allow":["GET"]}}],"collection":[{"href":"https:\/\/idea-wood.com\/en\/wp-json\/wp\/v2\/product"}],"about":[{"href":"https:\/\/idea-wood.com\/en\/wp-json\/wp\/v2\/types\/product"}],"replies":[{"embeddable":true,"href":"https:\/\/idea-wood.com\/en\/wp-json\/wp\/v2\/comments?post=12800"}],"version-history":[{"count":3,"href":"https:\/\/idea-wood.com\/en\/wp-json\/wp\/v2\/product\/12800\/revisions"}],"predecessor-version":[{"id":14175,"href":"https:\/\/idea-wood.com\/en\/wp-json\/wp\/v2\/product\/12800\/revisions\/14175"}],"wp:featuredmedia":[{"embeddable":true,"href":"https:\/\/idea-wood.com\/en\/wp-json\/wp\/v2\/media\/14170"}],"wp:attachment":[{"href":"https:\/\/idea-wood.com\/en\/wp-json\/wp\/v2\/media?parent=12800"}],"wp:term":[{"taxonomy":"product_brand","embeddable":true,"href":"https:\/\/idea-wood.com\/en\/wp-json\/wp\/v2\/product_brand?post=12800"},{"taxonomy":"product_cat","embeddable":true,"href":"https:\/\/idea-wood.com\/en\/wp-json\/wp\/v2\/product_cat?post=12800"},{"taxonomy":"product_tag","embeddable":true,"href":"https:\/\/idea-wood.com\/en\/wp-json\/wp\/v2\/product_tag?post=12800"}],"curies":[{"name":"wp","href":"https:\/\/api.w.org\/{rel}","templated":true}]}}